{"id":1366,"date":"2024-04-17T10:56:46","date_gmt":"2024-04-17T13:56:46","guid":{"rendered":"https:\/\/www.acquavici.com.br\/?post_type=product&#038;p=1366"},"modified":"2024-04-17T10:57:15","modified_gmt":"2024-04-17T13:57:15","slug":"chave-reguladora-ventilador-de-parede-ventisol-original","status":"publish","type":"product","link":"https:\/\/www.acquavici.com.br\/en\/chave-reguladora-ventilador-de-parede-ventisol-original\/","title":{"rendered":"Chave Reguladora Ventilador De Parede Ventisol &#8211; Original"},"content":{"rendered":"<p>Chave reguladora para ventilador de parede Ventisol &#8211; Bivolt<\/p>\n<p>MODELO NOVO &#8211; Mesma chave do design anterior, por\u00e9m com design mais moderno.<br \/>\nChave Ventilador De Parede Ventisol Bivolt Original<\/p>\n<p>Material: Pl\u00e1stico<br \/>\nPot\u00eancia: B500K<br \/>\nVoltagem: Bivolt ( Atende em 127V e em 220V )<\/p>\n<p>Serve para os modelos:<br \/>\nFalcon &#8211; 60cm<br \/>\nSteel &#8211; 50cm<br \/>\nNew &#8211; 50cm e 60cm<br \/>\nComercial &#8211; 50cm e 60cm<br \/>\nPower &#8211; 70cm<\/p>\n<p>Aten\u00e7\u00e3o Clientes:<br \/>\nA chave de controle est\u00e1 pronta para uso em 220V.<br \/>\nPara usar em 127V, abra a tampa da chave e retire o bloco do conector.<\/p>\n<p>Itens inclusos:<br \/>\n01 Chave Reguladora Ventilador De Parede Ventisol &#8211; Original;<\/p>\n<p>ATEN\u00c7\u00c3O<br \/>\nEnviado com Nota Fiscal.<\/p>\n<p>SOMOS ASSIST\u00caNCIA T\u00c9CNICA AUTORIZADA VENTISOL.<\/p>\n<p>&nbsp;<\/p>","protected":false},"excerpt":{"rendered":"<p>Chave reguladora para ventilador de parede Ventisol &#8211; Bivolt MODELO NOVO &#8211; Mesma chave do design anterior, por\u00e9m com design mais moderno. Chave Ventilador De Parede Ventisol Bivolt Original Material: Pl\u00e1stico Pot\u00eancia: B500K Voltagem: Bivolt ( Atende em 127V e em 220V ) Serve para os modelos: Falcon &#8211; 60cm Steel &#8211; 50cm New &#8211; [&hellip;]<\/p>","protected":false},"featured_media":1461,"comment_status":"open","ping_status":"closed","template":"","meta":[],"product_brand":[],"product_cat":[17],"product_tag":[],"class_list":{"0":"post-1366","1":"product","2":"type-product","3":"status-publish","4":"has-post-thumbnail","6":"product_cat-pecas-em-geral","8":"first","9":"instock","10":"shipping-taxable","11":"purchasable","12":"product-type-simple"},"_links":{"self":[{"href":"https:\/\/www.acquavici.com.br\/en\/wp-json\/wp\/v2\/product\/1366","targetHints":{"allow":["GET"]}}],"collection":[{"href":"https:\/\/www.acquavici.com.br\/en\/wp-json\/wp\/v2\/product"}],"about":[{"href":"https:\/\/www.acquavici.com.br\/en\/wp-json\/wp\/v2\/types\/product"}],"replies":[{"embeddable":true,"href":"https:\/\/www.acquavici.com.br\/en\/wp-json\/wp\/v2\/comments?post=1366"}],"wp:featuredmedia":[{"embeddable":true,"href":"https:\/\/www.acquavici.com.br\/en\/wp-json\/wp\/v2\/media\/1461"}],"wp:attachment":[{"href":"https:\/\/www.acquavici.com.br\/en\/wp-json\/wp\/v2\/media?parent=1366"}],"wp:term":[{"taxonomy":"product_brand","embeddable":true,"href":"https:\/\/www.acquavici.com.br\/en\/wp-json\/wp\/v2\/product_brand?post=1366"},{"taxonomy":"product_cat","embeddable":true,"href":"https:\/\/www.acquavici.com.br\/en\/wp-json\/wp\/v2\/product_cat?post=1366"},{"taxonomy":"product_tag","embeddable":true,"href":"https:\/\/www.acquavici.com.br\/en\/wp-json\/wp\/v2\/product_tag?post=1366"}],"curies":[{"name":"wp","href":"https:\/\/api.w.org\/{rel}","templated":true}]}}