{"id":1367,"date":"2024-04-17T10:56:46","date_gmt":"2024-04-17T13:56:46","guid":{"rendered":"https:\/\/www.acquavici.com.br\/?post_type=product&#038;p=1367"},"modified":"2025-08-19T09:31:27","modified_gmt":"2025-08-19T12:31:27","slug":"fita-de-led-luminaria-ventilador-aliseu-retratil","status":"publish","type":"product","link":"https:\/\/www.acquavici.com.br\/en\/fita-de-led-luminaria-ventilador-aliseu-retratil\/","title":{"rendered":"Fita De Led Lumin\u00e1ria Ventilador Aliseu Retratil"},"content":{"rendered":"<p>Fita de Led Lumin\u00e1ria Ventilador Aliseu Inspire Retr\u00e1til LED24+24X1W *Apenas Fita de LED Luz cor Neutra 4000K + Amarela *SEM DRIVER<\/p>\n<p>Fita de Led da Lumin\u00e1ria Ventilador Aliseu Inspire Retr\u00e1til Driver 127Volts<br \/>\nFita de Led da Lumin\u00e1ria Ventilador Fanaway<br \/>\nFita de LED24+24X1W Luz Cor Neutra + Amarela<\/p>\n<p>* ATEN\u00c7\u00c3O: N\u00c3O ACOMPANHA O Driver 127V DC230 MA &#8211; DRIVER N\u00c3O INCLU\u00cdDO<\/p>\n<p>Itens inclusos:<br \/>\n01 Fita De Led Lumin\u00e1ria Ventilador Aliseu Retratil;<\/p>\n<p>ATEN\u00c7\u00c3O<br \/>\nEnviado com Nota Fiscal.<\/p>\n<p>SOMOS ASSIST\u00caNCIA T\u00c9CNICA AUTORIZADA ALISEU.<\/p>","protected":false},"excerpt":{"rendered":"<p>Fita de Led Lumin\u00e1ria Ventilador Aliseu Inspire Retr\u00e1til LED24+24X1W *Apenas Fita de LED Luz cor Neutra 4000K + Amarela *SEM DRIVER Fita de Led da Lumin\u00e1ria Ventilador Aliseu Inspire Retr\u00e1til Driver 127Volts Fita de Led da Lumin\u00e1ria Ventilador Fanaway Fita de LED24+24X1W Luz Cor Neutra + Amarela * ATEN\u00c7\u00c3O: N\u00c3O ACOMPANHA O Driver 127V DC230 [&hellip;]<\/p>","protected":false},"featured_media":1464,"comment_status":"open","ping_status":"closed","template":"","meta":[],"product_brand":[],"product_cat":[20],"product_tag":[],"class_list":{"0":"post-1367","1":"product","2":"type-product","3":"status-publish","4":"has-post-thumbnail","6":"product_cat-ventilador-de-teto","8":"first","9":"instock","10":"shipping-taxable","11":"purchasable","12":"product-type-simple"},"_links":{"self":[{"href":"https:\/\/www.acquavici.com.br\/en\/wp-json\/wp\/v2\/product\/1367","targetHints":{"allow":["GET"]}}],"collection":[{"href":"https:\/\/www.acquavici.com.br\/en\/wp-json\/wp\/v2\/product"}],"about":[{"href":"https:\/\/www.acquavici.com.br\/en\/wp-json\/wp\/v2\/types\/product"}],"replies":[{"embeddable":true,"href":"https:\/\/www.acquavici.com.br\/en\/wp-json\/wp\/v2\/comments?post=1367"}],"wp:featuredmedia":[{"embeddable":true,"href":"https:\/\/www.acquavici.com.br\/en\/wp-json\/wp\/v2\/media\/1464"}],"wp:attachment":[{"href":"https:\/\/www.acquavici.com.br\/en\/wp-json\/wp\/v2\/media?parent=1367"}],"wp:term":[{"taxonomy":"product_brand","embeddable":true,"href":"https:\/\/www.acquavici.com.br\/en\/wp-json\/wp\/v2\/product_brand?post=1367"},{"taxonomy":"product_cat","embeddable":true,"href":"https:\/\/www.acquavici.com.br\/en\/wp-json\/wp\/v2\/product_cat?post=1367"},{"taxonomy":"product_tag","embeddable":true,"href":"https:\/\/www.acquavici.com.br\/en\/wp-json\/wp\/v2\/product_tag?post=1367"}],"curies":[{"name":"wp","href":"https:\/\/api.w.org\/{rel}","templated":true}]}}