{"id":1368,"date":"2024-04-17T10:56:46","date_gmt":"2024-04-17T13:56:46","guid":{"rendered":"https:\/\/www.acquavici.com.br\/?post_type=product&#038;p=1368"},"modified":"2024-05-31T12:39:28","modified_gmt":"2024-05-31T15:39:28","slug":"controle-remoto-para-ventilador-de-teto-aliseu-terral-127v","status":"publish","type":"product","link":"https:\/\/www.acquavici.com.br\/en\/controle-remoto-para-ventilador-de-teto-aliseu-terral-127v\/","title":{"rendered":"Controle Remoto Para Ventilador De Teto Aliseu Terral 127v"},"content":{"rendered":"<p>Controle Remoto para Ventiladores de teto Aliseu &#8211; Exclusivo para o modelo TERRAL.<br \/>\nDe f\u00e1cil instala\u00e7\u00e3o e desenvolvido para n\u00e3o gerar \u201croncos\u201d ou \u201czumbidos\u201d no motor, ele tamb\u00e9m n\u00e3o produz interfer\u00eancia eletromagn\u00e9tica e tem alta efici\u00eancia el\u00e9trica, mantendo o motor menos aquecido em velocidades m\u00e9dia e m\u00ednima.<\/p>\n<p>Produto de Exclusividade Aliseu.<\/p>\n<p>Caracter\u00edsticas:<br \/>\nDescri\u00e7\u00e3o: Controle remoto;<br \/>\nModelo: IC55 TERRAL;<br \/>\nCompatibilidade: Ventilador de Teto;<br \/>\nModelos compat\u00edveis: Terral;<br \/>\nFabricante: Aliseu;<br \/>\nMaterial: Pl\u00e1stico;<br \/>\nDimens\u00e3o aproximadas: Altura 10,0 cm x Largura 4,0 cm;<br \/>\nPeso embalagem: 0,200 kg;<br \/>\nCor: Branco.<\/p>\n<p>Conte\u00fado da embalagem: 01 controle remoto, 01 kit receptor TERRAL com capacitor, 01 bateria e 01 manual de instala\u00e7\u00e3o, 01 suporte de controle.<\/p>\n<p>Garantia de 06 meses contra defeitos de fabrica\u00e7\u00e3o.<\/p>\n<p>OBS: N\u00c3O COMPAT\u00cdVEL COM O MODELO TERRAL ECO (CONTROLE DE CINCO VELOCIDADES).<\/p>\n<p>Itens inclusos:<br \/>\n1 Controle Remoto Para Ventilador De Teto Aliseu Terral 127v;<br \/>\n1 Manual de Instru\u00e7\u00f5es;<\/p>\n<p>ATEN\u00c7\u00c3O<br \/>\nEnviado com Nota Fiscal.<\/p>\n<p>SOMOS ASSIST\u00caNCIA T\u00c9CNICA AUTORIZADA ALISEU.<\/p>","protected":false},"excerpt":{"rendered":"<p>Controle Remoto para Ventiladores de teto Aliseu &#8211; Exclusivo para o modelo TERRAL. De f\u00e1cil instala\u00e7\u00e3o e desenvolvido para n\u00e3o gerar \u201croncos\u201d ou \u201czumbidos\u201d no motor, ele tamb\u00e9m n\u00e3o produz interfer\u00eancia eletromagn\u00e9tica e tem alta efici\u00eancia el\u00e9trica, mantendo o motor menos aquecido em velocidades m\u00e9dia e m\u00ednima. Produto de Exclusividade Aliseu. Caracter\u00edsticas: Descri\u00e7\u00e3o: Controle remoto; [&hellip;]<\/p>","protected":false},"featured_media":1466,"comment_status":"open","ping_status":"closed","template":"","meta":[],"product_brand":[],"product_cat":[20],"product_tag":[],"class_list":{"0":"post-1368","1":"product","2":"type-product","3":"status-publish","4":"has-post-thumbnail","6":"product_cat-ventilador-de-teto","8":"first","9":"instock","10":"shipping-taxable","11":"purchasable","12":"product-type-simple"},"_links":{"self":[{"href":"https:\/\/www.acquavici.com.br\/en\/wp-json\/wp\/v2\/product\/1368","targetHints":{"allow":["GET"]}}],"collection":[{"href":"https:\/\/www.acquavici.com.br\/en\/wp-json\/wp\/v2\/product"}],"about":[{"href":"https:\/\/www.acquavici.com.br\/en\/wp-json\/wp\/v2\/types\/product"}],"replies":[{"embeddable":true,"href":"https:\/\/www.acquavici.com.br\/en\/wp-json\/wp\/v2\/comments?post=1368"}],"wp:featuredmedia":[{"embeddable":true,"href":"https:\/\/www.acquavici.com.br\/en\/wp-json\/wp\/v2\/media\/1466"}],"wp:attachment":[{"href":"https:\/\/www.acquavici.com.br\/en\/wp-json\/wp\/v2\/media?parent=1368"}],"wp:term":[{"taxonomy":"product_brand","embeddable":true,"href":"https:\/\/www.acquavici.com.br\/en\/wp-json\/wp\/v2\/product_brand?post=1368"},{"taxonomy":"product_cat","embeddable":true,"href":"https:\/\/www.acquavici.com.br\/en\/wp-json\/wp\/v2\/product_cat?post=1368"},{"taxonomy":"product_tag","embeddable":true,"href":"https:\/\/www.acquavici.com.br\/en\/wp-json\/wp\/v2\/product_tag?post=1368"}],"curies":[{"name":"wp","href":"https:\/\/api.w.org\/{rel}","templated":true}]}}