{"id":1369,"date":"2024-04-17T10:56:47","date_gmt":"2024-04-17T13:56:47","guid":{"rendered":"https:\/\/www.acquavici.com.br\/?post_type=product&#038;p=1369"},"modified":"2024-04-17T10:57:20","modified_gmt":"2024-04-17T13:57:20","slug":"castelo-reparo-registro-gaveta-bruto-1510b-1-1-4-fabrimar-ref-01202","status":"publish","type":"product","link":"https:\/\/www.acquavici.com.br\/en\/castelo-reparo-registro-gaveta-bruto-1510b-1-1-4-fabrimar-ref-01202\/","title":{"rendered":"Castelo Reparo Registro Gaveta Bruto 1510b 1.1\/4 Fabrimar ref 01202"},"content":{"rendered":"<p>Castelo Reparo P\/ Registro Gaveta Bruto 1510B 1.1\/4 Fabrimar<\/p>\n<p>Pe\u00e7a de resposi\u00e7\u00e3o original Fabrimar ref. 01202<\/p>\n<p>Aten\u00e7\u00e3o para as medidas, evite trocas desnecess\u00e1rias, qualquer d\u00favida \u00e9 s\u00f3 perguntar.<\/p>\n<p>Itens inclusos:<br \/>\n1 Castelo Reparo Registro Gaveta Bruto 1510b 1.1\/4 Fabrimar;<\/p>\n<p>ATEN\u00c7\u00c3O<br \/>\nEnviado com Nota Fiscal.<\/p>","protected":false},"excerpt":{"rendered":"<p>Castelo Reparo P\/ Registro Gaveta Bruto 1510B 1.1\/4 Fabrimar Pe\u00e7a de resposi\u00e7\u00e3o original Fabrimar ref. 01202 Aten\u00e7\u00e3o para as medidas, evite trocas desnecess\u00e1rias, qualquer d\u00favida \u00e9 s\u00f3 perguntar. Itens inclusos: 1 Castelo Reparo Registro Gaveta Bruto 1510b 1.1\/4 Fabrimar; ATEN\u00c7\u00c3O Enviado com Nota Fiscal.<\/p>","protected":false},"featured_media":1470,"comment_status":"open","ping_status":"closed","template":"","meta":[],"product_brand":[],"product_cat":[24,17],"product_tag":[],"class_list":{"0":"post-1369","1":"product","2":"type-product","3":"status-publish","4":"has-post-thumbnail","6":"product_cat-duchas-chuveiros","7":"product_cat-pecas-em-geral","9":"first","10":"instock","11":"shipping-taxable","12":"purchasable","13":"product-type-simple"},"_links":{"self":[{"href":"https:\/\/www.acquavici.com.br\/en\/wp-json\/wp\/v2\/product\/1369","targetHints":{"allow":["GET"]}}],"collection":[{"href":"https:\/\/www.acquavici.com.br\/en\/wp-json\/wp\/v2\/product"}],"about":[{"href":"https:\/\/www.acquavici.com.br\/en\/wp-json\/wp\/v2\/types\/product"}],"replies":[{"embeddable":true,"href":"https:\/\/www.acquavici.com.br\/en\/wp-json\/wp\/v2\/comments?post=1369"}],"wp:featuredmedia":[{"embeddable":true,"href":"https:\/\/www.acquavici.com.br\/en\/wp-json\/wp\/v2\/media\/1470"}],"wp:attachment":[{"href":"https:\/\/www.acquavici.com.br\/en\/wp-json\/wp\/v2\/media?parent=1369"}],"wp:term":[{"taxonomy":"product_brand","embeddable":true,"href":"https:\/\/www.acquavici.com.br\/en\/wp-json\/wp\/v2\/product_brand?post=1369"},{"taxonomy":"product_cat","embeddable":true,"href":"https:\/\/www.acquavici.com.br\/en\/wp-json\/wp\/v2\/product_cat?post=1369"},{"taxonomy":"product_tag","embeddable":true,"href":"https:\/\/www.acquavici.com.br\/en\/wp-json\/wp\/v2\/product_tag?post=1369"}],"curies":[{"name":"wp","href":"https:\/\/api.w.org\/{rel}","templated":true}]}}