{"id":1427,"date":"2024-04-17T10:57:08","date_gmt":"2024-04-17T13:57:08","guid":{"rendered":"https:\/\/www.acquavici.com.br\/?post_type=product&#038;p=1427"},"modified":"2025-05-26T10:18:42","modified_gmt":"2025-05-26T13:18:42","slug":"torneira-banheiro-parede-automatica-cromado-acquapress-fabrimar-ref-1182","status":"publish","type":"product","link":"https:\/\/www.acquavici.com.br\/en\/torneira-banheiro-parede-automatica-cromado-acquapress-fabrimar-ref-1182\/","title":{"rendered":"Torneira Banheiro\/Parede Autom\u00e1tica Cromado Acquapress Fabrimar  Ref 1182"},"content":{"rendered":"<p>A torneira de parede para banho Fabrimar Acquapress autom\u00e1tica possui acionamento manual e fechamento autom\u00e1tico que reduzem o desperd\u00edcio.<br \/>\nFeita em lat\u00e3o com acabamento cromado.<\/p>\n<p>Itens inclusos:<br \/>\n1 Torneira Banheiro\/Parede Autom\u00e1tica Cromado Acquapress Fabrimar Ref 1182;<\/p>\n<p>ATEN\u00c7\u00c3O<br \/>\nEnviado com Nota Fiscal.<\/p>\n<p>&nbsp;<\/p>","protected":false},"excerpt":{"rendered":"<p>A torneira de parede para banho Fabrimar Acquapress autom\u00e1tica possui acionamento manual e fechamento autom\u00e1tico que reduzem o desperd\u00edcio. Feita em lat\u00e3o com acabamento cromado. Itens inclusos: 1 Torneira Banheiro\/Parede Autom\u00e1tica Cromado Acquapress Fabrimar Ref 1182; ATEN\u00c7\u00c3O Enviado com Nota Fiscal. &nbsp;<\/p>","protected":false},"featured_media":1477,"comment_status":"open","ping_status":"closed","template":"","meta":[],"product_brand":[],"product_cat":[19],"product_tag":[],"class_list":{"0":"post-1427","1":"product","2":"type-product","3":"status-publish","4":"has-post-thumbnail","6":"product_cat-torneiras","8":"first","9":"outofstock","10":"shipping-taxable","11":"purchasable","12":"product-type-simple"},"_links":{"self":[{"href":"https:\/\/www.acquavici.com.br\/en\/wp-json\/wp\/v2\/product\/1427","targetHints":{"allow":["GET"]}}],"collection":[{"href":"https:\/\/www.acquavici.com.br\/en\/wp-json\/wp\/v2\/product"}],"about":[{"href":"https:\/\/www.acquavici.com.br\/en\/wp-json\/wp\/v2\/types\/product"}],"replies":[{"embeddable":true,"href":"https:\/\/www.acquavici.com.br\/en\/wp-json\/wp\/v2\/comments?post=1427"}],"wp:featuredmedia":[{"embeddable":true,"href":"https:\/\/www.acquavici.com.br\/en\/wp-json\/wp\/v2\/media\/1477"}],"wp:attachment":[{"href":"https:\/\/www.acquavici.com.br\/en\/wp-json\/wp\/v2\/media?parent=1427"}],"wp:term":[{"taxonomy":"product_brand","embeddable":true,"href":"https:\/\/www.acquavici.com.br\/en\/wp-json\/wp\/v2\/product_brand?post=1427"},{"taxonomy":"product_cat","embeddable":true,"href":"https:\/\/www.acquavici.com.br\/en\/wp-json\/wp\/v2\/product_cat?post=1427"},{"taxonomy":"product_tag","embeddable":true,"href":"https:\/\/www.acquavici.com.br\/en\/wp-json\/wp\/v2\/product_tag?post=1427"}],"curies":[{"name":"wp","href":"https:\/\/api.w.org\/{rel}","templated":true}]}}