{"id":1428,"date":"2024-04-17T10:57:08","date_gmt":"2024-04-17T13:57:08","guid":{"rendered":"https:\/\/www.acquavici.com.br\/?post_type=product&#038;p=1428"},"modified":"2024-07-18T12:07:26","modified_gmt":"2024-07-18T15:07:26","slug":"refil-vela-filtro-agua-lorenzetti-acqua-bella-vitale-rv-01","status":"publish","type":"product","link":"https:\/\/www.acquavici.com.br\/en\/refil-vela-filtro-agua-lorenzetti-acqua-bella-vitale-rv-01\/","title":{"rendered":"REFIL VELA FILTRO \u00c1GUA ACQUA BELLA VITALE RV-O1 LORENZETTI"},"content":{"rendered":"<p>O Refil Rv-01 Vela Filtro \u00c1gua da Hidro Filtros \u00e9 crucial para a fam\u00edlia em casa, pois desempenha um papel fundamental na melhoria da qualidade da \u00e1gua. Com suas tr\u00eas etapas de filtragem, ele remove eficientemente impurezas como areia e barro, reduz o cloro atrav\u00e9s do carv\u00e3o ativado e impede a passagem de sedimentos de carv\u00e3o com uma camada de polipropileno. Essa abordagem garante uma \u00e1gua mais limpa, livre de cloro, sabores e odores indesejados, contribuindo para a sa\u00fade e o bem-estar da fam\u00edlia.<\/p>\n<p>Descri\u00e7\u00e3o:<br \/>\nO Refil para Filtro conta com f\u00e1cil troca de refil, basta seguir o manual de instru\u00e7\u00e3o que acompanha o produto. Sua troca \u00e9 recomendada ap\u00f3s 1 mil litros ou 6 meses em m\u00e9dia de uso.<br \/>\nSua capacidade de filtragem se volta para retirada de sujeira e cloro da \u00e1gua. Excelente desempenho e durabilidade.<\/p>\n<p>Marca: Lorenzetti<br \/>\nModelo: RV-01<br \/>\nTroca: 1.000 litros ou 6 meses<\/p>\n<p>Compatibilidade:<br \/>\n&#8211; Acqua Bella &#8211; Purificador com Torneira<br \/>\n&#8211; Acqua Bella &#8211; Purificador com Registro<br \/>\n&#8211; Vitale<\/p>\n<p>Itens Inclusos :<br \/>\n01 Refil Vela Filtro \u00c1gua Lorenzetti Acqua Bella Vitale Rv-01;<\/p>\n<p>ATEN\u00c7\u00c3O<br \/>\nEnviado com Nota Fiscal.<\/p>\n<p>SOMOS ASSIST\u00caNCIA T\u00c9CNICA AUTORIZADA LORENZETTI.<\/p>","protected":false},"excerpt":{"rendered":"<p>O Refil Rv-01 Vela Filtro \u00c1gua da Hidro Filtros \u00e9 crucial para a fam\u00edlia em casa, pois desempenha um papel fundamental na melhoria da qualidade da \u00e1gua. Com suas tr\u00eas etapas de filtragem, ele remove eficientemente impurezas como areia e barro, reduz o cloro atrav\u00e9s do carv\u00e3o ativado e impede a passagem de sedimentos de [&hellip;]<\/p>","protected":false},"featured_media":1478,"comment_status":"open","ping_status":"closed","template":"","meta":[],"product_brand":[],"product_cat":[19],"product_tag":[],"class_list":{"0":"post-1428","1":"product","2":"type-product","3":"status-publish","4":"has-post-thumbnail","6":"product_cat-torneiras","8":"first","9":"instock","10":"shipping-taxable","11":"purchasable","12":"product-type-simple"},"_links":{"self":[{"href":"https:\/\/www.acquavici.com.br\/en\/wp-json\/wp\/v2\/product\/1428","targetHints":{"allow":["GET"]}}],"collection":[{"href":"https:\/\/www.acquavici.com.br\/en\/wp-json\/wp\/v2\/product"}],"about":[{"href":"https:\/\/www.acquavici.com.br\/en\/wp-json\/wp\/v2\/types\/product"}],"replies":[{"embeddable":true,"href":"https:\/\/www.acquavici.com.br\/en\/wp-json\/wp\/v2\/comments?post=1428"}],"wp:featuredmedia":[{"embeddable":true,"href":"https:\/\/www.acquavici.com.br\/en\/wp-json\/wp\/v2\/media\/1478"}],"wp:attachment":[{"href":"https:\/\/www.acquavici.com.br\/en\/wp-json\/wp\/v2\/media?parent=1428"}],"wp:term":[{"taxonomy":"product_brand","embeddable":true,"href":"https:\/\/www.acquavici.com.br\/en\/wp-json\/wp\/v2\/product_brand?post=1428"},{"taxonomy":"product_cat","embeddable":true,"href":"https:\/\/www.acquavici.com.br\/en\/wp-json\/wp\/v2\/product_cat?post=1428"},{"taxonomy":"product_tag","embeddable":true,"href":"https:\/\/www.acquavici.com.br\/en\/wp-json\/wp\/v2\/product_tag?post=1428"}],"curies":[{"name":"wp","href":"https:\/\/api.w.org\/{rel}","templated":true}]}}