{"id":1429,"date":"2024-04-17T10:57:08","date_gmt":"2024-04-17T13:57:08","guid":{"rendered":"https:\/\/www.acquavici.com.br\/?post_type=product&#038;p=1429"},"modified":"2024-07-11T11:23:11","modified_gmt":"2024-07-11T14:23:11","slug":"resistencia-para-aquecedor-versatil-lorenzetti-5500w-220v-755-g","status":"publish","type":"product","link":"https:\/\/www.acquavici.com.br\/en\/resistencia-para-aquecedor-versatil-lorenzetti-5500w-220v-755-g\/","title":{"rendered":"RESISTENCIA AQUECEDOR VERSATIL 220V 5500W LORENZETTI 755 G"},"content":{"rendered":"<p>Resist\u00eancia 5500w Substitui a 6400w 220v Lorenzetti<\/p>\n<p>Nunca coloque uma resist\u00eancia que tenha caracter\u00edsticas diferentes do padr\u00e3o desenvolvido para seu produto.<br \/>\nAs informa\u00e7\u00f5es sobre Voltagem e Pot\u00eancia podem ser encontrados no pr\u00f3prio corpo do produto ou na embalagem do mesmo.<\/p>\n<p>Marca: Lorenzetti<br \/>\nModelo: Aquecedor Vers\u00e1til<br \/>\nRef:\u00a0 755 G<br \/>\nTens\u00e3o: 220v<\/p>\n<p>Aten\u00e7\u00e3o: Antes de efetuar a troca da resist\u00eancia, leia o manual de instru\u00e7\u00f5es, fornecido junto da resist\u00eancia nova e siga as recomenda\u00e7\u00f5es espec\u00edficas para o seu produto.<\/p>\n<p>Itens inclusos:<br \/>\n01 Resist\u00eancia Para Aquecedor Vers\u00e1til Lorenzetti 5500w 220v 755 G;<br \/>\n01 Manual de Instru\u00e7\u00f5es;<\/p>\n<p>ATEN\u00c7\u00c3O<br \/>\nEnviado com Nota Fiscal.<\/p>\n<p>SOMOS ASSIST\u00caNCIA T\u00c9CNICA AUTORIZADA LORENZETTI.<\/p>","protected":false},"excerpt":{"rendered":"<p>Resist\u00eancia 5500w Substitui a 6400w 220v Lorenzetti Nunca coloque uma resist\u00eancia que tenha caracter\u00edsticas diferentes do padr\u00e3o desenvolvido para seu produto. As informa\u00e7\u00f5es sobre Voltagem e Pot\u00eancia podem ser encontrados no pr\u00f3prio corpo do produto ou na embalagem do mesmo. Marca: Lorenzetti Modelo: Aquecedor Vers\u00e1til Ref:\u00a0 755 G Tens\u00e3o: 220v Aten\u00e7\u00e3o: Antes de efetuar a [&hellip;]<\/p>","protected":false},"featured_media":1481,"comment_status":"open","ping_status":"closed","template":"","meta":[],"product_brand":[],"product_cat":[21],"product_tag":[],"class_list":{"0":"post-1429","1":"product","2":"type-product","3":"status-publish","4":"has-post-thumbnail","6":"product_cat-aquecedor-eletrico","8":"first","9":"instock","10":"shipping-taxable","11":"purchasable","12":"product-type-simple"},"_links":{"self":[{"href":"https:\/\/www.acquavici.com.br\/en\/wp-json\/wp\/v2\/product\/1429","targetHints":{"allow":["GET"]}}],"collection":[{"href":"https:\/\/www.acquavici.com.br\/en\/wp-json\/wp\/v2\/product"}],"about":[{"href":"https:\/\/www.acquavici.com.br\/en\/wp-json\/wp\/v2\/types\/product"}],"replies":[{"embeddable":true,"href":"https:\/\/www.acquavici.com.br\/en\/wp-json\/wp\/v2\/comments?post=1429"}],"wp:featuredmedia":[{"embeddable":true,"href":"https:\/\/www.acquavici.com.br\/en\/wp-json\/wp\/v2\/media\/1481"}],"wp:attachment":[{"href":"https:\/\/www.acquavici.com.br\/en\/wp-json\/wp\/v2\/media?parent=1429"}],"wp:term":[{"taxonomy":"product_brand","embeddable":true,"href":"https:\/\/www.acquavici.com.br\/en\/wp-json\/wp\/v2\/product_brand?post=1429"},{"taxonomy":"product_cat","embeddable":true,"href":"https:\/\/www.acquavici.com.br\/en\/wp-json\/wp\/v2\/product_cat?post=1429"},{"taxonomy":"product_tag","embeddable":true,"href":"https:\/\/www.acquavici.com.br\/en\/wp-json\/wp\/v2\/product_tag?post=1429"}],"curies":[{"name":"wp","href":"https:\/\/api.w.org\/{rel}","templated":true}]}}