{"id":1430,"date":"2024-04-17T10:57:09","date_gmt":"2024-04-17T13:57:09","guid":{"rendered":"https:\/\/www.acquavici.com.br\/?post_type=product&#038;p=1430"},"modified":"2025-08-04T13:56:21","modified_gmt":"2025-08-04T16:56:21","slug":"modulo-receptor-terral-para-ventilador-ic55-aliseu-leia-obs","status":"publish","type":"product","link":"https:\/\/www.acquavici.com.br\/en\/modulo-receptor-terral-para-ventilador-ic55-aliseu-leia-obs\/","title":{"rendered":"Modulo Receptor Terral Para Ventilador IC55 Aliseu (leia Obs.)"},"content":{"rendered":"<p>M\u00f3dulo RECEPTOR TERRAL para o ventilador de teto ALISEU<\/p>\n<p>&gt;&gt;OBS. 1 : &gt;&gt;&gt; VENDA s\u00f3 do M\u00f3dulo RECEPTOR TERRAL &lt;&lt;&lt; para substitui\u00e7\u00e3o de quem possui o seu controle remoto com sistema IC55********<\/p>\n<p>&gt;&gt;&gt; Controle Remoto n\u00e3o est\u00e1 incluso neste an\u00fancio&lt;&lt;&lt;.<\/p>\n<p>Marca &#8211; ALISEU<br \/>\nModelo &#8211; IC55<br \/>\nAlimenta\u00e7\u00e3o &#8211; 110v<\/p>\n<p>M\u00f3dulo Receptor para Controle Remoto de Ventilador de teto Aliseu IC55 Terral 127v \u00e9 de f\u00e1cil instala\u00e7\u00e3o \u00e9 compat\u00edvel com modelo: Aliseu Terral<\/p>\n<p>Esse M\u00f3dulo Receptor instalado \u00e9 poss\u00edvel comandar seu ventilador de 2 formas,<br \/>\n&gt; controle de parede tipo A (vendido separado),<br \/>\n&gt;&gt; controle remoto (n\u00e3o est\u00e1 incluso neste anuncio).<\/p>\n<p>Sincronize quantos ventiladores desejar e tenha todos os controles \u00e0 sua m\u00e3o. V\u00e1lido somente para produtos Aliseu.<\/p>\n<p>Caracter\u00edsticas:<br \/>\nVoltagem: 110v<br \/>\nMaterial: Pl\u00e1stico.<br \/>\nDimens\u00e3o aproximadas: A 10 x L 4 cm.<br \/>\nConte\u00fado na embalagem: 1 m\u00f3dulo receptor, 1 capacitor na cor cinza de 3 fio (soldado no m\u00f3dulo)<\/p>\n<p>OBS. 2 :<br \/>\n&gt; Controle N\u00c3O \u00e9 compat\u00edvel com o modelo TERRAL ECO e TERRAL CONFORT .<br \/>\nEle seria comp\u00e1tivel para a linha ECO e CONFORT\u00a0 se efetuar uma nova adapta\u00e7\u00e3o (Troca do Motor e Plafon)<br \/>\nd\u00favidas nos consulte:<\/p>\n<p>&gt;&gt; Venda s\u00f3 do M\u00f3dulo RECEPTOR TERRAL sem o controle remoto.<\/p>\n<p>&gt;Testado e funcionando todas as fun\u00e7\u00f5es.<\/p>\n<p>Fotos reais, \u00e9 exatamente como mostram o produtos sendo adquirido..<\/p>\n<p>Portanto, eu encorajo voc\u00ea a fazer perguntas ANTES DE FINALIZAR sobre a descri\u00e7\u00e3o, condi\u00e7\u00e3o e apar\u00eancia deste item para que n\u00e3o haja confus\u00e3o, falta de comunica\u00e7\u00e3o ou mal-entendido.<\/p>\n<p>Tire todas as suas d\u00favidas antes de finalizar a compra sobre o produto.<\/p>\n<p>S\u00f3 compre se tiver certeza para evitar transtornos.<\/p>\n<p>Itens inclusos:<br \/>\n1 Modulo Receptor Terral Para Ventilador IC55 Aliseu (leia Obs.);<br \/>\n1 Manual de Instru\u00e7\u00f5es;<\/p>\n<p>ATEN\u00c7\u00c3O<br \/>\nEnviado com Nota Fiscal.<\/p>\n<p>SOMOS ASSIST\u00caNCIA T\u00c9CNICA AUTORIZADA ALISEU.<\/p>","protected":false},"excerpt":{"rendered":"<p>M\u00f3dulo RECEPTOR TERRAL para o ventilador de teto ALISEU &gt;&gt;OBS. 1 : &gt;&gt;&gt; VENDA s\u00f3 do M\u00f3dulo RECEPTOR TERRAL &lt;&lt;&lt; para substitui\u00e7\u00e3o de quem possui o seu controle remoto com sistema IC55******** &gt;&gt;&gt; Controle Remoto n\u00e3o est\u00e1 incluso neste an\u00fancio&lt;&lt;&lt;. Marca &#8211; ALISEU Modelo &#8211; IC55 Alimenta\u00e7\u00e3o &#8211; 110v M\u00f3dulo Receptor para Controle Remoto de [&hellip;]<\/p>","protected":false},"featured_media":1466,"comment_status":"open","ping_status":"closed","template":"","meta":[],"product_brand":[],"product_cat":[21],"product_tag":[],"class_list":{"0":"post-1430","1":"product","2":"type-product","3":"status-publish","4":"has-post-thumbnail","6":"product_cat-aquecedor-eletrico","8":"first","9":"instock","10":"shipping-taxable","11":"purchasable","12":"product-type-simple"},"_links":{"self":[{"href":"https:\/\/www.acquavici.com.br\/en\/wp-json\/wp\/v2\/product\/1430","targetHints":{"allow":["GET"]}}],"collection":[{"href":"https:\/\/www.acquavici.com.br\/en\/wp-json\/wp\/v2\/product"}],"about":[{"href":"https:\/\/www.acquavici.com.br\/en\/wp-json\/wp\/v2\/types\/product"}],"replies":[{"embeddable":true,"href":"https:\/\/www.acquavici.com.br\/en\/wp-json\/wp\/v2\/comments?post=1430"}],"wp:featuredmedia":[{"embeddable":true,"href":"https:\/\/www.acquavici.com.br\/en\/wp-json\/wp\/v2\/media\/1466"}],"wp:attachment":[{"href":"https:\/\/www.acquavici.com.br\/en\/wp-json\/wp\/v2\/media?parent=1430"}],"wp:term":[{"taxonomy":"product_brand","embeddable":true,"href":"https:\/\/www.acquavici.com.br\/en\/wp-json\/wp\/v2\/product_brand?post=1430"},{"taxonomy":"product_cat","embeddable":true,"href":"https:\/\/www.acquavici.com.br\/en\/wp-json\/wp\/v2\/product_cat?post=1430"},{"taxonomy":"product_tag","embeddable":true,"href":"https:\/\/www.acquavici.com.br\/en\/wp-json\/wp\/v2\/product_tag?post=1430"}],"curies":[{"name":"wp","href":"https:\/\/api.w.org\/{rel}","templated":true}]}}