{"id":1435,"date":"2024-04-17T10:57:09","date_gmt":"2024-04-17T13:57:09","guid":{"rendered":"https:\/\/www.acquavici.com.br\/?post_type=product&#038;p=1435"},"modified":"2024-04-17T10:57:30","modified_gmt":"2024-04-17T13:57:30","slug":"jogo-helice-3-pas-p-ventilador-teto-aliseu-smart-inspire-black","status":"publish","type":"product","link":"https:\/\/www.acquavici.com.br\/en\/jogo-helice-3-pas-p-ventilador-teto-aliseu-smart-inspire-black\/","title":{"rendered":"Jogo H\u00e9lice 3 P\u00e1s P\/ventilador Teto Aliseu Smart Inspire Black"},"content":{"rendered":"<p>Jogo H\u00e9lice 3 P\u00e1s P\/ventilador Teto Aliseu Smart Inspire<\/p>\n<p>Caracter\u00edsticas:<br \/>\nDescri\u00e7\u00e3o: Conjunto de p\u00e1s<br \/>\nModelo: Smart Inspire<br \/>\nCompatibilidade: Ventilador de Teto<br \/>\nFabricante: Aliseu Tecnologia<br \/>\nCor: Preto<br \/>\nDimens\u00f5es: 30 x 17 cm (Comprimento x Largura)<\/p>\n<p>Itens inclusos:<br \/>\n1 Jogo H\u00e9lice 3 P\u00e1s P\/ventilador Teto Aliseu Smart Inspire Preto;<\/p>\n<p>ATEN\u00c7\u00c3O<br \/>\nEnviado com Nota Fiscal.<\/p>\n<p>SOMOS ASSIST\u00caNCIA T\u00c9CNICA AUTORIZADA ALISEU.<\/p>","protected":false},"excerpt":{"rendered":"<p>Jogo H\u00e9lice 3 P\u00e1s P\/ventilador Teto Aliseu Smart Inspire Caracter\u00edsticas: Descri\u00e7\u00e3o: Conjunto de p\u00e1s Modelo: Smart Inspire Compatibilidade: Ventilador de Teto Fabricante: Aliseu Tecnologia Cor: Preto Dimens\u00f5es: 30 x 17 cm (Comprimento x Largura) Itens inclusos: 1 Jogo H\u00e9lice 3 P\u00e1s P\/ventilador Teto Aliseu Smart Inspire Preto; ATEN\u00c7\u00c3O Enviado com Nota Fiscal. SOMOS ASSIST\u00caNCIA T\u00c9CNICA [&hellip;]<\/p>","protected":false},"featured_media":1495,"comment_status":"open","ping_status":"closed","template":"","meta":[],"product_brand":[],"product_cat":[20],"product_tag":[],"class_list":{"0":"post-1435","1":"product","2":"type-product","3":"status-publish","4":"has-post-thumbnail","6":"product_cat-ventilador-de-teto","8":"first","9":"instock","10":"shipping-taxable","11":"purchasable","12":"product-type-simple"},"_links":{"self":[{"href":"https:\/\/www.acquavici.com.br\/en\/wp-json\/wp\/v2\/product\/1435","targetHints":{"allow":["GET"]}}],"collection":[{"href":"https:\/\/www.acquavici.com.br\/en\/wp-json\/wp\/v2\/product"}],"about":[{"href":"https:\/\/www.acquavici.com.br\/en\/wp-json\/wp\/v2\/types\/product"}],"replies":[{"embeddable":true,"href":"https:\/\/www.acquavici.com.br\/en\/wp-json\/wp\/v2\/comments?post=1435"}],"wp:featuredmedia":[{"embeddable":true,"href":"https:\/\/www.acquavici.com.br\/en\/wp-json\/wp\/v2\/media\/1495"}],"wp:attachment":[{"href":"https:\/\/www.acquavici.com.br\/en\/wp-json\/wp\/v2\/media?parent=1435"}],"wp:term":[{"taxonomy":"product_brand","embeddable":true,"href":"https:\/\/www.acquavici.com.br\/en\/wp-json\/wp\/v2\/product_brand?post=1435"},{"taxonomy":"product_cat","embeddable":true,"href":"https:\/\/www.acquavici.com.br\/en\/wp-json\/wp\/v2\/product_cat?post=1435"},{"taxonomy":"product_tag","embeddable":true,"href":"https:\/\/www.acquavici.com.br\/en\/wp-json\/wp\/v2\/product_tag?post=1435"}],"curies":[{"name":"wp","href":"https:\/\/api.w.org\/{rel}","templated":true}]}}