{"id":1436,"date":"2024-04-17T10:57:09","date_gmt":"2024-04-17T13:57:09","guid":{"rendered":"https:\/\/www.acquavici.com.br\/?post_type=product&#038;p=1436"},"modified":"2024-04-17T10:57:32","modified_gmt":"2024-04-17T13:57:32","slug":"sifao-sanfonado-extensivo-universal-branco-luconi-plasticos","status":"publish","type":"product","link":"https:\/\/www.acquavici.com.br\/en\/sifao-sanfonado-extensivo-universal-branco-luconi-plasticos\/","title":{"rendered":"Sif\u00e3o Sanfonado Extensivo Universal Branco &#8211; Luconi Pl\u00e1sticos"},"content":{"rendered":"<p>Sif\u00e3o Universal F\u00e1cil instala\u00e7\u00e3o!<\/p>\n<p>Dispensa o uso de ferramentas Indicado para instala\u00e7\u00e3o de pias, lavat\u00f3rios e tanques; Produzido em pl\u00e1stico de engenharia polipropileno (PP); Resistente a temperaturas quente e fria Porca pl\u00e1stica Pe\u00e7a \u00fanica evitando vazamentos Diversas situa\u00e7\u00f5es de entrada F\u00e1cil de retirar para limpeza Entradas: 1\u201d, 1.1\/4\u201d e 1.1\/2\u201d Sa\u00eddas de esgoto DN 38, 40, 48 e 50<\/p>","protected":false},"excerpt":{"rendered":"<p>Sif\u00e3o Universal F\u00e1cil instala\u00e7\u00e3o! Dispensa o uso de ferramentas Indicado para instala\u00e7\u00e3o de pias, lavat\u00f3rios e tanques; Produzido em pl\u00e1stico de engenharia polipropileno (PP); Resistente a temperaturas quente e fria Porca pl\u00e1stica Pe\u00e7a \u00fanica evitando vazamentos Diversas situa\u00e7\u00f5es de entrada F\u00e1cil de retirar para limpeza Entradas: 1\u201d, 1.1\/4\u201d e 1.1\/2\u201d Sa\u00eddas de esgoto DN 38, [&hellip;]<\/p>","protected":false},"featured_media":1497,"comment_status":"open","ping_status":"closed","template":"","meta":[],"product_brand":[],"product_cat":[19],"product_tag":[],"class_list":{"0":"post-1436","1":"product","2":"type-product","3":"status-publish","4":"has-post-thumbnail","6":"product_cat-torneiras","8":"first","9":"instock","10":"shipping-taxable","11":"purchasable","12":"product-type-simple"},"_links":{"self":[{"href":"https:\/\/www.acquavici.com.br\/en\/wp-json\/wp\/v2\/product\/1436","targetHints":{"allow":["GET"]}}],"collection":[{"href":"https:\/\/www.acquavici.com.br\/en\/wp-json\/wp\/v2\/product"}],"about":[{"href":"https:\/\/www.acquavici.com.br\/en\/wp-json\/wp\/v2\/types\/product"}],"replies":[{"embeddable":true,"href":"https:\/\/www.acquavici.com.br\/en\/wp-json\/wp\/v2\/comments?post=1436"}],"wp:featuredmedia":[{"embeddable":true,"href":"https:\/\/www.acquavici.com.br\/en\/wp-json\/wp\/v2\/media\/1497"}],"wp:attachment":[{"href":"https:\/\/www.acquavici.com.br\/en\/wp-json\/wp\/v2\/media?parent=1436"}],"wp:term":[{"taxonomy":"product_brand","embeddable":true,"href":"https:\/\/www.acquavici.com.br\/en\/wp-json\/wp\/v2\/product_brand?post=1436"},{"taxonomy":"product_cat","embeddable":true,"href":"https:\/\/www.acquavici.com.br\/en\/wp-json\/wp\/v2\/product_cat?post=1436"},{"taxonomy":"product_tag","embeddable":true,"href":"https:\/\/www.acquavici.com.br\/en\/wp-json\/wp\/v2\/product_tag?post=1436"}],"curies":[{"name":"wp","href":"https:\/\/api.w.org\/{rel}","templated":true}]}}