{"id":1437,"date":"2024-04-17T10:57:10","date_gmt":"2024-04-17T13:57:10","guid":{"rendered":"https:\/\/www.acquavici.com.br\/?post_type=product&#038;p=1437"},"modified":"2024-04-17T10:57:35","modified_gmt":"2024-04-17T13:57:35","slug":"reparo-valvula-entrada-para-caixa-acoplada-lorenzetti-fiori","status":"publish","type":"product","link":"https:\/\/www.acquavici.com.br\/en\/reparo-valvula-entrada-para-caixa-acoplada-lorenzetti-fiori\/","title":{"rendered":"Reparo V\u00e1lvula Entrada Para Caixa Acoplada Lorenzetti Fiori"},"content":{"rendered":"<p>Reparo V\u00e1lvula entrada para caixa acoplada Lorenzetti e Fiori<\/p>\n<p>Compat\u00edvel com caixa acoplada Fiori todos os modelos<\/p>\n<p>Linhas Fiori compat\u00edvel:<br \/>\nJasmin<br \/>\nAlp\u00ednia<br \/>\nAmarilis<br \/>\nFlox<br \/>\nLavanda<br \/>\nL\u00edrio<br \/>\nPrimula Plus<br \/>\nZ\u00ednia<\/p>\n<p>Compat\u00edvel com caixa acoplada Lorenzetti<\/p>\n<p>Linhas Fiori compat\u00edvel:<br \/>\nLoren Like<br \/>\nLoren Luna<br \/>\nSquare<br \/>\nLoren One<br \/>\nLoren Way<\/p>\n<p>Caracter\u00edsticas Material &#8211; Pl\u00e1stico ABS Entrada Universal com regulagem de altura Acompanha tela filtro &#8211; Protege contra as impurezas na \u00e1gua e facilita a manuten\u00e7\u00e3o Abertura diferida &#8211; Economiza \u00e1gua ao liberar a entrada somente ap\u00f3s o t\u00e9rmino da descarga Para alta e baixa press\u00e3o F\u00e1cil instala\u00e7\u00e3o e adaptabilidade Silencioso Fechamento hidr\u00e1ulico (sem choque de golpe de ar\u00edete)A v\u00e1lvula permite o fechamento em um n\u00edvel constante N\u00edvel de \u00e1gua ajust\u00e1vel Fun\u00e7\u00e3o anti-refluxo.<\/p>","protected":false},"excerpt":{"rendered":"<p>Reparo V\u00e1lvula entrada para caixa acoplada Lorenzetti e Fiori Compat\u00edvel com caixa acoplada Fiori todos os modelos Linhas Fiori compat\u00edvel: Jasmin Alp\u00ednia Amarilis Flox Lavanda L\u00edrio Primula Plus Z\u00ednia Compat\u00edvel com caixa acoplada Lorenzetti Linhas Fiori compat\u00edvel: Loren Like Loren Luna Square Loren One Loren Way Caracter\u00edsticas Material &#8211; Pl\u00e1stico ABS Entrada Universal com regulagem [&hellip;]<\/p>","protected":false},"featured_media":1512,"comment_status":"open","ping_status":"closed","template":"","meta":[],"product_brand":[],"product_cat":[17],"product_tag":[],"class_list":{"0":"post-1437","1":"product","2":"type-product","3":"status-publish","4":"has-post-thumbnail","6":"product_cat-pecas-em-geral","8":"first","9":"instock","10":"shipping-taxable","11":"purchasable","12":"product-type-simple"},"_links":{"self":[{"href":"https:\/\/www.acquavici.com.br\/en\/wp-json\/wp\/v2\/product\/1437","targetHints":{"allow":["GET"]}}],"collection":[{"href":"https:\/\/www.acquavici.com.br\/en\/wp-json\/wp\/v2\/product"}],"about":[{"href":"https:\/\/www.acquavici.com.br\/en\/wp-json\/wp\/v2\/types\/product"}],"replies":[{"embeddable":true,"href":"https:\/\/www.acquavici.com.br\/en\/wp-json\/wp\/v2\/comments?post=1437"}],"wp:featuredmedia":[{"embeddable":true,"href":"https:\/\/www.acquavici.com.br\/en\/wp-json\/wp\/v2\/media\/1512"}],"wp:attachment":[{"href":"https:\/\/www.acquavici.com.br\/en\/wp-json\/wp\/v2\/media?parent=1437"}],"wp:term":[{"taxonomy":"product_brand","embeddable":true,"href":"https:\/\/www.acquavici.com.br\/en\/wp-json\/wp\/v2\/product_brand?post=1437"},{"taxonomy":"product_cat","embeddable":true,"href":"https:\/\/www.acquavici.com.br\/en\/wp-json\/wp\/v2\/product_cat?post=1437"},{"taxonomy":"product_tag","embeddable":true,"href":"https:\/\/www.acquavici.com.br\/en\/wp-json\/wp\/v2\/product_tag?post=1437"}],"curies":[{"name":"wp","href":"https:\/\/api.w.org\/{rel}","templated":true}]}}