{"id":1440,"date":"2024-04-17T10:57:10","date_gmt":"2024-04-17T13:57:10","guid":{"rendered":"https:\/\/www.acquavici.com.br\/?post_type=product&#038;p=1440"},"modified":"2025-07-16T13:45:04","modified_gmt":"2025-07-16T16:45:04","slug":"ducha-cardal-luxo-elet-blind-6-500w-220v-inox-aq054-2","status":"publish","type":"product","link":"https:\/\/www.acquavici.com.br\/en\/ducha-cardal-luxo-elet-blind-6-500w-220v-inox-aq054-2\/","title":{"rendered":"Ducha Cardal Luxo Elet. Blind. 6.500w 220v Inox  Aq054\/2"},"content":{"rendered":"<div class=\"ui-vpp-striped-specs\">\n<div class=\"ui-vpp-striped-specs__table\">\n<p>Ducha Cardal Eletr\u00f4nica Luxo Blindada Cromada 6.500W 220V AQ-054\/2<\/p>\n<p>H\u00e1 tempos o banho com \u00e1gua quente deixou de ser simplesmente uma forma de higieniza\u00e7\u00e3o pessoal e passou a ser uma formid\u00e1vel fonte de prazer, aliviando o estresse e proporcionando uma melhor qualidade de vida.<\/p>\n<p>DUCHAS ELETR\u00d4NICAS LUXO se destacam pelo seu estilo moderno, trazendo como resultado o conforto de banhos relaxantes, com efici\u00eancia, economia e seguran\u00e7a.<\/p>\n<p>Descri\u00e7\u00e3o:<br \/>\nMarca: Cardal<br \/>\nModelo: Ducha Eletr\u00f4nica Luxo Blindada (AQ-054\/2)<br \/>\nPot\u00eancia: 6.500W<br \/>\nTens\u00e3o: 220V<br \/>\nCor: Cromada<br \/>\nTipo de Ducha: Eletr\u00f4nica \/ Multidirecional<br \/>\nTipo de resist\u00eancia: Blindada<br \/>\nControle de temperatura: Eletr\u00f4nico de pot\u00eancia<br \/>\nCom ducha manual<\/p>\n<p>Informa\u00e7\u00f5es t\u00e9cnicas:<br \/>\nFia\u00e7\u00e3o M\u00ednima: 6mm\u00b2<br \/>\nDisjuntor: 40 A<br \/>\nPress\u00e3o m\u00ednima de funcionamento: 12 kPa (1,2 m.c.a)<br \/>\nPress\u00e3o m\u00e1xima de funcionamento: 400 kPa (40 m.c.a)<\/p>\n<p>Itens inclusos:<br \/>\n01 Ducha;<br \/>\n01 Canopla de acabamento;<br \/>\n01 Dispositivo redutor;<br \/>\n01 Compensador desviador com anel de borracha;<br \/>\n01 Corpo do crivo;<br \/>\n02 Arruelas de borracha;<br \/>\n01 Mangueira;<br \/>\n01 Ducha manual;<br \/>\n01 Suporte da Ducha manual;<br \/>\n01 Suporte da mangueira;<br \/>\n03 Parafusos com buchas pl\u00e1sticas;<br \/>\n01 Manual de Instru\u00e7\u00f5es;<\/p>\n<p>ATEN\u00c7\u00c3O<br \/>\nEnviado com Nota Fiscal.<\/p>\n<p>SOMOS ASSIST\u00caNCIA T\u00c9CNICA AUTORIZADA CARDAL.<\/p>\n<\/div>\n<\/div>\n<div class=\"ui-vpp-striped-specs\"><\/div>","protected":false},"excerpt":{"rendered":"<p>Ducha Cardal Eletr\u00f4nica Luxo Blindada Cromada 6.500W 220V AQ-054\/2 H\u00e1 tempos o banho com \u00e1gua quente deixou de ser simplesmente uma forma de higieniza\u00e7\u00e3o pessoal e passou a ser uma formid\u00e1vel fonte de prazer, aliviando o estresse e proporcionando uma melhor qualidade de vida. DUCHAS ELETR\u00d4NICAS LUXO se destacam pelo seu estilo moderno, trazendo como [&hellip;]<\/p>","protected":false},"featured_media":1515,"comment_status":"open","ping_status":"closed","template":"","meta":[],"product_brand":[],"product_cat":[24],"product_tag":[],"class_list":{"0":"post-1440","1":"product","2":"type-product","3":"status-publish","4":"has-post-thumbnail","6":"product_cat-duchas-chuveiros","8":"first","9":"instock","10":"shipping-taxable","11":"purchasable","12":"product-type-simple"},"_links":{"self":[{"href":"https:\/\/www.acquavici.com.br\/en\/wp-json\/wp\/v2\/product\/1440","targetHints":{"allow":["GET"]}}],"collection":[{"href":"https:\/\/www.acquavici.com.br\/en\/wp-json\/wp\/v2\/product"}],"about":[{"href":"https:\/\/www.acquavici.com.br\/en\/wp-json\/wp\/v2\/types\/product"}],"replies":[{"embeddable":true,"href":"https:\/\/www.acquavici.com.br\/en\/wp-json\/wp\/v2\/comments?post=1440"}],"wp:featuredmedia":[{"embeddable":true,"href":"https:\/\/www.acquavici.com.br\/en\/wp-json\/wp\/v2\/media\/1515"}],"wp:attachment":[{"href":"https:\/\/www.acquavici.com.br\/en\/wp-json\/wp\/v2\/media?parent=1440"}],"wp:term":[{"taxonomy":"product_brand","embeddable":true,"href":"https:\/\/www.acquavici.com.br\/en\/wp-json\/wp\/v2\/product_brand?post=1440"},{"taxonomy":"product_cat","embeddable":true,"href":"https:\/\/www.acquavici.com.br\/en\/wp-json\/wp\/v2\/product_cat?post=1440"},{"taxonomy":"product_tag","embeddable":true,"href":"https:\/\/www.acquavici.com.br\/en\/wp-json\/wp\/v2\/product_tag?post=1440"}],"curies":[{"name":"wp","href":"https:\/\/api.w.org\/{rel}","templated":true}]}}