{"id":1441,"date":"2024-04-17T10:57:10","date_gmt":"2024-04-17T13:57:10","guid":{"rendered":"https:\/\/www.acquavici.com.br\/?post_type=product&#038;p=1441"},"modified":"2024-04-17T10:57:37","modified_gmt":"2024-04-17T13:57:37","slug":"filtro-para-chuveiro-acqua-star-kit-ducha-916-0021-hidro-filtros-pentair","status":"publish","type":"product","link":"https:\/\/www.acquavici.com.br\/en\/filtro-para-chuveiro-acqua-star-kit-ducha-916-0021-hidro-filtros-pentair\/","title":{"rendered":"Filtro Para Chuveiro Acqua Star Kit Ducha  &#8211; 916-0021 &#8211; HIDRO FILTROS \/ PENTAIR"},"content":{"rendered":"<p>GRANDE A Pentair Hidro Filtros acrescentou um novo produto ao seu mix, o Kit com Filtro e Ducha. O kit vem com Filtro para Chuveiro Pentair e uma ducha met\u00e1lica e pode ser instalado em sistema de aquecimento a g\u00e1s. Ao pensar na praticidade de compra do consumidor, a empresa inseriu no kit uma fita veda rosca para instala\u00e7\u00e3o. Caracter\u00edsticas Com um elemento filtrante em KDF (Kinetic Degradation Fluxion) o Filtro para Chuveiro da Pentair elimina sujeiras s\u00f3lidas como areia e barro, reduz o cloro e retira os metais pesados. O sistema de filtragem \u00e9 livre de aditivos qu\u00edmico e inofensivo a sa\u00fade, tornando seu banho muito mais saud\u00e1vel e seguro. O Kit Filtro com Ducha tamb\u00e9m proporciona outros benef\u00edcios como: Redu\u00e7\u00e3o do cloro entre 30 e 50%;Redu\u00e7\u00e3o de cheiros desagrad\u00e1veis; Reduz a incid\u00eancia de dermatites; Protege quanto \u00e0 rea\u00e7\u00e3o de agentes qu\u00edmicos; Evita irrita\u00e7\u00e3o nos olhos e no nariz; Redu\u00e7\u00e3o de metais pesados presente na \u00e1gua; Mant\u00e9m tratamentos realizados no cabelo por mais tempo. Aplica\u00e7\u00e3o Instala\u00e7\u00e3o no Ponto de Uso (POU) Elemento filtrante:928-0007 &#8211; Refil para Filtro Chuveiro Descritivo T\u00e9cnico Press\u00e3o de opera\u00e7\u00e3o: 4 mca m\u00edn. \/ 40 mca m\u00edn. Temperatura de opera\u00e7\u00e3o: 5oC m\u00edn. \/ 50oC m\u00e1x. Grau de Filtra\u00e7\u00e3o: 5 micra Vaz\u00e3o recomendada: 240l\/h C\u00f3digo de Barras: 7896811103626 Normas e Refer\u00eancias: O uso deste aparelho destina-se a \u00e1guas que atendam a portaria no 2914 do Minist\u00e9rio da Sa\u00fade.<\/p>","protected":false},"excerpt":{"rendered":"<p>GRANDE A Pentair Hidro Filtros acrescentou um novo produto ao seu mix, o Kit com Filtro e Ducha. O kit vem com Filtro para Chuveiro Pentair e uma ducha met\u00e1lica e pode ser instalado em sistema de aquecimento a g\u00e1s. Ao pensar na praticidade de compra do consumidor, a empresa inseriu no kit uma fita [&hellip;]<\/p>","protected":false},"featured_media":1516,"comment_status":"open","ping_status":"closed","template":"","meta":[],"product_brand":[],"product_cat":[24],"product_tag":[],"class_list":{"0":"post-1441","1":"product","2":"type-product","3":"status-publish","4":"has-post-thumbnail","6":"product_cat-duchas-chuveiros","8":"first","9":"instock","10":"shipping-taxable","11":"purchasable","12":"product-type-simple"},"_links":{"self":[{"href":"https:\/\/www.acquavici.com.br\/en\/wp-json\/wp\/v2\/product\/1441","targetHints":{"allow":["GET"]}}],"collection":[{"href":"https:\/\/www.acquavici.com.br\/en\/wp-json\/wp\/v2\/product"}],"about":[{"href":"https:\/\/www.acquavici.com.br\/en\/wp-json\/wp\/v2\/types\/product"}],"replies":[{"embeddable":true,"href":"https:\/\/www.acquavici.com.br\/en\/wp-json\/wp\/v2\/comments?post=1441"}],"wp:featuredmedia":[{"embeddable":true,"href":"https:\/\/www.acquavici.com.br\/en\/wp-json\/wp\/v2\/media\/1516"}],"wp:attachment":[{"href":"https:\/\/www.acquavici.com.br\/en\/wp-json\/wp\/v2\/media?parent=1441"}],"wp:term":[{"taxonomy":"product_brand","embeddable":true,"href":"https:\/\/www.acquavici.com.br\/en\/wp-json\/wp\/v2\/product_brand?post=1441"},{"taxonomy":"product_cat","embeddable":true,"href":"https:\/\/www.acquavici.com.br\/en\/wp-json\/wp\/v2\/product_cat?post=1441"},{"taxonomy":"product_tag","embeddable":true,"href":"https:\/\/www.acquavici.com.br\/en\/wp-json\/wp\/v2\/product_tag?post=1441"}],"curies":[{"name":"wp","href":"https:\/\/api.w.org\/{rel}","templated":true}]}}