{"id":1445,"date":"2024-04-17T10:57:11","date_gmt":"2024-04-17T13:57:11","guid":{"rendered":"https:\/\/www.acquavici.com.br\/?post_type=product&#038;p=1445"},"modified":"2024-04-17T10:57:40","modified_gmt":"2024-04-17T13:57:40","slug":"filtro-para-chuveiro-acqua-star-916-0015-hidro-filtros-pentair","status":"publish","type":"product","link":"https:\/\/www.acquavici.com.br\/en\/filtro-para-chuveiro-acqua-star-916-0015-hidro-filtros-pentair\/","title":{"rendered":"Filtro Para Chuveiro Acqua Star 916-0015  HIDRO FILTROS \/ PENTAIR"},"content":{"rendered":"<p>GRANDE A Pentair Hidro Filtros traz ao Brasil o Filtro para Chuveiro Pentair, produto inovador que tem como fun\u00e7\u00e3o filtrar a \u00e1gua utilizada no banho.<br \/>\nInstalado antes da ducha ou do chuveiro ele proporciona um banho livre de sujeiras e vapores qu\u00edmicos decorrentes do cloro presente na \u00e1gua.<br \/>\nDe f\u00e1cil instala\u00e7\u00e3o ela \u00e9 a solu\u00e7\u00e3o perfeita para um banho muito saud\u00e1vel e livre de impurezas.<br \/>\nCaracter\u00edsticas: Com um elemento filtrante em KDF (Kinetic Degradation Fluxion) o Filtro para Chuveiro da Pentair elimina sujeiras s\u00f3lidas como areia e barro, reduz o cloro e retira os metais pesados.<br \/>\nO sistema de filtragem \u00e9 livre de aditivos qu\u00edmico e inofensivo a sa\u00fade, tornando seu banho muito mais saud\u00e1vel e seguro.<br \/>\nO Filtro para Chuveiro da Pentair tamb\u00e9m proporciona outros benef\u00edcios como:<br \/>\nRedu\u00e7\u00e3o do cloro entre 30 e 50%;<br \/>\nRedu\u00e7\u00e3o de cheiros desagrad\u00e1veis;<br \/>\nReduz a incid\u00eancia de dermatites;<br \/>\nProtege quanto \u00e0 rea\u00e7\u00e3o de agentes qu\u00edmicos;<br \/>\nEvita irrita\u00e7\u00e3o nos olhos e no nariz;<br \/>\nRedu\u00e7\u00e3o de metais pesados presente na \u00e1gua;<br \/>\nMant\u00e9m tratamentos realizados no cabelo por mais tempo.<br \/>\nAplica\u00e7\u00e3o: Instala\u00e7\u00e3o no Ponto de Uso (POU)Antes da Ducha ou Chuveiro Elemento filtrante<br \/>\nRefil para Filtro Chuveiro Descritivo T\u00e9cnico: 916-0015<br \/>\nPress\u00e3o de opera\u00e7\u00e3o: 4 mca m\u00edn. \/ 40 mca m\u00edn.<br \/>\nTemperatura de opera\u00e7\u00e3o: 5oC m\u00edn. \/ 50oC m\u00e1x.<br \/>\nGrau de Filtra\u00e7\u00e3o: 5 micra Vaz\u00e3o: 240 l\/h<br \/>\nDimensionais: Altura: 126 mm Di\u00e2metro: 90 mm Profundidade: 128,5 cm<\/p>\n<p>Itens inclusos:<br \/>\n01 &#8211; Filtro Para Chuveiro Acqua Star 916-0015 HIDRO FILTROS \/ PENTAIR;<\/p>\n<p>ATEN\u00c7\u00c3O<br \/>\nEnviado com Nota Fiscal.<\/p>","protected":false},"excerpt":{"rendered":"<p>GRANDE A Pentair Hidro Filtros traz ao Brasil o Filtro para Chuveiro Pentair, produto inovador que tem como fun\u00e7\u00e3o filtrar a \u00e1gua utilizada no banho. Instalado antes da ducha ou do chuveiro ele proporciona um banho livre de sujeiras e vapores qu\u00edmicos decorrentes do cloro presente na \u00e1gua. De f\u00e1cil instala\u00e7\u00e3o ela \u00e9 a solu\u00e7\u00e3o [&hellip;]<\/p>","protected":false},"featured_media":1526,"comment_status":"open","ping_status":"closed","template":"","meta":[],"product_brand":[],"product_cat":[24],"product_tag":[],"class_list":{"0":"post-1445","1":"product","2":"type-product","3":"status-publish","4":"has-post-thumbnail","6":"product_cat-duchas-chuveiros","8":"first","9":"instock","10":"shipping-taxable","11":"purchasable","12":"product-type-simple"},"_links":{"self":[{"href":"https:\/\/www.acquavici.com.br\/en\/wp-json\/wp\/v2\/product\/1445","targetHints":{"allow":["GET"]}}],"collection":[{"href":"https:\/\/www.acquavici.com.br\/en\/wp-json\/wp\/v2\/product"}],"about":[{"href":"https:\/\/www.acquavici.com.br\/en\/wp-json\/wp\/v2\/types\/product"}],"replies":[{"embeddable":true,"href":"https:\/\/www.acquavici.com.br\/en\/wp-json\/wp\/v2\/comments?post=1445"}],"wp:featuredmedia":[{"embeddable":true,"href":"https:\/\/www.acquavici.com.br\/en\/wp-json\/wp\/v2\/media\/1526"}],"wp:attachment":[{"href":"https:\/\/www.acquavici.com.br\/en\/wp-json\/wp\/v2\/media?parent=1445"}],"wp:term":[{"taxonomy":"product_brand","embeddable":true,"href":"https:\/\/www.acquavici.com.br\/en\/wp-json\/wp\/v2\/product_brand?post=1445"},{"taxonomy":"product_cat","embeddable":true,"href":"https:\/\/www.acquavici.com.br\/en\/wp-json\/wp\/v2\/product_cat?post=1445"},{"taxonomy":"product_tag","embeddable":true,"href":"https:\/\/www.acquavici.com.br\/en\/wp-json\/wp\/v2\/product_tag?post=1445"}],"curies":[{"name":"wp","href":"https:\/\/api.w.org\/{rel}","templated":true}]}}