{"id":1446,"date":"2024-04-17T10:57:11","date_gmt":"2024-04-17T13:57:11","guid":{"rendered":"https:\/\/www.acquavici.com.br\/?post_type=product&#038;p=1446"},"modified":"2024-04-17T10:57:41","modified_gmt":"2024-04-17T13:57:41","slug":"torneira-de-parede-para-cozinha-lorenclub-cr-lorenzetti-1168-c47","status":"publish","type":"product","link":"https:\/\/www.acquavici.com.br\/en\/torneira-de-parede-para-cozinha-lorenclub-cr-lorenzetti-1168-c47\/","title":{"rendered":"Torneira de Parede para Cozinha LorenClub CR Lorenzetti 1168 C47"},"content":{"rendered":"<p>Torneira de Parede para Cozinha LorenClub Lorenzetti 1168 C47<\/p>\n<p>Marca: Lorenzetti<br \/>\nCor: Cromado<br \/>\nLinha: Loren Club<br \/>\nRefer\u00eancia: 1168 C47<br \/>\nAplica\u00e7\u00e3o: Parede<br \/>\nTipo de Material: Pl\u00e1sticos de engenharia<br \/>\nBica m\u00f3vel com arejador articulado<br \/>\nJato de \u00e1gua uniforme<br \/>\nPress\u00e3o de Funcionamento: 40 m.c.a \/ 400 kPa (m\u00e1xima)<\/p>\n<p>Itens inclusos:<br \/>\n01 &#8211; Torneira de Parede para Cozinha LorenClub Lorenzetti 1168 C47;<\/p>\n<p>ATEN\u00c7\u00c3O<br \/>\nEnviado com Nota Fiscal.<\/p>\n<p>SOMOS ASSIST\u00caNCIA T\u00c9CNICA AUTORIZADA LORENZETTI.<\/p>","protected":false},"excerpt":{"rendered":"<p>Torneira de Parede para Cozinha LorenClub Lorenzetti 1168 C47 Marca: Lorenzetti Cor: Cromado Linha: Loren Club Refer\u00eancia: 1168 C47 Aplica\u00e7\u00e3o: Parede Tipo de Material: Pl\u00e1sticos de engenharia Bica m\u00f3vel com arejador articulado Jato de \u00e1gua uniforme Press\u00e3o de Funcionamento: 40 m.c.a \/ 400 kPa (m\u00e1xima) Itens inclusos: 01 &#8211; Torneira de Parede para Cozinha LorenClub [&hellip;]<\/p>","protected":false},"featured_media":1528,"comment_status":"open","ping_status":"closed","template":"","meta":[],"product_brand":[],"product_cat":[19],"product_tag":[],"class_list":{"0":"post-1446","1":"product","2":"type-product","3":"status-publish","4":"has-post-thumbnail","6":"product_cat-torneiras","8":"first","9":"instock","10":"shipping-taxable","11":"purchasable","12":"product-type-simple"},"_links":{"self":[{"href":"https:\/\/www.acquavici.com.br\/en\/wp-json\/wp\/v2\/product\/1446","targetHints":{"allow":["GET"]}}],"collection":[{"href":"https:\/\/www.acquavici.com.br\/en\/wp-json\/wp\/v2\/product"}],"about":[{"href":"https:\/\/www.acquavici.com.br\/en\/wp-json\/wp\/v2\/types\/product"}],"replies":[{"embeddable":true,"href":"https:\/\/www.acquavici.com.br\/en\/wp-json\/wp\/v2\/comments?post=1446"}],"wp:featuredmedia":[{"embeddable":true,"href":"https:\/\/www.acquavici.com.br\/en\/wp-json\/wp\/v2\/media\/1528"}],"wp:attachment":[{"href":"https:\/\/www.acquavici.com.br\/en\/wp-json\/wp\/v2\/media?parent=1446"}],"wp:term":[{"taxonomy":"product_brand","embeddable":true,"href":"https:\/\/www.acquavici.com.br\/en\/wp-json\/wp\/v2\/product_brand?post=1446"},{"taxonomy":"product_cat","embeddable":true,"href":"https:\/\/www.acquavici.com.br\/en\/wp-json\/wp\/v2\/product_cat?post=1446"},{"taxonomy":"product_tag","embeddable":true,"href":"https:\/\/www.acquavici.com.br\/en\/wp-json\/wp\/v2\/product_tag?post=1446"}],"curies":[{"name":"wp","href":"https:\/\/api.w.org\/{rel}","templated":true}]}}