{"id":1447,"date":"2024-04-17T10:57:11","date_gmt":"2024-04-17T13:57:11","guid":{"rendered":"https:\/\/www.acquavici.com.br\/?post_type=product&#038;p=1447"},"modified":"2024-04-17T10:57:42","modified_gmt":"2024-04-17T13:57:42","slug":"torneira-lavatorio-mesa-bica-movel-baixa-1-4-amarelo-durin","status":"publish","type":"product","link":"https:\/\/www.acquavici.com.br\/en\/torneira-lavatorio-mesa-bica-movel-baixa-1-4-amarelo-durin\/","title":{"rendered":"Torneira Lavat\u00f3rio Mesa Bica M\u00f3vel Baixa 1\/4 Amarelo Dur\u00edn"},"content":{"rendered":"<p>Torneira Lavat\u00f3rio Mesa Bica M\u00f3vel Baixa Amarela\/Cromada Abre e Fecha em 1\/4 de Volta Produto 100% ABS, excelente acabamento e resist\u00eancia a impactos.<br \/>\nSistema de veda\u00e7\u00e3o em borracha nitr\u00edlica, proporcionando maior seguran\u00e7a.<br \/>\nDesign moderno com alto brilho, combina com todos ambientes.<br \/>\nAlta resist\u00eancia e vida \u00fatil.<br \/>\nAtende perfeitamente em baixa press\u00e3o.<br \/>\nF\u00e1cil instala\u00e7\u00e3o, n\u00e3o necessita de conex\u00f5es e equipamentos<br \/>\nMarca: (DURIM VIENNA BBAM)<\/p>\n<p>Itens inclusos:<br \/>\n1 -Torneira Lavat\u00f3rio Mesa Bica M\u00f3vel Baixa 1\/4 Amarelo Dur\u00edn;<\/p>\n<p>ATEN\u00c7\u00c3O<br \/>\nEnviado com Nota Fiscal.<\/p>","protected":false},"excerpt":{"rendered":"<p>Torneira Lavat\u00f3rio Mesa Bica M\u00f3vel Baixa Amarela\/Cromada Abre e Fecha em 1\/4 de Volta Produto 100% ABS, excelente acabamento e resist\u00eancia a impactos. Sistema de veda\u00e7\u00e3o em borracha nitr\u00edlica, proporcionando maior seguran\u00e7a. Design moderno com alto brilho, combina com todos ambientes. Alta resist\u00eancia e vida \u00fatil. Atende perfeitamente em baixa press\u00e3o. F\u00e1cil instala\u00e7\u00e3o, n\u00e3o necessita [&hellip;]<\/p>","protected":false},"featured_media":1529,"comment_status":"open","ping_status":"closed","template":"","meta":[],"product_brand":[],"product_cat":[19],"product_tag":[],"class_list":{"0":"post-1447","1":"product","2":"type-product","3":"status-publish","4":"has-post-thumbnail","6":"product_cat-torneiras","8":"first","9":"instock","10":"shipping-taxable","11":"purchasable","12":"product-type-simple"},"_links":{"self":[{"href":"https:\/\/www.acquavici.com.br\/en\/wp-json\/wp\/v2\/product\/1447","targetHints":{"allow":["GET"]}}],"collection":[{"href":"https:\/\/www.acquavici.com.br\/en\/wp-json\/wp\/v2\/product"}],"about":[{"href":"https:\/\/www.acquavici.com.br\/en\/wp-json\/wp\/v2\/types\/product"}],"replies":[{"embeddable":true,"href":"https:\/\/www.acquavici.com.br\/en\/wp-json\/wp\/v2\/comments?post=1447"}],"wp:featuredmedia":[{"embeddable":true,"href":"https:\/\/www.acquavici.com.br\/en\/wp-json\/wp\/v2\/media\/1529"}],"wp:attachment":[{"href":"https:\/\/www.acquavici.com.br\/en\/wp-json\/wp\/v2\/media?parent=1447"}],"wp:term":[{"taxonomy":"product_brand","embeddable":true,"href":"https:\/\/www.acquavici.com.br\/en\/wp-json\/wp\/v2\/product_brand?post=1447"},{"taxonomy":"product_cat","embeddable":true,"href":"https:\/\/www.acquavici.com.br\/en\/wp-json\/wp\/v2\/product_cat?post=1447"},{"taxonomy":"product_tag","embeddable":true,"href":"https:\/\/www.acquavici.com.br\/en\/wp-json\/wp\/v2\/product_tag?post=1447"}],"curies":[{"name":"wp","href":"https:\/\/api.w.org\/{rel}","templated":true}]}}