{"id":1450,"date":"2024-04-17T10:57:11","date_gmt":"2024-04-17T13:57:11","guid":{"rendered":"https:\/\/www.acquavici.com.br\/?post_type=product&#038;p=1450"},"modified":"2024-04-17T10:57:43","modified_gmt":"2024-04-17T13:57:43","slug":"acabamento-para-valvula-de-descarga-square-chrome-cr-docol","status":"publish","type":"product","link":"https:\/\/www.acquavici.com.br\/en\/acabamento-para-valvula-de-descarga-square-chrome-cr-docol\/","title":{"rendered":"Acabamento Para V\u00e1lvula De Descarga Square Chrome CR Docol"},"content":{"rendered":"<p>A Docol, sempre preocupada com o meio ambiente, investiu em pesquisas para que seu processo de utiliza\u00e7\u00e3o da \u00e1gua seja cada vez menor, flex\u00edveis, os Acabamentos podem ser usados em todas as V\u00e1lvulas de Descarga Docol.<\/p>\n<p>Design cl\u00e1ssico que combina perfeitamente com as linhas de metais. Produtos de decora\u00e7\u00e3o n\u00e3o inclusos. Imagens meramente ilustrativas.<\/p>\n<p>Cor: Chrome<br \/>\nMaterial: Metal<br \/>\nLinha: Acabamento VD Square Salv\u00e1gua<br \/>\nAcabamento: Cromado<br \/>\nAmbiente: Banheiro<br \/>\nAltura da Base: 12,5 cm<br \/>\nProfundidade: 4,9 cm<br \/>\nLargura da Base: 10,5 cm<br \/>\nMarca: Docol Conte\u00fado da<br \/>\nembalagem: 1 Acabamento Para V\u00e1lvula<br \/>\nDimens\u00f5es aproximadas da embalagem : 5 x 17 x 21 cm<br \/>\nPeso aproximado da embalagem: 0,4 Kg<br \/>\nInforma\u00e7\u00f5es Adicionais: Pode ser usado em Qualquer V\u00e1lvula compat\u00edvel.<\/p>\n<p>Itens inclusos:<br \/>\n1 -Acabamento Para V\u00e1lvula De Descarga Square Chrome CR Docol;<\/p>\n<p>ATEN\u00c7\u00c3O<br \/>\nEnviado com Nota Fiscal.<\/p>","protected":false},"excerpt":{"rendered":"<p>A Docol, sempre preocupada com o meio ambiente, investiu em pesquisas para que seu processo de utiliza\u00e7\u00e3o da \u00e1gua seja cada vez menor, flex\u00edveis, os Acabamentos podem ser usados em todas as V\u00e1lvulas de Descarga Docol. Design cl\u00e1ssico que combina perfeitamente com as linhas de metais. Produtos de decora\u00e7\u00e3o n\u00e3o inclusos. Imagens meramente ilustrativas. Cor: [&hellip;]<\/p>","protected":false},"featured_media":1533,"comment_status":"open","ping_status":"closed","template":"","meta":[],"product_brand":[],"product_cat":[17],"product_tag":[],"class_list":{"0":"post-1450","1":"product","2":"type-product","3":"status-publish","4":"has-post-thumbnail","6":"product_cat-pecas-em-geral","8":"first","9":"instock","10":"shipping-taxable","11":"purchasable","12":"product-type-simple"},"_links":{"self":[{"href":"https:\/\/www.acquavici.com.br\/en\/wp-json\/wp\/v2\/product\/1450","targetHints":{"allow":["GET"]}}],"collection":[{"href":"https:\/\/www.acquavici.com.br\/en\/wp-json\/wp\/v2\/product"}],"about":[{"href":"https:\/\/www.acquavici.com.br\/en\/wp-json\/wp\/v2\/types\/product"}],"replies":[{"embeddable":true,"href":"https:\/\/www.acquavici.com.br\/en\/wp-json\/wp\/v2\/comments?post=1450"}],"wp:featuredmedia":[{"embeddable":true,"href":"https:\/\/www.acquavici.com.br\/en\/wp-json\/wp\/v2\/media\/1533"}],"wp:attachment":[{"href":"https:\/\/www.acquavici.com.br\/en\/wp-json\/wp\/v2\/media?parent=1450"}],"wp:term":[{"taxonomy":"product_brand","embeddable":true,"href":"https:\/\/www.acquavici.com.br\/en\/wp-json\/wp\/v2\/product_brand?post=1450"},{"taxonomy":"product_cat","embeddable":true,"href":"https:\/\/www.acquavici.com.br\/en\/wp-json\/wp\/v2\/product_cat?post=1450"},{"taxonomy":"product_tag","embeddable":true,"href":"https:\/\/www.acquavici.com.br\/en\/wp-json\/wp\/v2\/product_tag?post=1450"}],"curies":[{"name":"wp","href":"https:\/\/api.w.org\/{rel}","templated":true}]}}