{"id":150,"date":"2024-04-17T10:46:28","date_gmt":"2024-04-17T13:46:28","guid":{"rendered":"https:\/\/www.acquavici.com.br\/?post_type=product&#038;p=150"},"modified":"2025-07-23T13:36:28","modified_gmt":"2025-07-23T16:36:28","slug":"resistencia-blindada-para-aquecedor-cardal-piscina-4-000w-220v-re-127-2","status":"publish","type":"product","link":"https:\/\/www.acquavici.com.br\/en\/resistencia-blindada-para-aquecedor-cardal-piscina-4-000w-220v-re-127-2\/","title":{"rendered":"Resist\u00eancia Blindada Para Aquecedor Cardal Piscina 4.000W 220V RE-127\/2"},"content":{"rendered":"<p>Resist\u00eancia Blindada Para Aquecedor Cardal Piscina Mini 4.000W 220V<\/p>\n<p>Descri\u00e7\u00e3o e informa\u00e7\u00f5es t\u00e9cnicas:<br \/>\nMarca: Cardal<br \/>\nModelo: Resist\u00eancia para Aquecedor de Piscina (RE-127\/2)<br \/>\nPot\u00eancia: 4.000W<br \/>\nTens\u00e3o: 220V<br \/>\nFia\u00e7\u00e3o M\u00ednima: 2,5mm\u00b2<br \/>\nDisjuntor: 20 A<\/p>\n<p>Essa resist\u00eancia \u00e9 compat\u00edvel com:<br \/>\nAquecedor Piscina Compacto;<br \/>\nAquecedor Piscina Digital;<br \/>\nAquecedor Piscina Modular.<\/p>\n<p>Itens inclusos:<\/p>\n<p>1 Resist\u00eancia Blindada Para Aquecedor Cardal Piscina 4.000W 220V RE-127\/2;<br \/>\n1 Manual de Instru\u00e7\u00f5es.<\/p>\n<p>ATEN\u00c7\u00c3O<br \/>\nEnviado com Nota Fiscal<\/p>\n<p>SOMOS ASSIST\u00caNCIA T\u00c9CNICA AUTORIZADA CARDAL.<\/p>","protected":false},"excerpt":{"rendered":"<p>Descri\u00e7\u00e3o e informa\u00e7\u00f5es t\u00e9cnicas:<br \/>\n\u2022 Marca: Cardal<br \/>\n\u2022 Modelo: Resist\u00eancia para Aquecedor de Piscina (RE-127\/2)<br \/>\n\u2022 Pot\u00eancia: 4.000W<br \/>\n\u2022 Tens\u00e3o: 220V<\/p>","protected":false},"featured_media":225,"comment_status":"open","ping_status":"closed","template":"","meta":[],"product_brand":[],"product_cat":[17],"product_tag":[],"class_list":{"0":"post-150","1":"product","2":"type-product","3":"status-publish","4":"has-post-thumbnail","6":"product_cat-pecas-em-geral","8":"first","9":"instock","10":"shipping-taxable","11":"purchasable","12":"product-type-simple"},"_links":{"self":[{"href":"https:\/\/www.acquavici.com.br\/en\/wp-json\/wp\/v2\/product\/150","targetHints":{"allow":["GET"]}}],"collection":[{"href":"https:\/\/www.acquavici.com.br\/en\/wp-json\/wp\/v2\/product"}],"about":[{"href":"https:\/\/www.acquavici.com.br\/en\/wp-json\/wp\/v2\/types\/product"}],"replies":[{"embeddable":true,"href":"https:\/\/www.acquavici.com.br\/en\/wp-json\/wp\/v2\/comments?post=150"}],"wp:featuredmedia":[{"embeddable":true,"href":"https:\/\/www.acquavici.com.br\/en\/wp-json\/wp\/v2\/media\/225"}],"wp:attachment":[{"href":"https:\/\/www.acquavici.com.br\/en\/wp-json\/wp\/v2\/media?parent=150"}],"wp:term":[{"taxonomy":"product_brand","embeddable":true,"href":"https:\/\/www.acquavici.com.br\/en\/wp-json\/wp\/v2\/product_brand?post=150"},{"taxonomy":"product_cat","embeddable":true,"href":"https:\/\/www.acquavici.com.br\/en\/wp-json\/wp\/v2\/product_cat?post=150"},{"taxonomy":"product_tag","embeddable":true,"href":"https:\/\/www.acquavici.com.br\/en\/wp-json\/wp\/v2\/product_tag?post=150"}],"curies":[{"name":"wp","href":"https:\/\/api.w.org\/{rel}","templated":true}]}}