{"id":1503,"date":"2024-04-17T10:57:34","date_gmt":"2024-04-17T13:57:34","guid":{"rendered":"https:\/\/www.acquavici.com.br\/?post_type=product&#038;p=1503"},"modified":"2025-06-11T11:34:10","modified_gmt":"2025-06-11T14:34:10","slug":"torneira-de-mesa-para-cozinha-pratika-1167-fabrimar-com-saida-lateral-cromado-fabrimar","status":"publish","type":"product","link":"https:\/\/www.acquavici.com.br\/en\/torneira-de-mesa-para-cozinha-pratika-1167-fabrimar-com-saida-lateral-cromado-fabrimar\/","title":{"rendered":"Torneira de Mesa para Cozinha Pratika 1167 Fabrimar com Sa\u00edda Lateral Cromado &#8211; FABRIMAR"},"content":{"rendered":"<p>Torneira de Mesa para Cozinha Pratika 1167 Fabrimar com Sa\u00edda Lateral Cromado &#8211; FABRIMAR<\/p>\n<p>A Torneira Pratika possui acionamento atrav\u00e9s do exclusivo sistema de alavanca. Para fixa\u00e7\u00e3o em mesa e ideal para cozinha, possui sa\u00edda lateral que facilita a abertura e o fechamento mesmo com as m\u00e3os ocupadas ou sujas. Pr\u00e1tica e higi\u00eanica, conta com excelente controle do fluxo de \u00e1gua. Para evitar danos, n\u00e3o utilize abrasivos ou qualquer subst\u00e2ncia \u00e1cida para a limpeza dos metais, apenas pano macio e sab\u00e3o.<\/p>","protected":false},"excerpt":{"rendered":"<p>Torneira de Mesa para Cozinha Pratika 1167 Fabrimar com Sa\u00edda Lateral Cromado &#8211; FABRIMAR A Torneira Pratika possui acionamento atrav\u00e9s do exclusivo sistema de alavanca. Para fixa\u00e7\u00e3o em mesa e ideal para cozinha, possui sa\u00edda lateral que facilita a abertura e o fechamento mesmo com as m\u00e3os ocupadas ou sujas. Pr\u00e1tica e higi\u00eanica, conta com [&hellip;]<\/p>","protected":false},"featured_media":1539,"comment_status":"open","ping_status":"closed","template":"","meta":[],"product_brand":[],"product_cat":[19],"product_tag":[],"class_list":{"0":"post-1503","1":"product","2":"type-product","3":"status-publish","4":"has-post-thumbnail","6":"product_cat-torneiras","8":"first","9":"instock","10":"shipping-taxable","11":"purchasable","12":"product-type-simple"},"_links":{"self":[{"href":"https:\/\/www.acquavici.com.br\/en\/wp-json\/wp\/v2\/product\/1503","targetHints":{"allow":["GET"]}}],"collection":[{"href":"https:\/\/www.acquavici.com.br\/en\/wp-json\/wp\/v2\/product"}],"about":[{"href":"https:\/\/www.acquavici.com.br\/en\/wp-json\/wp\/v2\/types\/product"}],"replies":[{"embeddable":true,"href":"https:\/\/www.acquavici.com.br\/en\/wp-json\/wp\/v2\/comments?post=1503"}],"wp:featuredmedia":[{"embeddable":true,"href":"https:\/\/www.acquavici.com.br\/en\/wp-json\/wp\/v2\/media\/1539"}],"wp:attachment":[{"href":"https:\/\/www.acquavici.com.br\/en\/wp-json\/wp\/v2\/media?parent=1503"}],"wp:term":[{"taxonomy":"product_brand","embeddable":true,"href":"https:\/\/www.acquavici.com.br\/en\/wp-json\/wp\/v2\/product_brand?post=1503"},{"taxonomy":"product_cat","embeddable":true,"href":"https:\/\/www.acquavici.com.br\/en\/wp-json\/wp\/v2\/product_cat?post=1503"},{"taxonomy":"product_tag","embeddable":true,"href":"https:\/\/www.acquavici.com.br\/en\/wp-json\/wp\/v2\/product_tag?post=1503"}],"curies":[{"name":"wp","href":"https:\/\/api.w.org\/{rel}","templated":true}]}}