{"id":1504,"date":"2024-04-17T10:57:34","date_gmt":"2024-04-17T13:57:34","guid":{"rendered":"https:\/\/www.acquavici.com.br\/?post_type=product&#038;p=1504"},"modified":"2025-12-19T13:04:38","modified_gmt":"2025-12-19T16:04:38","slug":"driver-receptor-led-aliseu-retratil-bivolt-50-60hz","status":"publish","type":"product","link":"https:\/\/www.acquavici.com.br\/en\/driver-receptor-led-aliseu-retratil-bivolt-50-60hz\/","title":{"rendered":"Driver Receptor Led Aliseu Retr\u00e1til Bivolt &#8211; 50\/60hz"},"content":{"rendered":"<p>Driver para Lumin\u00e1ria LED Aliseu Inspire Retr\u00e1til Bivolt<br \/>\n\u2013 Model: JXY (18+24W)x2<br \/>\n\u2013 Input: Ac85-265V 50\/60HZ<br \/>\nOutput: DC230mAX2 * Apenas Driver Receptor*<\/p>\n<p>*Neste c\u00f3digo Refere-se apenas ao Driver \u2013 veja na imagem*<\/p>\n<p>Itens inclusos:<br \/>\n01 DRIVER RECEPTOR LED ALISEU RETR\u00c1TIL BIVOLT \u2013 50\/60HZ;<\/p>\n<p>ATEN\u00c7\u00c3O<br \/>\nEnviado com Nota Fiscal.<\/p>\n<p>SOMOS ASSIST\u00caNCIA T\u00c9CNICA AUTORIZADA ALISEU.<\/p>","protected":false},"excerpt":{"rendered":"<p>Driver para Lumin\u00e1ria LED Aliseu Inspire Retr\u00e1til Bivolt \u2013 Model: JXY (18+24W)x2 \u2013 Input: Ac85-265V 50\/60HZ Output: DC230mAX2 * Apenas Driver Receptor* *Neste c\u00f3digo Refere-se apenas ao Driver \u2013 veja na imagem* Itens inclusos: 01 DRIVER RECEPTOR LED ALISEU RETR\u00c1TIL BIVOLT \u2013 50\/60HZ; ATEN\u00c7\u00c3O Enviado com Nota Fiscal. SOMOS ASSIST\u00caNCIA T\u00c9CNICA AUTORIZADA ALISEU.<\/p>","protected":false},"featured_media":1542,"comment_status":"open","ping_status":"closed","template":"","meta":[],"product_brand":[],"product_cat":[20],"product_tag":[],"class_list":{"0":"post-1504","1":"product","2":"type-product","3":"status-publish","4":"has-post-thumbnail","6":"product_cat-ventilador-de-teto","8":"first","9":"instock","10":"shipping-taxable","11":"purchasable","12":"product-type-simple"},"_links":{"self":[{"href":"https:\/\/www.acquavici.com.br\/en\/wp-json\/wp\/v2\/product\/1504","targetHints":{"allow":["GET"]}}],"collection":[{"href":"https:\/\/www.acquavici.com.br\/en\/wp-json\/wp\/v2\/product"}],"about":[{"href":"https:\/\/www.acquavici.com.br\/en\/wp-json\/wp\/v2\/types\/product"}],"replies":[{"embeddable":true,"href":"https:\/\/www.acquavici.com.br\/en\/wp-json\/wp\/v2\/comments?post=1504"}],"wp:featuredmedia":[{"embeddable":true,"href":"https:\/\/www.acquavici.com.br\/en\/wp-json\/wp\/v2\/media\/1542"}],"wp:attachment":[{"href":"https:\/\/www.acquavici.com.br\/en\/wp-json\/wp\/v2\/media?parent=1504"}],"wp:term":[{"taxonomy":"product_brand","embeddable":true,"href":"https:\/\/www.acquavici.com.br\/en\/wp-json\/wp\/v2\/product_brand?post=1504"},{"taxonomy":"product_cat","embeddable":true,"href":"https:\/\/www.acquavici.com.br\/en\/wp-json\/wp\/v2\/product_cat?post=1504"},{"taxonomy":"product_tag","embeddable":true,"href":"https:\/\/www.acquavici.com.br\/en\/wp-json\/wp\/v2\/product_tag?post=1504"}],"curies":[{"name":"wp","href":"https:\/\/api.w.org\/{rel}","templated":true}]}}