{"id":1505,"date":"2024-04-17T10:57:35","date_gmt":"2024-04-17T13:57:35","guid":{"rendered":"https:\/\/www.acquavici.com.br\/?post_type=product&#038;p=1505"},"modified":"2024-04-17T10:57:53","modified_gmt":"2024-04-17T13:57:53","slug":"torneira-de-mesa-lavatorio-matic-luxo-cr-forusi-1190","status":"publish","type":"product","link":"https:\/\/www.acquavici.com.br\/en\/torneira-de-mesa-lavatorio-matic-luxo-cr-forusi-1190\/","title":{"rendered":"Torneira de Mesa Lavat\u00f3rio Matic Luxo CR Forusi 1190"},"content":{"rendered":"<p>A Torneira de Mesa para Lavat\u00f3rio Matic Luxo Cromada da Forusi traz toda qualidade e seguran\u00e7a dos produtos da marca.<br \/>\nA torneira \u00e9 ideal para a utiliza\u00e7\u00e3o em lavabo ou em banheiro, possui acabamento cromado e seu acionamento em metal sanit\u00e1rio economizador de \u00e1gua cont\u00e9m temporizador com fechamento autom\u00e1tico, evitando assim o desperd\u00edcio de \u00e1gua.<br \/>\nA Forusi \u00e9 um grupo brasileiro fabricante de produtos voltados para o setor da constru\u00e7\u00e3o civil e est\u00e1 a mais de 40 anos no mercado. Atua em oito segmentos de materiais de constru\u00e7\u00e3o e reforma, com produtos que atendem desde a fase inicial de uma obra at\u00e9 sua finaliza\u00e7\u00e3o. Seus produtos podem ser encontrados em milhares de lares brasileiros e pelo mundo a fora, especialmente, pela qualidade, design e decora\u00e7\u00e3o.<\/p>\n<p>Largura (cm): 4<br \/>\nMarca: Forusi<br \/>\nUso Indicado: Mesa<br \/>\nCor: Cromado<br \/>\nLocal Indicado: Banheiro p\u00fablico<br \/>\nMaterial: Elast\u00f4mero, liga de cobre (lat\u00e3o) e pol\u00edmero<br \/>\nProfundidade (cm): 7<br \/>\nLinha: Matic<br \/>\nGarantia (M\u00eas): 12<br \/>\nMobilidade da Bica: Fixa<br \/>\nAcionamento: Press\u00e3o<br \/>\nPress\u00e3o de Funcionamento M\u00ednima (mca):2<br \/>\nPress\u00e3o de Funcionamento M\u00e1xima (mca):40<br \/>\nAcompanha Arejador: Sim<br \/>\nAltura da Torneira (cm): 15<br \/>\nBitola: 1\/2&#8243;<\/p>\n<p>Itens inclusos:<br \/>\n1 -Torneira de Mesa Lavat\u00f3rio Matic Luxo CR Forusi 1190;<\/p>\n<p>ATEN\u00c7\u00c3O<br \/>\nEnviado com Nota Fiscal.<\/p>","protected":false},"excerpt":{"rendered":"<p>A Torneira de Mesa para Lavat\u00f3rio Matic Luxo Cromada da Forusi traz toda qualidade e seguran\u00e7a dos produtos da marca. A torneira \u00e9 ideal para a utiliza\u00e7\u00e3o em lavabo ou em banheiro, possui acabamento cromado e seu acionamento em metal sanit\u00e1rio economizador de \u00e1gua cont\u00e9m temporizador com fechamento autom\u00e1tico, evitando assim o desperd\u00edcio de \u00e1gua. [&hellip;]<\/p>","protected":false},"featured_media":1543,"comment_status":"open","ping_status":"closed","template":"","meta":[],"product_brand":[],"product_cat":[19],"product_tag":[],"class_list":{"0":"post-1505","1":"product","2":"type-product","3":"status-publish","4":"has-post-thumbnail","6":"product_cat-torneiras","8":"first","9":"instock","10":"shipping-taxable","11":"purchasable","12":"product-type-simple"},"_links":{"self":[{"href":"https:\/\/www.acquavici.com.br\/en\/wp-json\/wp\/v2\/product\/1505","targetHints":{"allow":["GET"]}}],"collection":[{"href":"https:\/\/www.acquavici.com.br\/en\/wp-json\/wp\/v2\/product"}],"about":[{"href":"https:\/\/www.acquavici.com.br\/en\/wp-json\/wp\/v2\/types\/product"}],"replies":[{"embeddable":true,"href":"https:\/\/www.acquavici.com.br\/en\/wp-json\/wp\/v2\/comments?post=1505"}],"wp:featuredmedia":[{"embeddable":true,"href":"https:\/\/www.acquavici.com.br\/en\/wp-json\/wp\/v2\/media\/1543"}],"wp:attachment":[{"href":"https:\/\/www.acquavici.com.br\/en\/wp-json\/wp\/v2\/media?parent=1505"}],"wp:term":[{"taxonomy":"product_brand","embeddable":true,"href":"https:\/\/www.acquavici.com.br\/en\/wp-json\/wp\/v2\/product_brand?post=1505"},{"taxonomy":"product_cat","embeddable":true,"href":"https:\/\/www.acquavici.com.br\/en\/wp-json\/wp\/v2\/product_cat?post=1505"},{"taxonomy":"product_tag","embeddable":true,"href":"https:\/\/www.acquavici.com.br\/en\/wp-json\/wp\/v2\/product_tag?post=1505"}],"curies":[{"name":"wp","href":"https:\/\/api.w.org\/{rel}","templated":true}]}}