{"id":1508,"date":"2024-04-17T10:57:35","date_gmt":"2024-04-17T13:57:35","guid":{"rendered":"https:\/\/www.acquavici.com.br\/?post_type=product&#038;p=1508"},"modified":"2024-04-17T10:58:00","modified_gmt":"2024-04-17T13:58:00","slug":"torneira-cozinha-bancada-gourmet-cinza-c70-1-4-onix-cod-1169","status":"publish","type":"product","link":"https:\/\/www.acquavici.com.br\/en\/torneira-cozinha-bancada-gourmet-cinza-c70-1-4-onix-cod-1169\/","title":{"rendered":"Torneira Cozinha Bancada Gourmet Cinza C70 1\/4 &#8211; \u00d4nix  C\u00f3d 1169"},"content":{"rendered":"<p>Torneira Cozinha Bancada Gourmet Cinza C70 1\/4 Torneira \u00d4nix Liga de Cobre (Bronze e Metais), borracha nitr\u00edlica e pl\u00e1stico de engenharia. Mecanismo de veda\u00e7\u00e3o cer\u00e2mico, 1\/4 de volta. 2 Tipos de jatos<\/p>\n<p>Esta torneira \u00e9 a combina\u00e7\u00e3o perfeita de praticidade e funcionalidade para sua cozinha. Com abertura de 1\/4 de volta e bica totalmente flex\u00edvel, oferece 2 op\u00e7\u00f5es de jatos para atender \u00e0s suas necessidades di\u00e1rias.<\/p>\n<p>Abertura 1\/4 de Volta: Facilita o controle preciso do fluxo de \u00e1gua.<br \/>\nBica Totalmente Flex\u00edvel: Permite direcionar o jato conforme necess\u00e1rio, proporcionando versatilidade de uso.<br \/>\n2 Op\u00e7\u00f5es de Jatos: Oferece a escolha entre diferentes tipos de jatos para se adequar \u00e0s suas prefer\u00eancias e tarefas.<br \/>\nTorneira Multiuso: Ideal para uma variedade de usos na cozinha, proporcionando praticidade e conveni\u00eancia.<\/p>\n<p>Itens inclusos:<br \/>\n1 -Torneira Cozinha Bancada Gourmet Cinza C70 1\/4 &#8211; \u00d4nix C\u00f3d 1169;<\/p>\n<p>ATEN\u00c7\u00c3O<br \/>\nEnviado com Nota Fiscal.<\/p>","protected":false},"excerpt":{"rendered":"<p>Torneira Cozinha Bancada Gourmet Cinza C70 1\/4 Torneira \u00d4nix Liga de Cobre (Bronze e Metais), borracha nitr\u00edlica e pl\u00e1stico de engenharia. Mecanismo de veda\u00e7\u00e3o cer\u00e2mico, 1\/4 de volta. 2 Tipos de jatos Esta torneira \u00e9 a combina\u00e7\u00e3o perfeita de praticidade e funcionalidade para sua cozinha. Com abertura de 1\/4 de volta e bica totalmente flex\u00edvel, [&hellip;]<\/p>","protected":false},"featured_media":1549,"comment_status":"open","ping_status":"closed","template":"","meta":[],"product_brand":[],"product_cat":[19],"product_tag":[],"class_list":{"0":"post-1508","1":"product","2":"type-product","3":"status-publish","4":"has-post-thumbnail","6":"product_cat-torneiras","8":"first","9":"instock","10":"shipping-taxable","11":"purchasable","12":"product-type-simple"},"_links":{"self":[{"href":"https:\/\/www.acquavici.com.br\/en\/wp-json\/wp\/v2\/product\/1508","targetHints":{"allow":["GET"]}}],"collection":[{"href":"https:\/\/www.acquavici.com.br\/en\/wp-json\/wp\/v2\/product"}],"about":[{"href":"https:\/\/www.acquavici.com.br\/en\/wp-json\/wp\/v2\/types\/product"}],"replies":[{"embeddable":true,"href":"https:\/\/www.acquavici.com.br\/en\/wp-json\/wp\/v2\/comments?post=1508"}],"wp:featuredmedia":[{"embeddable":true,"href":"https:\/\/www.acquavici.com.br\/en\/wp-json\/wp\/v2\/media\/1549"}],"wp:attachment":[{"href":"https:\/\/www.acquavici.com.br\/en\/wp-json\/wp\/v2\/media?parent=1508"}],"wp:term":[{"taxonomy":"product_brand","embeddable":true,"href":"https:\/\/www.acquavici.com.br\/en\/wp-json\/wp\/v2\/product_brand?post=1508"},{"taxonomy":"product_cat","embeddable":true,"href":"https:\/\/www.acquavici.com.br\/en\/wp-json\/wp\/v2\/product_cat?post=1508"},{"taxonomy":"product_tag","embeddable":true,"href":"https:\/\/www.acquavici.com.br\/en\/wp-json\/wp\/v2\/product_tag?post=1508"}],"curies":[{"name":"wp","href":"https:\/\/api.w.org\/{rel}","templated":true}]}}