{"id":1509,"date":"2024-04-17T10:57:35","date_gmt":"2024-04-17T13:57:35","guid":{"rendered":"https:\/\/www.acquavici.com.br\/?post_type=product&#038;p=1509"},"modified":"2024-04-23T16:14:57","modified_gmt":"2024-04-23T19:14:57","slug":"torneira-cozinha-parede-gourmet-cinza-c70-1-4-onix-cod-2168","status":"publish","type":"product","link":"https:\/\/www.acquavici.com.br\/en\/torneira-cozinha-parede-gourmet-cinza-c70-1-4-onix-cod-2168\/","title":{"rendered":"Torneira Cozinha Parede Gourmet Cinza C70 1\/4 &#8211; \u00d4nix C\u00f3d 2168"},"content":{"rendered":"<p>Torneira Cozinha Parede Gourmet Cinza C70 1\/4 Torneira \u00d4nix Liga de Cobre (Bronze e Metais), borracha nitr\u00edlica e pl\u00e1stico de engenharia. Mecanismo de veda\u00e7\u00e3o cer\u00e2mico, 1\/4 de volta.<\/p>\n<p>A melhor op\u00e7\u00e3o para sua cozinha!<\/p>\n<p>ATEN\u00c7\u00c3O: Torneira para instala\u00e7\u00e3o em PAREDE!<\/p>\n<p>Marca: \u00d4nix<br \/>\nTubo de silicone flex\u00edvel na cor: Cinza<br \/>\nCom arejador<br \/>\nSistema de acionamento 1\/4 de volta<br \/>\nDesign funcional e sofisticado<br \/>\nCorpo de Metal Cromado<br \/>\nCanopla de A\u00e7o Inox<br \/>\nProduto de excelente qualidade (N\u00e3o enferruja e n\u00e3o oxida)<br \/>\nMaterial: Lat\u00e3o cromado, Silicone e Pl\u00e1sticos de Engenharia<\/p>\n<p>Itens inclusos:<br \/>\n1 Torneira Cozinha Parede Gourmet Cinza C70 1\/4 &#8211; \u00d4nix C\u00f3d 2168;<\/p>\n<p>ATEN\u00c7\u00c3O<br \/>\nEnviado com Nota Fiscal.<\/p>","protected":false},"excerpt":{"rendered":"<p>Torneira Cozinha Parede Gourmet Cinza C70 1\/4 Torneira \u00d4nix Liga de Cobre (Bronze e Metais), borracha nitr\u00edlica e pl\u00e1stico de engenharia. Mecanismo de veda\u00e7\u00e3o cer\u00e2mico, 1\/4 de volta.<\/p>","protected":false},"featured_media":1554,"comment_status":"open","ping_status":"closed","template":"","meta":[],"product_brand":[],"product_cat":[19],"product_tag":[],"class_list":{"0":"post-1509","1":"product","2":"type-product","3":"status-publish","4":"has-post-thumbnail","6":"product_cat-torneiras","8":"first","9":"instock","10":"shipping-taxable","11":"purchasable","12":"product-type-simple"},"_links":{"self":[{"href":"https:\/\/www.acquavici.com.br\/en\/wp-json\/wp\/v2\/product\/1509","targetHints":{"allow":["GET"]}}],"collection":[{"href":"https:\/\/www.acquavici.com.br\/en\/wp-json\/wp\/v2\/product"}],"about":[{"href":"https:\/\/www.acquavici.com.br\/en\/wp-json\/wp\/v2\/types\/product"}],"replies":[{"embeddable":true,"href":"https:\/\/www.acquavici.com.br\/en\/wp-json\/wp\/v2\/comments?post=1509"}],"wp:featuredmedia":[{"embeddable":true,"href":"https:\/\/www.acquavici.com.br\/en\/wp-json\/wp\/v2\/media\/1554"}],"wp:attachment":[{"href":"https:\/\/www.acquavici.com.br\/en\/wp-json\/wp\/v2\/media?parent=1509"}],"wp:term":[{"taxonomy":"product_brand","embeddable":true,"href":"https:\/\/www.acquavici.com.br\/en\/wp-json\/wp\/v2\/product_brand?post=1509"},{"taxonomy":"product_cat","embeddable":true,"href":"https:\/\/www.acquavici.com.br\/en\/wp-json\/wp\/v2\/product_cat?post=1509"},{"taxonomy":"product_tag","embeddable":true,"href":"https:\/\/www.acquavici.com.br\/en\/wp-json\/wp\/v2\/product_tag?post=1509"}],"curies":[{"name":"wp","href":"https:\/\/api.w.org\/{rel}","templated":true}]}}