{"id":1511,"date":"2024-04-17T10:57:35","date_gmt":"2024-04-17T13:57:35","guid":{"rendered":"https:\/\/www.acquavici.com.br\/?post_type=product&#038;p=1511"},"modified":"2024-04-17T10:58:03","modified_gmt":"2024-04-17T13:58:03","slug":"tiristor-para-aquecedores-cardal-pr095","status":"publish","type":"product","link":"https:\/\/www.acquavici.com.br\/en\/tiristor-para-aquecedores-cardal-pr095\/","title":{"rendered":"Tiristor Para Aquecedores Cardal Pr095"},"content":{"rendered":"<p>Tiristor para aquecedores central eletr\u00f4nico, hidro e super hidro 2<\/p>\n<p>Ref.: Pr095<br \/>\nMarca: cardal<\/p>\n<p>Pe\u00e7a eletr\u00f4nica que controla a potencia do chuveiro\/aquecedor central eletr\u00f4nicos, reduzindo ou aumentando a temperatura da \u00e1gua.<br \/>\nObs.: pe\u00e7a substitui o antigo que tinha forma quadrada.<\/p>\n<p>ATEN\u00c7\u00c3O<br \/>\nEnviado com Nota Fiscal.<\/p>\n<p>SOMOS ASSIST\u00caNCIA T\u00c9CNICA AUTORIZADA CARDAL.<\/p>","protected":false},"excerpt":{"rendered":"<p>Tiristor para aquecedores central eletr\u00f4nico, hidro e super hidro 2 Ref.: Pr095 Marca: cardal Pe\u00e7a eletr\u00f4nica que controla a potencia do chuveiro\/aquecedor central eletr\u00f4nicos, reduzindo ou aumentando a temperatura da \u00e1gua. Obs.: pe\u00e7a substitui o antigo que tinha forma quadrada. ATEN\u00c7\u00c3O Enviado com Nota Fiscal. SOMOS ASSIST\u00caNCIA T\u00c9CNICA AUTORIZADA CARDAL.<\/p>","protected":false},"featured_media":1557,"comment_status":"open","ping_status":"closed","template":"","meta":[],"product_brand":[],"product_cat":[22,21],"product_tag":[],"class_list":{"0":"post-1511","1":"product","2":"type-product","3":"status-publish","4":"has-post-thumbnail","6":"product_cat-aquecedor-a-gas","7":"product_cat-aquecedor-eletrico","9":"first","10":"instock","11":"shipping-taxable","12":"purchasable","13":"product-type-simple"},"_links":{"self":[{"href":"https:\/\/www.acquavici.com.br\/en\/wp-json\/wp\/v2\/product\/1511","targetHints":{"allow":["GET"]}}],"collection":[{"href":"https:\/\/www.acquavici.com.br\/en\/wp-json\/wp\/v2\/product"}],"about":[{"href":"https:\/\/www.acquavici.com.br\/en\/wp-json\/wp\/v2\/types\/product"}],"replies":[{"embeddable":true,"href":"https:\/\/www.acquavici.com.br\/en\/wp-json\/wp\/v2\/comments?post=1511"}],"wp:featuredmedia":[{"embeddable":true,"href":"https:\/\/www.acquavici.com.br\/en\/wp-json\/wp\/v2\/media\/1557"}],"wp:attachment":[{"href":"https:\/\/www.acquavici.com.br\/en\/wp-json\/wp\/v2\/media?parent=1511"}],"wp:term":[{"taxonomy":"product_brand","embeddable":true,"href":"https:\/\/www.acquavici.com.br\/en\/wp-json\/wp\/v2\/product_brand?post=1511"},{"taxonomy":"product_cat","embeddable":true,"href":"https:\/\/www.acquavici.com.br\/en\/wp-json\/wp\/v2\/product_cat?post=1511"},{"taxonomy":"product_tag","embeddable":true,"href":"https:\/\/www.acquavici.com.br\/en\/wp-json\/wp\/v2\/product_tag?post=1511"}],"curies":[{"name":"wp","href":"https:\/\/api.w.org\/{rel}","templated":true}]}}