{"id":172,"date":"2024-04-17T10:46:50","date_gmt":"2024-04-17T13:46:50","guid":{"rendered":"https:\/\/www.acquavici.com.br\/?post_type=product&#038;p=172"},"modified":"2024-04-17T10:48:23","modified_gmt":"2024-04-17T13:48:23","slug":"kit-4b-6b-miolo-aquecedor-central-4t-acabamento-branco-8-2kw-220v-ki001-2","status":"publish","type":"product","link":"https:\/\/www.acquavici.com.br\/en\/kit-4b-6b-miolo-aquecedor-central-4t-acabamento-branco-8-2kw-220v-ki001-2\/","title":{"rendered":"Kit 4B\/6B &#8211; Miolo Aquecedor Central 4T + Acabamento Branco 8.2kw 220v KI001\/2"},"content":{"rendered":"<p>Diferenciais:<\/p>\n<p>Economia na instala\u00e7\u00e3o hidr\u00e1ulica: Al\u00e9m de estar pr\u00f3ximo aos pontos de uso, evitando a necessidade de extensas tubula\u00e7\u00f5es de \u00e1gua quente, comum nos outros sistemas de aquecimento central, pode ser instalado com uma \u00fanica tubula\u00e7\u00e3o, n\u00e3o necessitando da tubula\u00e7\u00e3o de \u00e1gua fria e misturadores de \u00e1gua, pois permite o ajuste da temperatura da \u00e1gua no pr\u00f3prio Aquecedor.<\/p>\n<p>Economia de energia el\u00e9trica: Fornece \u00e1gua quente instantaneamente a qualquer hora do dia ou da noite, consumindo energia el\u00e9trica somente quando se abre o registro de \u00e1gua conectado ao Aquecedor. Com o registro de \u00e1gua fechado, n\u00e3o h\u00e1 consumo de energia.<\/p>\n<p>Economia de \u00e1gua: Em cada utiliza\u00e7\u00e3o, a \u00e1gua fria \u00e9 aquecida instantaneamente pr\u00f3ximo ao ponto de uso e ainda permite o uso econ\u00f4mico atrav\u00e9s do controle do registro, fornecendo \u00e1gua quente com 3 litros por minuto.<\/p>\n<p>Controle Multitemperaturas: Proporciona maior conforto em qualquer \u00e9poca do ano, al\u00e9m da economia de energia e \u00e1gua, pois n\u00e3o h\u00e1 necessidade de misturar \u00e1gua fria para obter a temperatura desejada, com o Controle de 4 Temperaturas : Frio, Morno, Quente e Super Quente.<\/p>\n<p>Resist\u00eancia de Aquecimento Anti-choque: Na exclusiva vers\u00e3o Encapsulada, sendo fabricada com elemento de aquecimento na mais pura liga, para garantir seguran\u00e7a e maior durabilidade.<\/p>\n<p>Maior Seguran\u00e7a. Compatibilidade no funcionamento com interruptor diferencial residual de alta sensibilidade.<\/p>\n<p>Descri\u00e7\u00e3o:<br \/>\nMarca: Cardal<br \/>\nModelo: Kit &#8211; Miolo Aquecedor Central 4T + Acabamento Branco<br \/>\nC\u00f3digo:KI-001\/2<\/p>\n<p>Caracteristicas:<br \/>\nPot\u00eancia 8.200 W<br \/>\nTens\u00e3o: 220 V<br \/>\nTipo de aquecedor: Multitemperatura<br \/>\nN\u00famero de temperaturas: 4<br \/>\nTipo de resist\u00eancia: Encapsulada<br \/>\nFura\u00e7\u00e3o:4B\/6B (Furo no topo<\/p>\n<p>Informa\u00e7\u00f5es T\u00e9cnicas:<br \/>\nFia\u00e7\u00e3o M\u00ednima: 6 mm\u00b2<br \/>\nDijuntor : 40 A<br \/>\nPress\u00e3o M\u00ednima: 10 kPa (1 m.c.a.)<br \/>\nPress\u00e3o M\u00e1xima: 400 kPa (40 m.c.a.)<\/p>\n<p>Itens Inclusos:<br \/>\n01 Miolo do aquecedor;<br \/>\n06 Parafusos do aquecedor;<br \/>\n01 Acabamento branco;<br \/>\n02 Parafusos do acabamento;<br \/>\n01 Indicador de temperatura;<br \/>\n03 Conectores el\u00e9tricos de tor\u00e7\u00e3o;<br \/>\n01 Manual de Instru\u00e7\u00f5es;<\/p>\n<p>ATEN\u00c7\u00c3O:<br \/>\nCarca\u00e7a ( Pe\u00e7a que \u00e9 embutida na parede) N\u00e3o acompanha o produto.<br \/>\nVerificar a Fura\u00e7\u00e3o da Carca\u00e7a Instalada de acordo com a segunda Imagem.<\/p>\n<p>ATEN\u00c7\u00c3O<br \/>\nEnviado com Nota Fiscal.<\/p>\n<p>SOMOS ASSIST\u00caNCIA T\u00c9CNICA AUTORIZADA CARDAL.<\/p>","protected":false},"excerpt":{"rendered":"<p>Economia na instala\u00e7\u00e3o hidr\u00e1ulica: Al\u00e9m de estar pr\u00f3ximo aos pontos de uso, evitando a necessidade de extensas tubula\u00e7\u00f5es de \u00e1gua quente, comum nos outros sistemas de aquecimento central.<\/p>","protected":false},"featured_media":256,"comment_status":"open","ping_status":"closed","template":"","meta":[],"product_brand":[],"product_cat":[21],"product_tag":[],"class_list":{"0":"post-172","1":"product","2":"type-product","3":"status-publish","4":"has-post-thumbnail","6":"product_cat-aquecedor-eletrico","8":"first","9":"instock","10":"shipping-taxable","11":"purchasable","12":"product-type-simple"},"_links":{"self":[{"href":"https:\/\/www.acquavici.com.br\/en\/wp-json\/wp\/v2\/product\/172","targetHints":{"allow":["GET"]}}],"collection":[{"href":"https:\/\/www.acquavici.com.br\/en\/wp-json\/wp\/v2\/product"}],"about":[{"href":"https:\/\/www.acquavici.com.br\/en\/wp-json\/wp\/v2\/types\/product"}],"replies":[{"embeddable":true,"href":"https:\/\/www.acquavici.com.br\/en\/wp-json\/wp\/v2\/comments?post=172"}],"wp:featuredmedia":[{"embeddable":true,"href":"https:\/\/www.acquavici.com.br\/en\/wp-json\/wp\/v2\/media\/256"}],"wp:attachment":[{"href":"https:\/\/www.acquavici.com.br\/en\/wp-json\/wp\/v2\/media?parent=172"}],"wp:term":[{"taxonomy":"product_brand","embeddable":true,"href":"https:\/\/www.acquavici.com.br\/en\/wp-json\/wp\/v2\/product_brand?post=172"},{"taxonomy":"product_cat","embeddable":true,"href":"https:\/\/www.acquavici.com.br\/en\/wp-json\/wp\/v2\/product_cat?post=172"},{"taxonomy":"product_tag","embeddable":true,"href":"https:\/\/www.acquavici.com.br\/en\/wp-json\/wp\/v2\/product_tag?post=172"}],"curies":[{"name":"wp","href":"https:\/\/api.w.org\/{rel}","templated":true}]}}