{"id":173,"date":"2024-04-17T10:46:50","date_gmt":"2024-04-17T13:46:50","guid":{"rendered":"https:\/\/www.acquavici.com.br\/?post_type=product&#038;p=173"},"modified":"2025-07-03T14:27:12","modified_gmt":"2025-07-03T17:27:12","slug":"kit-bx-miolo-aquecedor-central-eletronico-bl-acabamento-branco-9-k-220v-ki046-2","status":"publish","type":"product","link":"https:\/\/www.acquavici.com.br\/en\/kit-bx-miolo-aquecedor-central-eletronico-bl-acabamento-branco-9-k-220v-ki046-2\/","title":{"rendered":"Kit BX &#8211; Miolo Aquecedor Central Eletr\u00f4nico BL + Acabamento Branco 9.k 220v KI046\/2"},"content":{"rendered":"<p>Diferenciais:<br \/>\nEconomia na instala\u00e7\u00e3o hidr\u00e1ulica: Al\u00e9m de estar pr\u00f3ximo aos pontos de uso, evitando a necessidade de extensas tubula\u00e7\u00f5es de \u00e1gua quente, comum nos outros sistemas de aquecimento central, pode ser instalado com uma \u00fanica tubula\u00e7\u00e3o, n\u00e3o necessitando da tubula\u00e7\u00e3o de \u00e1gua fria e misturadores de \u00e1gua, pois permite o ajuste da temperatura da \u00e1gua no pr\u00f3prio Aquecedor.<\/p>\n<p>Economia de energia el\u00e9trica: Fornece \u00e1gua quente instantaneamente a qualquer hora do dia ou da noite, consumindo energia el\u00e9trica somente quando se abre o registro de \u00e1gua conectado ao Aquecedor. Com o registro de \u00e1gua fechado, n\u00e3o h\u00e1 consumo de energia.<\/p>\n<p>Economia de \u00e1gua: Em cada utiliza\u00e7\u00e3o, a \u00e1gua fria \u00e9 aquecida instantaneamente pr\u00f3ximo ao ponto de uso e ainda permite o uso econ\u00f4mico atrav\u00e9s do controle do registro, fornecendo \u00e1gua quente com 3 litros por minuto.<\/p>\n<p>Controle Eletr\u00f4nico: Proporciona maior conforto em qualquer \u00e9poca do ano, al\u00e9m da economia de energia e \u00e1gua, pois n\u00e3o h\u00e1 necessidade de misturar \u00e1gua fria para obter a temperatura desejada, com o exclusivo Controle Eletr\u00f4nico de Pot\u00eancia.<\/p>\n<p>Resist\u00eancia de Aquecimento Anti-choque Blindada: Fabricada com blindagem met\u00e1lica, sendo fabricada com elemento de aquecimento na mais pura liga, para garantir seguran\u00e7a e maior durabilidade.<\/p>\n<p>Compatibilidade no funcionamento com interruptor diferencial residual de alta sensibilidade.<\/p>\n<p>Descri\u00e7\u00e3o:<br \/>\nMarca: Cardal<br \/>\nModelo: Kit &#8211; Miolo Aquecedor Central Eletr\u00f4nico + Acabamento Branco<br \/>\nC\u00f3digo: KI046\/2<\/p>\n<p>Caracter\u00edsticas:<br \/>\nPot\u00eancia: 9.000 W<br \/>\nTens\u00e3o: 220 V<br \/>\nTipo de aquecedor: Eletr\u00f4nico<br \/>\nN\u00famero de temperaturas: 8<br \/>\nTipo de resist\u00eancia: Blindada<br \/>\nFura\u00e7\u00e3o: BX (Fura\u00e7\u00e3o deslocada)<\/p>\n<p>Informa\u00e7\u00f5es t\u00e9cnicas:<br \/>\nFia\u00e7\u00e3o M\u00ednima: 10 mm\u00b2<br \/>\nDisjuntor: 50 A<br \/>\nPress\u00e3o m\u00ednima: 10 kPa (1 m.c.a.)<br \/>\nPress\u00e3o m\u00e1xima: 400 kPa (40 m.c.a.)<\/p>\n<p>Itens inclusos:<br \/>\n01 Miolo do aquecedor;<br \/>\n06 Parafusos do aquecedor;<br \/>\n01 Acabamento branco;<br \/>\n02 Parafusos do acabamento;<br \/>\n01 Indicador de temperatura;<br \/>\n03 Conectores el\u00e9tricos de tor\u00e7\u00e3o;<br \/>\n01 Manual de Instru\u00e7\u00f5es;<\/p>\n<p>ATEN\u00c7\u00c3O:<br \/>\nCarca\u00e7a ( Pe\u00e7a que \u00e9 embutida na parede) N\u00e3o acompanha o produto.<br \/>\nVerificar a Fura\u00e7\u00e3o da Carca\u00e7a Instalada de acordo com a segunda Imagem.<\/p>\n<p>ATEN\u00c7\u00c3O<br \/>\nEnviado com Nota Fiscal.<\/p>\n<p>SOMOS ASSIST\u00caNCIA T\u00c9CNICA AUTORIZADA CARDAL.<\/p>","protected":false},"excerpt":{"rendered":"<p>Economia na instala\u00e7\u00e3o hidr\u00e1ulica: Al\u00e9m de estar pr\u00f3ximo aos pontos de uso, evitando a necessidade de extensas tubula\u00e7\u00f5es de \u00e1gua quente, comum nos outros sistemas de aquecimento central.<\/p>","protected":false},"featured_media":238,"comment_status":"open","ping_status":"closed","template":"","meta":[],"product_brand":[],"product_cat":[21],"product_tag":[],"class_list":{"0":"post-173","1":"product","2":"type-product","3":"status-publish","4":"has-post-thumbnail","6":"product_cat-aquecedor-eletrico","8":"first","9":"instock","10":"shipping-taxable","11":"purchasable","12":"product-type-simple"},"_links":{"self":[{"href":"https:\/\/www.acquavici.com.br\/en\/wp-json\/wp\/v2\/product\/173","targetHints":{"allow":["GET"]}}],"collection":[{"href":"https:\/\/www.acquavici.com.br\/en\/wp-json\/wp\/v2\/product"}],"about":[{"href":"https:\/\/www.acquavici.com.br\/en\/wp-json\/wp\/v2\/types\/product"}],"replies":[{"embeddable":true,"href":"https:\/\/www.acquavici.com.br\/en\/wp-json\/wp\/v2\/comments?post=173"}],"wp:featuredmedia":[{"embeddable":true,"href":"https:\/\/www.acquavici.com.br\/en\/wp-json\/wp\/v2\/media\/238"}],"wp:attachment":[{"href":"https:\/\/www.acquavici.com.br\/en\/wp-json\/wp\/v2\/media?parent=173"}],"wp:term":[{"taxonomy":"product_brand","embeddable":true,"href":"https:\/\/www.acquavici.com.br\/en\/wp-json\/wp\/v2\/product_brand?post=173"},{"taxonomy":"product_cat","embeddable":true,"href":"https:\/\/www.acquavici.com.br\/en\/wp-json\/wp\/v2\/product_cat?post=173"},{"taxonomy":"product_tag","embeddable":true,"href":"https:\/\/www.acquavici.com.br\/en\/wp-json\/wp\/v2\/product_tag?post=173"}],"curies":[{"name":"wp","href":"https:\/\/api.w.org\/{rel}","templated":true}]}}