{"id":2012,"date":"2024-06-19T12:24:59","date_gmt":"2024-06-19T15:24:59","guid":{"rendered":"https:\/\/www.acquavici.com.br\/?post_type=product&#038;p=2012"},"modified":"2024-07-10T14:30:58","modified_gmt":"2024-07-10T17:30:58","slug":"resistencia-para-torneira-pratica-touch-zagonel-127v-5500w","status":"publish","type":"product","link":"https:\/\/www.acquavici.com.br\/en\/resistencia-para-torneira-pratica-touch-zagonel-127v-5500w\/","title":{"rendered":"RESISTENCIA TORNEIRA PRATICA TOUCH 127V 5.500W ZAGONEL"},"content":{"rendered":"<p>A resist\u00eancia torneira Pratica Touch Zagonel 127V 5500W possui tecnologia eficiente agregada a qualidade da marca zagonel que voc\u00ea j\u00e1 conhece!<\/p>\n<p>Itens inclusos:<br \/>\n1 Resist\u00eancia;<br \/>\n1 Manual de Instru\u00e7\u00f5es;<\/p>\n<p>ATEN\u00c7\u00c3O<br \/>\nEnviado com Nota Fiscal<\/p>\n<p>SOMOS ASSIST\u00caNCIA T\u00c9CNICA AUTORIZADA ZAGONEL.<\/p>","protected":false},"excerpt":{"rendered":"<p>A resist\u00eancia torneira Pratica Touch Zagonel 127V 5500W possui tecnologia eficiente agregada a qualidade da marca zagonel que voc\u00ea j\u00e1 conhece! Itens inclusos: 1 Resist\u00eancia; 1 Manual de Instru\u00e7\u00f5es; ATEN\u00c7\u00c3O Enviado com Nota Fiscal SOMOS ASSIST\u00caNCIA T\u00c9CNICA AUTORIZADA ZAGONEL.<\/p>","protected":false},"featured_media":472,"comment_status":"closed","ping_status":"closed","template":"","meta":[],"product_brand":[],"product_cat":[15],"product_tag":[],"class_list":{"0":"post-2012","1":"product","2":"type-product","3":"status-publish","4":"has-post-thumbnail","6":"product_cat-hidromassagem","8":"first","9":"instock","10":"shipping-taxable","11":"purchasable","12":"product-type-simple"},"_links":{"self":[{"href":"https:\/\/www.acquavici.com.br\/en\/wp-json\/wp\/v2\/product\/2012","targetHints":{"allow":["GET"]}}],"collection":[{"href":"https:\/\/www.acquavici.com.br\/en\/wp-json\/wp\/v2\/product"}],"about":[{"href":"https:\/\/www.acquavici.com.br\/en\/wp-json\/wp\/v2\/types\/product"}],"replies":[{"embeddable":true,"href":"https:\/\/www.acquavici.com.br\/en\/wp-json\/wp\/v2\/comments?post=2012"}],"wp:featuredmedia":[{"embeddable":true,"href":"https:\/\/www.acquavici.com.br\/en\/wp-json\/wp\/v2\/media\/472"}],"wp:attachment":[{"href":"https:\/\/www.acquavici.com.br\/en\/wp-json\/wp\/v2\/media?parent=2012"}],"wp:term":[{"taxonomy":"product_brand","embeddable":true,"href":"https:\/\/www.acquavici.com.br\/en\/wp-json\/wp\/v2\/product_brand?post=2012"},{"taxonomy":"product_cat","embeddable":true,"href":"https:\/\/www.acquavici.com.br\/en\/wp-json\/wp\/v2\/product_cat?post=2012"},{"taxonomy":"product_tag","embeddable":true,"href":"https:\/\/www.acquavici.com.br\/en\/wp-json\/wp\/v2\/product_tag?post=2012"}],"curies":[{"name":"wp","href":"https:\/\/api.w.org\/{rel}","templated":true}]}}