{"id":2015,"date":"2024-06-19T12:31:26","date_gmt":"2024-06-19T15:31:26","guid":{"rendered":"https:\/\/www.acquavici.com.br\/?post_type=product&#038;p=2015"},"modified":"2024-07-10T14:44:51","modified_gmt":"2024-07-10T17:44:51","slug":"torneira-eletronica-luna-4t-zagonel-220v-5500w-black","status":"publish","type":"product","link":"https:\/\/www.acquavici.com.br\/en\/torneira-eletronica-luna-4t-zagonel-220v-5500w-black\/","title":{"rendered":"TORNEIRA LUNA 4 TEMPERATURA 220V 5.500W BLACK ZAGONEL"},"content":{"rendered":"<p>A Torneira El\u00e9trica Luna 4T 5500W Zagonel traduz tecnologia e beleza, pensada para facilitar seu uso e trazer a melhor experi\u00eancia, luna \u00e9 inspirado nas mar\u00e9s e na fluidez.<br \/>\nPossui seletor para 4 diferentes temperaturas, adaptando para cada necessidade! Conta ainda com bica girat\u00f3ria de 360\u00b0 para mover e alcan\u00e7ar todos locais, trazendo mais praticidade com excelente vaz\u00e3o de \u00e1gua!<br \/>\nCom f\u00e1cil instala\u00e7\u00e3o e troca de resist\u00eancia, garante seguran\u00e7a e prote\u00e7\u00e3o contra choques, o combo perfeito para sua casa: beleza, qualidade e efici\u00eancia<\/p>\n<p>Itens inclusos:<br \/>\n1 TORNEIRA LUNA 4 TEMPERATURA 220V 5.500W BLACK ZAGONEL;<br \/>\n1 Manual de Instru\u00e7\u00f5es;<\/p>\n<p>ATEN\u00c7\u00c3O<br \/>\nEnviado com Nota Fiscal<\/p>\n<p>SOMOS ASSIST\u00caNCIA T\u00c9CNICA AUTORIZADA ZAGONEL.<\/p>","protected":false},"excerpt":{"rendered":"<p>A Torneira El\u00e9trica Luna 4T 5500W Zagonel traduz tecnologia e beleza, pensada para facilitar seu uso e trazer a melhor experi\u00eancia, luna \u00e9 inspirado nas mar\u00e9s e na fluidez. Possui seletor para 4 diferentes temperaturas, adaptando para cada necessidade! Conta ainda com bica girat\u00f3ria de 360\u00b0 para mover e alcan\u00e7ar todos locais, trazendo mais praticidade [&hellip;]<\/p>","protected":false},"featured_media":2017,"comment_status":"closed","ping_status":"closed","template":"","meta":[],"product_brand":[],"product_cat":[19],"product_tag":[],"class_list":{"0":"post-2015","1":"product","2":"type-product","3":"status-publish","4":"has-post-thumbnail","6":"product_cat-torneiras","8":"first","9":"instock","10":"shipping-taxable","11":"purchasable","12":"product-type-simple"},"_links":{"self":[{"href":"https:\/\/www.acquavici.com.br\/en\/wp-json\/wp\/v2\/product\/2015","targetHints":{"allow":["GET"]}}],"collection":[{"href":"https:\/\/www.acquavici.com.br\/en\/wp-json\/wp\/v2\/product"}],"about":[{"href":"https:\/\/www.acquavici.com.br\/en\/wp-json\/wp\/v2\/types\/product"}],"replies":[{"embeddable":true,"href":"https:\/\/www.acquavici.com.br\/en\/wp-json\/wp\/v2\/comments?post=2015"}],"wp:featuredmedia":[{"embeddable":true,"href":"https:\/\/www.acquavici.com.br\/en\/wp-json\/wp\/v2\/media\/2017"}],"wp:attachment":[{"href":"https:\/\/www.acquavici.com.br\/en\/wp-json\/wp\/v2\/media?parent=2015"}],"wp:term":[{"taxonomy":"product_brand","embeddable":true,"href":"https:\/\/www.acquavici.com.br\/en\/wp-json\/wp\/v2\/product_brand?post=2015"},{"taxonomy":"product_cat","embeddable":true,"href":"https:\/\/www.acquavici.com.br\/en\/wp-json\/wp\/v2\/product_cat?post=2015"},{"taxonomy":"product_tag","embeddable":true,"href":"https:\/\/www.acquavici.com.br\/en\/wp-json\/wp\/v2\/product_tag?post=2015"}],"curies":[{"name":"wp","href":"https:\/\/api.w.org\/{rel}","templated":true}]}}