{"id":2022,"date":"2024-06-19T12:46:55","date_gmt":"2024-06-19T15:46:55","guid":{"rendered":"https:\/\/www.acquavici.com.br\/?post_type=product&#038;p=2022"},"modified":"2024-07-10T14:25:07","modified_gmt":"2024-07-10T17:25:07","slug":"resistencia-para-torneira-agile-zagonel-127v-4-500w","status":"publish","type":"product","link":"https:\/\/www.acquavici.com.br\/en\/resistencia-para-torneira-agile-zagonel-127v-4-500w\/","title":{"rendered":"RESISTENCIA TORNEIRA AGILE 127V 4500W ZAGONEL"},"content":{"rendered":"<p>\u00c9 muito ruim quando estamos lavando a lou\u00e7a com a torneira el\u00e9trica e de repente a resist\u00eancia queima, n\u00e3o \u00e9 mesmo? Para n\u00e3o passarmos por essas situa\u00e7\u00f5es indesejadas, principalmente nos dias mais frios do ano, o ideal \u00e9 sempre ter uma resist\u00eancia reserva em casa para trocar assim que for necess\u00e1rio. O modelo Agile da Zagonel \u00e9 ideal para a torneira el\u00e9trica Agile, com 3 temperaturas. Ela \u00e9 dur\u00e1vel, segura e econ\u00f4mica, trazendo seguran\u00e7a no momento da substitui\u00e7\u00e3o e conforto na hora da utiliza\u00e7\u00e3o.<\/p>\n<p>Itens inclusos:<br \/>\n1 Resist\u00eancia;<br \/>\n1 Manual de Instru\u00e7\u00f5es;<\/p>\n<p>ATEN\u00c7\u00c3O<br \/>\nEnviado com Nota Fiscal<\/p>\n<p>SOMOS ASSIST\u00caNCIA T\u00c9CNICA AUTORIZADA ZAGONEL.<\/p>","protected":false},"excerpt":{"rendered":"<p>\u00c9 muito ruim quando estamos lavando a lou\u00e7a com a torneira el\u00e9trica e de repente a resist\u00eancia queima, n\u00e3o \u00e9 mesmo? Para n\u00e3o passarmos por essas situa\u00e7\u00f5es indesejadas, principalmente nos dias mais frios do ano, o ideal \u00e9 sempre ter uma resist\u00eancia reserva em casa para trocar assim que for necess\u00e1rio. O modelo Agile da [&hellip;]<\/p>","protected":false},"featured_media":469,"comment_status":"closed","ping_status":"closed","template":"","meta":[],"product_brand":[],"product_cat":[15],"product_tag":[],"class_list":{"0":"post-2022","1":"product","2":"type-product","3":"status-publish","4":"has-post-thumbnail","6":"product_cat-hidromassagem","8":"first","9":"instock","10":"shipping-taxable","11":"purchasable","12":"product-type-simple"},"_links":{"self":[{"href":"https:\/\/www.acquavici.com.br\/en\/wp-json\/wp\/v2\/product\/2022","targetHints":{"allow":["GET"]}}],"collection":[{"href":"https:\/\/www.acquavici.com.br\/en\/wp-json\/wp\/v2\/product"}],"about":[{"href":"https:\/\/www.acquavici.com.br\/en\/wp-json\/wp\/v2\/types\/product"}],"replies":[{"embeddable":true,"href":"https:\/\/www.acquavici.com.br\/en\/wp-json\/wp\/v2\/comments?post=2022"}],"wp:featuredmedia":[{"embeddable":true,"href":"https:\/\/www.acquavici.com.br\/en\/wp-json\/wp\/v2\/media\/469"}],"wp:attachment":[{"href":"https:\/\/www.acquavici.com.br\/en\/wp-json\/wp\/v2\/media?parent=2022"}],"wp:term":[{"taxonomy":"product_brand","embeddable":true,"href":"https:\/\/www.acquavici.com.br\/en\/wp-json\/wp\/v2\/product_brand?post=2022"},{"taxonomy":"product_cat","embeddable":true,"href":"https:\/\/www.acquavici.com.br\/en\/wp-json\/wp\/v2\/product_cat?post=2022"},{"taxonomy":"product_tag","embeddable":true,"href":"https:\/\/www.acquavici.com.br\/en\/wp-json\/wp\/v2\/product_tag?post=2022"}],"curies":[{"name":"wp","href":"https:\/\/api.w.org\/{rel}","templated":true}]}}