{"id":2028,"date":"2024-06-19T13:27:29","date_gmt":"2024-06-19T16:27:29","guid":{"rendered":"https:\/\/www.acquavici.com.br\/?post_type=product&#038;p=2028"},"modified":"2024-06-24T15:38:11","modified_gmt":"2024-06-24T18:38:11","slug":"resistencia-torneira-luna-127v-5500w-zagonel","status":"publish","type":"product","link":"https:\/\/www.acquavici.com.br\/en\/resistencia-torneira-luna-127v-5500w-zagonel\/","title":{"rendered":"RESISTENCIA TORNEIRA LUNA 127V 5.500 W ZAGONEL"},"content":{"rendered":"<p>Com f\u00e1cil instala\u00e7\u00e3o e troca de resist\u00eancia, garante seguran\u00e7a e prote\u00e7\u00e3o contra choques, o combo perfeito para sua casa: beleza, qualidade e efici\u00eancia.<\/p>\n<p>Itens inclusos:<br \/>\n1 RESISTENCIA TORNEIRA LUNA 127V 5.500 W ZAGONEL;<br \/>\n1 Manual de Instru\u00e7\u00f5es;<\/p>\n<p>ATEN\u00c7\u00c3O<br \/>\nEnviado com Nota Fiscal<\/p>\n<p>SOMOS ASSIST\u00caNCIA T\u00c9CNICA AUTORIZADA ZAGONEL.<\/p>","protected":false},"excerpt":{"rendered":"<p>Com f\u00e1cil instala\u00e7\u00e3o e troca de resist\u00eancia, garante seguran\u00e7a e prote\u00e7\u00e3o contra choques, o combo perfeito para sua casa: beleza, qualidade e efici\u00eancia. Itens inclusos: 1 RESISTENCIA TORNEIRA LUNA 127V 5.500 W ZAGONEL; 1 Manual de Instru\u00e7\u00f5es; ATEN\u00c7\u00c3O Enviado com Nota Fiscal SOMOS ASSIST\u00caNCIA T\u00c9CNICA AUTORIZADA ZAGONEL.<\/p>","protected":false},"featured_media":2026,"comment_status":"closed","ping_status":"closed","template":"","meta":[],"product_brand":[],"product_cat":[19],"product_tag":[],"class_list":{"0":"post-2028","1":"product","2":"type-product","3":"status-publish","4":"has-post-thumbnail","6":"product_cat-torneiras","8":"first","9":"instock","10":"shipping-taxable","11":"purchasable","12":"product-type-simple"},"_links":{"self":[{"href":"https:\/\/www.acquavici.com.br\/en\/wp-json\/wp\/v2\/product\/2028","targetHints":{"allow":["GET"]}}],"collection":[{"href":"https:\/\/www.acquavici.com.br\/en\/wp-json\/wp\/v2\/product"}],"about":[{"href":"https:\/\/www.acquavici.com.br\/en\/wp-json\/wp\/v2\/types\/product"}],"replies":[{"embeddable":true,"href":"https:\/\/www.acquavici.com.br\/en\/wp-json\/wp\/v2\/comments?post=2028"}],"wp:featuredmedia":[{"embeddable":true,"href":"https:\/\/www.acquavici.com.br\/en\/wp-json\/wp\/v2\/media\/2026"}],"wp:attachment":[{"href":"https:\/\/www.acquavici.com.br\/en\/wp-json\/wp\/v2\/media?parent=2028"}],"wp:term":[{"taxonomy":"product_brand","embeddable":true,"href":"https:\/\/www.acquavici.com.br\/en\/wp-json\/wp\/v2\/product_brand?post=2028"},{"taxonomy":"product_cat","embeddable":true,"href":"https:\/\/www.acquavici.com.br\/en\/wp-json\/wp\/v2\/product_cat?post=2028"},{"taxonomy":"product_tag","embeddable":true,"href":"https:\/\/www.acquavici.com.br\/en\/wp-json\/wp\/v2\/product_tag?post=2028"}],"curies":[{"name":"wp","href":"https:\/\/api.w.org\/{rel}","templated":true}]}}