{"id":2044,"date":"2024-06-19T13:54:21","date_gmt":"2024-06-19T16:54:21","guid":{"rendered":"https:\/\/www.acquavici.com.br\/?post_type=product&#038;p=2044"},"modified":"2024-06-24T15:10:11","modified_gmt":"2024-06-24T18:10:11","slug":"1-resistencia-ducha-linea-220v-5500w-zagonel","status":"publish","type":"product","link":"https:\/\/www.acquavici.com.br\/en\/1-resistencia-ducha-linea-220v-5500w-zagonel\/","title":{"rendered":"RESIST\u00caNCIA DUCHA LINEA 220V 5.500W ZAGONEL"},"content":{"rendered":"<p>Com f\u00e1cil instala\u00e7\u00e3o e troca de resist\u00eancia, garante seguran\u00e7a e prote\u00e7\u00e3o contra choques, o combo perfeito para sua casa: beleza, qualidade e efici\u00eancia.<\/p>\n<p>Itens inclusos:<br \/>\n1 Resist\u00eancia Ducha LINEA 220v 5500w Zagonel;<br \/>\n1 Manual de Instru\u00e7\u00f5es;<\/p>\n<p>ATEN\u00c7\u00c3O<br \/>\nEnviado com Nota Fiscal<\/p>\n<p>SOMOS ASSIST\u00caNCIA T\u00c9CNICA AUTORIZADA ZAGONEL.<\/p>","protected":false},"excerpt":{"rendered":"<p>Com f\u00e1cil instala\u00e7\u00e3o e troca de resist\u00eancia, garante seguran\u00e7a e prote\u00e7\u00e3o contra choques, o combo perfeito para sua casa: beleza, qualidade e efici\u00eancia. Itens inclusos: 1 Resist\u00eancia Ducha LINEA 220v 5500w Zagonel; 1 Manual de Instru\u00e7\u00f5es; ATEN\u00c7\u00c3O Enviado com Nota Fiscal SOMOS ASSIST\u00caNCIA T\u00c9CNICA AUTORIZADA ZAGONEL.<\/p>","protected":false},"featured_media":2046,"comment_status":"closed","ping_status":"closed","template":"","meta":[],"product_brand":[],"product_cat":[24],"product_tag":[],"class_list":{"0":"post-2044","1":"product","2":"type-product","3":"status-publish","4":"has-post-thumbnail","6":"product_cat-duchas-chuveiros","8":"first","9":"instock","10":"shipping-taxable","11":"purchasable","12":"product-type-simple"},"_links":{"self":[{"href":"https:\/\/www.acquavici.com.br\/en\/wp-json\/wp\/v2\/product\/2044","targetHints":{"allow":["GET"]}}],"collection":[{"href":"https:\/\/www.acquavici.com.br\/en\/wp-json\/wp\/v2\/product"}],"about":[{"href":"https:\/\/www.acquavici.com.br\/en\/wp-json\/wp\/v2\/types\/product"}],"replies":[{"embeddable":true,"href":"https:\/\/www.acquavici.com.br\/en\/wp-json\/wp\/v2\/comments?post=2044"}],"wp:featuredmedia":[{"embeddable":true,"href":"https:\/\/www.acquavici.com.br\/en\/wp-json\/wp\/v2\/media\/2046"}],"wp:attachment":[{"href":"https:\/\/www.acquavici.com.br\/en\/wp-json\/wp\/v2\/media?parent=2044"}],"wp:term":[{"taxonomy":"product_brand","embeddable":true,"href":"https:\/\/www.acquavici.com.br\/en\/wp-json\/wp\/v2\/product_brand?post=2044"},{"taxonomy":"product_cat","embeddable":true,"href":"https:\/\/www.acquavici.com.br\/en\/wp-json\/wp\/v2\/product_cat?post=2044"},{"taxonomy":"product_tag","embeddable":true,"href":"https:\/\/www.acquavici.com.br\/en\/wp-json\/wp\/v2\/product_tag?post=2044"}],"curies":[{"name":"wp","href":"https:\/\/api.w.org\/{rel}","templated":true}]}}