{"id":2061,"date":"2024-06-21T10:48:42","date_gmt":"2024-06-21T13:48:42","guid":{"rendered":"https:\/\/www.acquavici.com.br\/?post_type=product&#038;p=2061"},"modified":"2024-07-10T13:17:07","modified_gmt":"2024-07-10T16:17:07","slug":"ducha-moment-4-temperaturas-127v-6800w-zagonel","status":"publish","type":"product","link":"https:\/\/www.acquavici.com.br\/en\/ducha-moment-4-temperaturas-127v-6800w-zagonel\/","title":{"rendered":"DUCHA MOMENT PREMIUN 4 TEMPERATURA 127V 5.500W BRANCO ZAGONEL"},"content":{"rendered":"<p>SUPER LAN\u00c7AMENTO!<\/p>\n<p>Ducha Moment 4 Temperaturas Zagonel<\/p>\n<p>Com design moderno e linhas que remetem a identidade da Zagonel, a ducha Moment, com suas 4 temperaturas e um jato com grande vaz\u00e3o de \u00e1gua, foi pensada para proporcionar uma experi\u00eancia de banho relaxante e revigorante para todos os momentos do seu dia.<\/p>\n<p>\u00d3tima Vaz\u00e3o de \u00c1gua para o seu Banho<\/p>\n<p>DETALHES T\u00c9CNICOS:<br \/>\nChave Seletora<br \/>\nInstala\u00e7\u00e3o R\u00e1pida e Econ\u00f4mica &#8211; Sem Cano<br \/>\nF\u00e1cil troca de resist\u00eancia<br \/>\nAcabamento Clean<br \/>\nPronto para o uso<br \/>\nAcionamento com baixa press\u00e3o d&#8217;\u00e1gua (1 m.c.a.)<br \/>\n12 meses de garantia de F\u00e1brica<br \/>\nCompat\u00edvel com sistema de prote\u00e7\u00e3o DR<br \/>\nCompat\u00edvel com sistema solar e a g\u00e1s<br \/>\nFabricado no Brasil<br \/>\nSistema de prote\u00e7\u00e3o contra choque<br \/>\nTens\u00e3o- 127V<br \/>\nPot\u00eancia- 5500w<\/p>\n<p>Itens inclusos:<br \/>\n1 DUCHA MOMENT PREMIUN 4 TEMPERATURA 127V 5.500W BRANCO ZAGONEL;<br \/>\n1 Chuveirinho;<br \/>\n1 Manual de Instru\u00e7\u00f5es;<\/p>\n<p>ATEN\u00c7\u00c3O<br \/>\nEnviado com Nota Fiscal<\/p>\n<p>SOMOS ASSIST\u00caNCIA T\u00c9CNICA AUTORIZADA ZAGONEL.<\/p>","protected":false},"excerpt":{"rendered":"<p>SUPER LAN\u00c7AMENTO! Ducha Moment 4 Temperaturas Zagonel Com design moderno e linhas que remetem a identidade da Zagonel, a ducha Moment, com suas 4 temperaturas e um jato com grande vaz\u00e3o de \u00e1gua, foi pensada para proporcionar uma experi\u00eancia de banho relaxante e revigorante para todos os momentos do seu dia. \u00d3tima Vaz\u00e3o de \u00c1gua [&hellip;]<\/p>","protected":false},"featured_media":1311,"comment_status":"closed","ping_status":"closed","template":"","meta":[],"product_brand":[],"product_cat":[24],"product_tag":[],"class_list":{"0":"post-2061","1":"product","2":"type-product","3":"status-publish","4":"has-post-thumbnail","6":"product_cat-duchas-chuveiros","8":"first","9":"instock","10":"shipping-taxable","11":"purchasable","12":"product-type-simple"},"_links":{"self":[{"href":"https:\/\/www.acquavici.com.br\/en\/wp-json\/wp\/v2\/product\/2061","targetHints":{"allow":["GET"]}}],"collection":[{"href":"https:\/\/www.acquavici.com.br\/en\/wp-json\/wp\/v2\/product"}],"about":[{"href":"https:\/\/www.acquavici.com.br\/en\/wp-json\/wp\/v2\/types\/product"}],"replies":[{"embeddable":true,"href":"https:\/\/www.acquavici.com.br\/en\/wp-json\/wp\/v2\/comments?post=2061"}],"wp:featuredmedia":[{"embeddable":true,"href":"https:\/\/www.acquavici.com.br\/en\/wp-json\/wp\/v2\/media\/1311"}],"wp:attachment":[{"href":"https:\/\/www.acquavici.com.br\/en\/wp-json\/wp\/v2\/media?parent=2061"}],"wp:term":[{"taxonomy":"product_brand","embeddable":true,"href":"https:\/\/www.acquavici.com.br\/en\/wp-json\/wp\/v2\/product_brand?post=2061"},{"taxonomy":"product_cat","embeddable":true,"href":"https:\/\/www.acquavici.com.br\/en\/wp-json\/wp\/v2\/product_cat?post=2061"},{"taxonomy":"product_tag","embeddable":true,"href":"https:\/\/www.acquavici.com.br\/en\/wp-json\/wp\/v2\/product_tag?post=2061"}],"curies":[{"name":"wp","href":"https:\/\/api.w.org\/{rel}","templated":true}]}}