{"id":2065,"date":"2024-06-22T11:41:06","date_gmt":"2024-06-22T14:41:06","guid":{"rendered":"https:\/\/www.acquavici.com.br\/?post_type=product&#038;p=2065"},"modified":"2024-07-10T10:26:53","modified_gmt":"2024-07-10T13:26:53","slug":"cano-haste-ducha-40cm-zagonel","status":"publish","type":"product","link":"https:\/\/www.acquavici.com.br\/en\/cano-haste-ducha-40cm-zagonel\/","title":{"rendered":"CANO HASTE DUCHA 40CM ZAGONEL"},"content":{"rendered":"<p>CANO HASTE DUCHA 40CM ZAGONEL<\/p>\n<p>Descri\u00e7\u00e3o:<br \/>\nO Cano para Chuveiro\u00a0 proporciona beleza e funcionalidade ao seu banheiro.<\/p>\n<p>Seu projeto contempla um alojamento que esconde a fia\u00e7\u00e3o do chuveiro at\u00e9 a parede, ganhando em seguran\u00e7a e estilo.<\/p>\n<p>Forma um par perfeito com os chuveiros da Zagonel e tamb\u00e9m se adapta aos demais chuveiros do mercado.<\/p>\n<p>Cor: Branco<br \/>\nMaterial: Termopl\u00e1stico<\/p>\n<p>Cor: Branco<br \/>\nMaterial: Termopl\u00e1stico<br \/>\nComprimento: 40 cm<\/p>\n<p>Itens inclusos:<br \/>\n1 CANO HASTE DUCHA 40CM ZAGONEL;<\/p>\n<p>ATEN\u00c7\u00c3O<br \/>\nEnviado com Nota Fiscal.<\/p>\n<p>SOMOS ASSIST\u00caNCIA T\u00c9CNICA AUTORIZADA ZAGONEL<\/p>","protected":false},"excerpt":{"rendered":"<p>CANO HASTE DUCHA 40CM ZAGONEL Descri\u00e7\u00e3o: O Cano para Chuveiro\u00a0 proporciona beleza e funcionalidade ao seu banheiro. Seu projeto contempla um alojamento que esconde a fia\u00e7\u00e3o do chuveiro at\u00e9 a parede, ganhando em seguran\u00e7a e estilo. Forma um par perfeito com os chuveiros da Zagonel e tamb\u00e9m se adapta aos demais chuveiros do mercado. Cor: [&hellip;]<\/p>","protected":false},"featured_media":2070,"comment_status":"closed","ping_status":"closed","template":"","meta":[],"product_brand":[],"product_cat":[24,17],"product_tag":[],"class_list":{"0":"post-2065","1":"product","2":"type-product","3":"status-publish","4":"has-post-thumbnail","6":"product_cat-duchas-chuveiros","7":"product_cat-pecas-em-geral","9":"first","10":"instock","11":"shipping-taxable","12":"purchasable","13":"product-type-simple"},"_links":{"self":[{"href":"https:\/\/www.acquavici.com.br\/en\/wp-json\/wp\/v2\/product\/2065","targetHints":{"allow":["GET"]}}],"collection":[{"href":"https:\/\/www.acquavici.com.br\/en\/wp-json\/wp\/v2\/product"}],"about":[{"href":"https:\/\/www.acquavici.com.br\/en\/wp-json\/wp\/v2\/types\/product"}],"replies":[{"embeddable":true,"href":"https:\/\/www.acquavici.com.br\/en\/wp-json\/wp\/v2\/comments?post=2065"}],"wp:featuredmedia":[{"embeddable":true,"href":"https:\/\/www.acquavici.com.br\/en\/wp-json\/wp\/v2\/media\/2070"}],"wp:attachment":[{"href":"https:\/\/www.acquavici.com.br\/en\/wp-json\/wp\/v2\/media?parent=2065"}],"wp:term":[{"taxonomy":"product_brand","embeddable":true,"href":"https:\/\/www.acquavici.com.br\/en\/wp-json\/wp\/v2\/product_brand?post=2065"},{"taxonomy":"product_cat","embeddable":true,"href":"https:\/\/www.acquavici.com.br\/en\/wp-json\/wp\/v2\/product_cat?post=2065"},{"taxonomy":"product_tag","embeddable":true,"href":"https:\/\/www.acquavici.com.br\/en\/wp-json\/wp\/v2\/product_tag?post=2065"}],"curies":[{"name":"wp","href":"https:\/\/api.w.org\/{rel}","templated":true}]}}