{"id":2092,"date":"2024-06-24T13:37:46","date_gmt":"2024-06-24T16:37:46","guid":{"rendered":"https:\/\/www.acquavici.com.br\/?post_type=product&#038;p=2092"},"modified":"2024-07-10T13:42:23","modified_gmt":"2024-07-10T16:42:23","slug":"resistencia-ducha-ducali-220v-7-500w-zagonel","status":"publish","type":"product","link":"https:\/\/www.acquavici.com.br\/en\/resistencia-ducha-ducali-220v-7-500w-zagonel\/","title":{"rendered":"RESISTENCIA DUCHA DUCALI 220V 7.500W ZAGONEL"},"content":{"rendered":"<p>Como elas s\u00e3o eletr\u00f4nicas, possuem ajuste de temperatura progressiva, ou seja, o pr\u00f3prio usu\u00e1rio escolhe a temperatura que mais for confort\u00e1vel.<br \/>\nEla \u00e9 dur\u00e1vel, segura e econ\u00f4mica, trazendo seguran\u00e7a no momento da substitui\u00e7\u00e3o e conforto na hora da utiliza\u00e7\u00e3o.<\/p>\n<p>Resist\u00eancia para modelos de duchas:<br \/>\nDucha Ducali.<\/p>\n<p>Itens inclusos:<br \/>\n1 Resist\u00eancia;<br \/>\n1 Manual de Instru\u00e7\u00f5es;<\/p>\n<p>ATEN\u00c7\u00c3O<br \/>\nEnviado com Nota Fiscal<\/p>\n<p>SOMOS ASSIST\u00caNCIA T\u00c9CNICA AUTORIZADA ZAGONEL.<\/p>","protected":false},"excerpt":{"rendered":"<p>Como elas s\u00e3o eletr\u00f4nicas, possuem ajuste de temperatura progressiva, ou seja, o pr\u00f3prio usu\u00e1rio escolhe a temperatura que mais for confort\u00e1vel. Ela \u00e9 dur\u00e1vel, segura e econ\u00f4mica, trazendo seguran\u00e7a no momento da substitui\u00e7\u00e3o e conforto na hora da utiliza\u00e7\u00e3o. Resist\u00eancia para modelos de duchas: Ducha Ducali. Itens inclusos: 1 Resist\u00eancia; 1 Manual de Instru\u00e7\u00f5es; ATEN\u00c7\u00c3O [&hellip;]<\/p>","protected":false},"featured_media":1047,"comment_status":"closed","ping_status":"closed","template":"","meta":[],"product_brand":[],"product_cat":[24,17],"product_tag":[],"class_list":{"0":"post-2092","1":"product","2":"type-product","3":"status-publish","4":"has-post-thumbnail","6":"product_cat-duchas-chuveiros","7":"product_cat-pecas-em-geral","9":"first","10":"instock","11":"shipping-taxable","12":"purchasable","13":"product-type-simple"},"_links":{"self":[{"href":"https:\/\/www.acquavici.com.br\/en\/wp-json\/wp\/v2\/product\/2092","targetHints":{"allow":["GET"]}}],"collection":[{"href":"https:\/\/www.acquavici.com.br\/en\/wp-json\/wp\/v2\/product"}],"about":[{"href":"https:\/\/www.acquavici.com.br\/en\/wp-json\/wp\/v2\/types\/product"}],"replies":[{"embeddable":true,"href":"https:\/\/www.acquavici.com.br\/en\/wp-json\/wp\/v2\/comments?post=2092"}],"wp:featuredmedia":[{"embeddable":true,"href":"https:\/\/www.acquavici.com.br\/en\/wp-json\/wp\/v2\/media\/1047"}],"wp:attachment":[{"href":"https:\/\/www.acquavici.com.br\/en\/wp-json\/wp\/v2\/media?parent=2092"}],"wp:term":[{"taxonomy":"product_brand","embeddable":true,"href":"https:\/\/www.acquavici.com.br\/en\/wp-json\/wp\/v2\/product_brand?post=2092"},{"taxonomy":"product_cat","embeddable":true,"href":"https:\/\/www.acquavici.com.br\/en\/wp-json\/wp\/v2\/product_cat?post=2092"},{"taxonomy":"product_tag","embeddable":true,"href":"https:\/\/www.acquavici.com.br\/en\/wp-json\/wp\/v2\/product_tag?post=2092"}],"curies":[{"name":"wp","href":"https:\/\/api.w.org\/{rel}","templated":true}]}}