{"id":210,"date":"2024-04-17T10:47:36","date_gmt":"2024-04-17T13:47:36","guid":{"rendered":"https:\/\/www.acquavici.com.br\/?post_type=product&#038;p=210"},"modified":"2024-04-17T10:48:44","modified_gmt":"2024-04-17T13:48:44","slug":"tortneira-eletronica-com-purificador-puravitta-220v-5500w-branca-parede","status":"publish","type":"product","link":"https:\/\/www.acquavici.com.br\/en\/tortneira-eletronica-com-purificador-puravitta-220v-5500w-branca-parede\/","title":{"rendered":"Tortneira Eletr\u00f4nica com Purificador PURAVITTA 220v 5500w Branca Parede"},"content":{"rendered":"<p>A Torneira Eletr\u00f4nica com Purificador Puravitta \u00e9 o primeiro produto 3 em 1 do mercado: \u00c1gua natural, quente (com a possibilidade de ajustes de temperatura mesmo durante o uso) e filtrada, sem a necessidade de ter um ponto extra de \u00e1gua,<\/p>\n<p>\u00c1GUA MAIS SAUD\u00c1VEL, A Torneira Eletr\u00f4nica com Purificador garante uma \u00e1gua filtrada, removendo mais de 75% do cloro da \u00e1gua devido a sua tecnologia Carbon Block, al\u00e9m de remover res\u00edduos como areia, barro, limo e ferrugem, mantendo o fl\u00faor e os sais minerais.<\/p>\n<p>PRATICIDADE E QUALIDADE A exclusividade de ter em um s\u00f3 produto \u00e1gua quente e natural para realiza\u00e7\u00f5es das atividades, e ainda contar com \u00e1gua filtrada, eliminando a necessidade de ponto extra \u00e1gua para instala\u00e7\u00e3o do filtro.<\/p>\n<p>SISTEMA ELETR\u00d4NICO O sistema permite in\u00fameras possibilidades de ajuste de temperatura, al\u00e9m de alter\u00e1-la de forma f\u00e1cil, mesmo durante o uso. Possui luz de LED permitindo identificar a temperatura da \u00e1gua pela cor.<\/p>","protected":false},"excerpt":{"rendered":"<p>A Torneira Eletr\u00f4nica com Purificador Puravitta \u00e9 o primeiro produto 3 em 1 do mercado: \u00c1gua natural, quente (com a possibilidade de ajustes de temperatura mesmo durante o uso) e filtrada, sem a necessidade de ter um ponto extra de \u00e1gua, \u00c1GUA MAIS SAUD\u00c1VEL, A Torneira Eletr\u00f4nica com Purificador garante uma \u00e1gua filtrada, removendo mais [&hellip;]<\/p>","protected":false},"featured_media":287,"comment_status":"open","ping_status":"closed","template":"","meta":[],"product_brand":[],"product_cat":[19],"product_tag":[],"class_list":{"0":"post-210","1":"product","2":"type-product","3":"status-publish","4":"has-post-thumbnail","6":"product_cat-torneiras","8":"first","9":"instock","10":"shipping-taxable","11":"purchasable","12":"product-type-simple"},"_links":{"self":[{"href":"https:\/\/www.acquavici.com.br\/en\/wp-json\/wp\/v2\/product\/210","targetHints":{"allow":["GET"]}}],"collection":[{"href":"https:\/\/www.acquavici.com.br\/en\/wp-json\/wp\/v2\/product"}],"about":[{"href":"https:\/\/www.acquavici.com.br\/en\/wp-json\/wp\/v2\/types\/product"}],"replies":[{"embeddable":true,"href":"https:\/\/www.acquavici.com.br\/en\/wp-json\/wp\/v2\/comments?post=210"}],"wp:featuredmedia":[{"embeddable":true,"href":"https:\/\/www.acquavici.com.br\/en\/wp-json\/wp\/v2\/media\/287"}],"wp:attachment":[{"href":"https:\/\/www.acquavici.com.br\/en\/wp-json\/wp\/v2\/media?parent=210"}],"wp:term":[{"taxonomy":"product_brand","embeddable":true,"href":"https:\/\/www.acquavici.com.br\/en\/wp-json\/wp\/v2\/product_brand?post=210"},{"taxonomy":"product_cat","embeddable":true,"href":"https:\/\/www.acquavici.com.br\/en\/wp-json\/wp\/v2\/product_cat?post=210"},{"taxonomy":"product_tag","embeddable":true,"href":"https:\/\/www.acquavici.com.br\/en\/wp-json\/wp\/v2\/product_tag?post=210"}],"curies":[{"name":"wp","href":"https:\/\/api.w.org\/{rel}","templated":true}]}}