{"id":2112,"date":"2024-06-28T09:25:11","date_gmt":"2024-06-28T12:25:11","guid":{"rendered":"https:\/\/www.acquavici.com.br\/?post_type=product&#038;p=2112"},"modified":"2024-07-12T09:58:57","modified_gmt":"2024-07-12T12:58:57","slug":"torneira-com-filtro-para-cozinha-de-mesa-lorenzetti-acqua-due","status":"publish","type":"product","link":"https:\/\/www.acquavici.com.br\/en\/torneira-com-filtro-para-cozinha-de-mesa-lorenzetti-acqua-due\/","title":{"rendered":"TORNEIRA COZINHA COM PURIFICADOR ACQUA DUE MESA LORENZETTI"},"content":{"rendered":"<p>A torneira \u00e9 sem d\u00favidas o acess\u00f3rio mais utilizado dentro de uma cozinha, pois al\u00e9m de fornecer a \u00e1gua necess\u00e1ria para lavar e cozinhar os alimentos ela tamb\u00e9m \u00e9 a respons\u00e1vel por deixar tudo limpinho e brilhando ap\u00f3s cada refei\u00e7\u00e3o.<\/p>\n<p>E para deixar a sua cozinha completa e funcional, a Lorenzetti traz a torneira com filtro Acqua Due. Com instala\u00e7\u00e3o de mesa, ela une perfeitamente a tecnologia com design.<\/p>\n<p>Possui bica m\u00f3vel para facilitar as atividades do dia a dia e com ela ainda \u00e9 poss\u00edvel ter acesso \u00e0 \u00e1gua natural e purificada, ideal para o consumo. Seu design slim foi criado para levar leveza e modernidade ao ambiente, deixando-o ainda mais bonito.<\/p>\n<p>Itens Inclusos :<br \/>\n01 Torneira com Filtro para Cozinha de MESA &#8211; Lorenzetti Acqua Due;<\/p>\n<p>ATEN\u00c7\u00c3O<br \/>\nEnviado com Nota Fiscal.<\/p>\n<p>SOMOS ASSIST\u00caNCIA T\u00c9CNICA AUTORIZADA LORENZETTI.<\/p>","protected":false},"excerpt":{"rendered":"<p>A torneira \u00e9 sem d\u00favidas o acess\u00f3rio mais utilizado dentro de uma cozinha, pois al\u00e9m de fornecer a \u00e1gua necess\u00e1ria para lavar e cozinhar os alimentos ela tamb\u00e9m \u00e9 a respons\u00e1vel por deixar tudo limpinho e brilhando ap\u00f3s cada refei\u00e7\u00e3o. E para deixar a sua cozinha completa e funcional, a Lorenzetti traz a torneira com [&hellip;]<\/p>","protected":false},"featured_media":2117,"comment_status":"closed","ping_status":"closed","template":"","meta":[],"product_brand":[],"product_cat":[19],"product_tag":[],"class_list":{"0":"post-2112","1":"product","2":"type-product","3":"status-publish","4":"has-post-thumbnail","6":"product_cat-torneiras","8":"first","9":"instock","10":"shipping-taxable","11":"purchasable","12":"product-type-simple"},"_links":{"self":[{"href":"https:\/\/www.acquavici.com.br\/en\/wp-json\/wp\/v2\/product\/2112","targetHints":{"allow":["GET"]}}],"collection":[{"href":"https:\/\/www.acquavici.com.br\/en\/wp-json\/wp\/v2\/product"}],"about":[{"href":"https:\/\/www.acquavici.com.br\/en\/wp-json\/wp\/v2\/types\/product"}],"replies":[{"embeddable":true,"href":"https:\/\/www.acquavici.com.br\/en\/wp-json\/wp\/v2\/comments?post=2112"}],"wp:featuredmedia":[{"embeddable":true,"href":"https:\/\/www.acquavici.com.br\/en\/wp-json\/wp\/v2\/media\/2117"}],"wp:attachment":[{"href":"https:\/\/www.acquavici.com.br\/en\/wp-json\/wp\/v2\/media?parent=2112"}],"wp:term":[{"taxonomy":"product_brand","embeddable":true,"href":"https:\/\/www.acquavici.com.br\/en\/wp-json\/wp\/v2\/product_brand?post=2112"},{"taxonomy":"product_cat","embeddable":true,"href":"https:\/\/www.acquavici.com.br\/en\/wp-json\/wp\/v2\/product_cat?post=2112"},{"taxonomy":"product_tag","embeddable":true,"href":"https:\/\/www.acquavici.com.br\/en\/wp-json\/wp\/v2\/product_tag?post=2112"}],"curies":[{"name":"wp","href":"https:\/\/api.w.org\/{rel}","templated":true}]}}