{"id":2162,"date":"2024-07-18T09:37:11","date_gmt":"2024-07-18T12:37:11","guid":{"rendered":"https:\/\/www.acquavici.com.br\/?post_type=product&#038;p=2162"},"modified":"2024-07-18T09:48:40","modified_gmt":"2024-07-18T12:48:40","slug":"torneira-clean-3-temperatura-220v-5-500w-lorenzetti","status":"publish","type":"product","link":"https:\/\/www.acquavici.com.br\/en\/torneira-clean-3-temperatura-220v-5-500w-lorenzetti\/","title":{"rendered":"TORNEIRA CLEAN 3 TEMPERATURA 220V 5.500W LORENZETTI"},"content":{"rendered":"<p>a torneira el\u00e9trica modelo Clean tem design moderno, al\u00e9m de ser pr\u00e1tica e eficiente.<br \/>\nSua bica m\u00f3vel com arejador permite um jato de \u00e1gua suave e uniforme.<br \/>\nEla proporciona facilidade na limpeza das lou\u00e7as e utens\u00edlios da cozinha, e oferece 3 temperaturas diferentes: fria, morna e quente, o que facilita a remo\u00e7\u00e3o da sujeira e da gordura.<\/p>\n<p>Itens Inclusos :<br \/>\n01 TORNEIRA CLEAN 3 TEMPERATURA 220V 5.500W LORENZETTI;<\/p>\n<p>ATEN\u00c7\u00c3O<br \/>\nEnviado com Nota Fiscal.<\/p>\n<p>SOMOS ASSIST\u00caNCIA T\u00c9CNICA AUTORIZADA LORENZETTI.<\/p>","protected":false},"excerpt":{"rendered":"<p>a torneira el\u00e9trica modelo Clean tem design moderno, al\u00e9m de ser pr\u00e1tica e eficiente. Sua bica m\u00f3vel com arejador permite um jato de \u00e1gua suave e uniforme. Ela proporciona facilidade na limpeza das lou\u00e7as e utens\u00edlios da cozinha, e oferece 3 temperaturas diferentes: fria, morna e quente, o que facilita a remo\u00e7\u00e3o da sujeira e [&hellip;]<\/p>","protected":false},"featured_media":2165,"comment_status":"closed","ping_status":"closed","template":"","meta":[],"product_brand":[],"product_cat":[19],"product_tag":[],"class_list":{"0":"post-2162","1":"product","2":"type-product","3":"status-publish","4":"has-post-thumbnail","6":"product_cat-torneiras","8":"first","9":"instock","10":"shipping-taxable","11":"purchasable","12":"product-type-simple"},"_links":{"self":[{"href":"https:\/\/www.acquavici.com.br\/en\/wp-json\/wp\/v2\/product\/2162","targetHints":{"allow":["GET"]}}],"collection":[{"href":"https:\/\/www.acquavici.com.br\/en\/wp-json\/wp\/v2\/product"}],"about":[{"href":"https:\/\/www.acquavici.com.br\/en\/wp-json\/wp\/v2\/types\/product"}],"replies":[{"embeddable":true,"href":"https:\/\/www.acquavici.com.br\/en\/wp-json\/wp\/v2\/comments?post=2162"}],"wp:featuredmedia":[{"embeddable":true,"href":"https:\/\/www.acquavici.com.br\/en\/wp-json\/wp\/v2\/media\/2165"}],"wp:attachment":[{"href":"https:\/\/www.acquavici.com.br\/en\/wp-json\/wp\/v2\/media?parent=2162"}],"wp:term":[{"taxonomy":"product_brand","embeddable":true,"href":"https:\/\/www.acquavici.com.br\/en\/wp-json\/wp\/v2\/product_brand?post=2162"},{"taxonomy":"product_cat","embeddable":true,"href":"https:\/\/www.acquavici.com.br\/en\/wp-json\/wp\/v2\/product_cat?post=2162"},{"taxonomy":"product_tag","embeddable":true,"href":"https:\/\/www.acquavici.com.br\/en\/wp-json\/wp\/v2\/product_tag?post=2162"}],"curies":[{"name":"wp","href":"https:\/\/api.w.org\/{rel}","templated":true}]}}