{"id":2180,"date":"2024-07-18T12:05:54","date_gmt":"2024-07-18T15:05:54","guid":{"rendered":"https:\/\/www.acquavici.com.br\/?post_type=product&#038;p=2180"},"modified":"2024-07-18T12:05:55","modified_gmt":"2024-07-18T15:05:55","slug":"torneira-com-filtro-acqua-bella-parede-purificador-lorenzetti","status":"publish","type":"product","link":"https:\/\/www.acquavici.com.br\/en\/torneira-com-filtro-acqua-bella-parede-purificador-lorenzetti\/","title":{"rendered":"TORNEIRA COM FILTRO ACQUA BELLA PAREDE PURIFICADOR LORENZETTI"},"content":{"rendered":"<p>O Purificador de \u00c1gua Lorenzetti Acqua Bella possui um sistema exclusivo de purifica\u00e7\u00e3o da \u00e1gua capaz de deixar sua \u00e1gua pura e cristalina. Com o Purificador de \u00e1gua Lorenzetti voc\u00ea ter\u00e1 \u00e1gua pura e livre de bact\u00e9rias de um jeito simples e descomplicado.<\/p>\n<p>N\u00c3O DISP\u00d5E DE \u00c1GUA GELADA, APENAS NATURAL<\/p>\n<p>F\u00e1cil instala\u00e7\u00e3o e muita Economia<br \/>\nA instala\u00e7\u00e3o do Purificador de \u00c1gua Lorenzetti pode ser feita por qualquer pessoa sem complica\u00e7\u00f5es.<\/p>\n<p>Onde instalar o Purificador de \u00c1gua Lorenzetti ?<br \/>\nNa parede da sua casa, do seu escrit\u00f3rio ou da sua empresa.<br \/>\nTamb\u00e9m pode ser instalado em bares, restaurantes e condom\u00ednios.<\/p>\n<p>Como instalar o purificador de \u00c1gua Lorenzetti ?<br \/>\nNo ponto de \u00e1gua exclusivo, na torneira de parede ou no flex\u00edvel da pia com medidas de cm ou polegada, a instala\u00e7\u00e3o ser\u00e1 simples e f\u00e1cil.<\/p>\n<p>Sistema de Filtragem da \u00c1gua<br \/>\nO sistema exclusivo de filtragem do Filtro Lorenzetti \u00e9 capaz de eliminar impurezas s\u00f3lidas como barro, ferrugem, fungos e algas, al\u00e9m de eliminar odores e sabores indesej\u00e1veis da \u00e1gua.<br \/>\nVida \u00datil: 06 meses ou 1000 Litros<br \/>\nReten\u00e7\u00e3o de Part\u00edculas: Classe D<br \/>\nRedu\u00e7\u00e3o de Cloro Livre: Aprovado<\/p>\n<p>Refil Troca F\u00e1cil e Econ\u00f4mico<br \/>\nSua instala\u00e7\u00e3o pode ser feita por qualquer pessoa sem complica\u00e7\u00f5es.<\/p>\n<p>Dimens\u00f5es e Peso<br \/>\nDimens\u00f5es do produto sem embalagem (AxLxP): 26,4x30x9,6cm<br \/>\nPeso do produto sem embalagem: 500 g<\/p>\n<p>Caracter\u00edsticas<br \/>\nFun\u00e7\u00f5es: Sem refrigera\u00e7\u00e3o<br \/>\nEst\u00e1gios de Filtragem: 03<br \/>\nLigado na Rede de \u00c1gua<br \/>\nN\u00e3o Utiliza Energia El\u00e9trica<br \/>\nVaz\u00e3o Nominal: 30 L\/h<\/p>\n<p>Especifica\u00e7\u00f5es T\u00e9cnicas<br \/>\nAcqua Bella: Purificador Lorenzetti Acqua Bella<br \/>\nVoltagem: N\u00e3o El\u00e9trico<br \/>\nCor: Branco<\/p>\n<p>Itens Inclusos :<br \/>\n01 TORNEIRA COM FILTRO ACQUA BELLA PAREDE PURIFICADOR LORENZETTI<\/p>\n<p>ATEN\u00c7\u00c3O<br \/>\nEnviado com Nota Fiscal.<\/p>\n<p>SOMOS ASSIST\u00caNCIA T\u00c9CNICA AUTORIZADA LORENZETTI.<\/p>","protected":false},"excerpt":{"rendered":"<p>O Purificador de \u00c1gua Lorenzetti Acqua Bella possui um sistema exclusivo de purifica\u00e7\u00e3o da \u00e1gua capaz de deixar sua \u00e1gua pura e cristalina. Com o Purificador de \u00e1gua Lorenzetti voc\u00ea ter\u00e1 \u00e1gua pura e livre de bact\u00e9rias de um jeito simples e descomplicado. N\u00c3O DISP\u00d5E DE \u00c1GUA GELADA, APENAS NATURAL F\u00e1cil instala\u00e7\u00e3o e muita Economia [&hellip;]<\/p>","protected":false},"featured_media":2183,"comment_status":"closed","ping_status":"closed","template":"","meta":[],"product_brand":[],"product_cat":[19],"product_tag":[],"class_list":{"0":"post-2180","1":"product","2":"type-product","3":"status-publish","4":"has-post-thumbnail","6":"product_cat-torneiras","8":"first","9":"instock","10":"shipping-taxable","11":"purchasable","12":"product-type-simple"},"_links":{"self":[{"href":"https:\/\/www.acquavici.com.br\/en\/wp-json\/wp\/v2\/product\/2180","targetHints":{"allow":["GET"]}}],"collection":[{"href":"https:\/\/www.acquavici.com.br\/en\/wp-json\/wp\/v2\/product"}],"about":[{"href":"https:\/\/www.acquavici.com.br\/en\/wp-json\/wp\/v2\/types\/product"}],"replies":[{"embeddable":true,"href":"https:\/\/www.acquavici.com.br\/en\/wp-json\/wp\/v2\/comments?post=2180"}],"wp:featuredmedia":[{"embeddable":true,"href":"https:\/\/www.acquavici.com.br\/en\/wp-json\/wp\/v2\/media\/2183"}],"wp:attachment":[{"href":"https:\/\/www.acquavici.com.br\/en\/wp-json\/wp\/v2\/media?parent=2180"}],"wp:term":[{"taxonomy":"product_brand","embeddable":true,"href":"https:\/\/www.acquavici.com.br\/en\/wp-json\/wp\/v2\/product_brand?post=2180"},{"taxonomy":"product_cat","embeddable":true,"href":"https:\/\/www.acquavici.com.br\/en\/wp-json\/wp\/v2\/product_cat?post=2180"},{"taxonomy":"product_tag","embeddable":true,"href":"https:\/\/www.acquavici.com.br\/en\/wp-json\/wp\/v2\/product_tag?post=2180"}],"curies":[{"name":"wp","href":"https:\/\/api.w.org\/{rel}","templated":true}]}}