{"id":2244,"date":"2024-07-30T13:50:46","date_gmt":"2024-07-30T16:50:46","guid":{"rendered":"https:\/\/www.acquavici.com.br\/?post_type=product&#038;p=2244"},"modified":"2024-09-05T11:07:42","modified_gmt":"2024-09-05T14:07:42","slug":"ducha-fluir-4-temperaturas-220v-6800w-zagonel","status":"publish","type":"product","link":"https:\/\/www.acquavici.com.br\/en\/ducha-fluir-4-temperaturas-220v-6800w-zagonel\/","title":{"rendered":"DUCHA FLUIR 4 TEMPERATURAS 220V 6800W ZAGONEL"},"content":{"rendered":"<p>DUCHA FLUIR 4 TEMPERATURAS 220V 6800W ZAGONEL<\/p>\n<p>Apresentamos a ducha Fluir, o mais recente lan\u00e7amento Zagonel, criado para elevar sua experi\u00eancia de banho a um n\u00edvel totalmente novo.<br \/>\nA nova ducha foi projetada para trazer seguran\u00e7a aos seus usu\u00e1rios, com uma instala\u00e7\u00e3o simples e manuseio intuitivo.<\/p>\n<p>Com 4 op\u00e7\u00f5es de temperatura facilmente ajust\u00e1veis, oferece um banho quente e relaxante para come\u00e7ar bem o seu dia.<\/p>\n<p>A ducha Fluir traz consigo um amplo espalhador, com jatos intensos e um peso de banho \u00fanico, proporcionando uma experi\u00eancia de banho confort\u00e1vel e agrad\u00e1vel.<\/p>\n<p>Itens Inclusos :<br \/>\n01 DUCHA FLUIR 4 TEMPERATURAS 220V 6800W ZAGONEL<\/p>\n<p>ATEN\u00c7\u00c3O<br \/>\nEnviado com Nota Fiscal.<\/p>\n<p>SOMOS ASSIST\u00caNCIA T\u00c9CNICA AUTORIZADA LORENZETTI.<\/p>","protected":false},"excerpt":{"rendered":"<p>DUCHA FLUIR 4 TEMPERATURAS 220V 6800W ZAGONEL Apresentamos a ducha Fluir, o mais recente lan\u00e7amento Zagonel, criado para elevar sua experi\u00eancia de banho a um n\u00edvel totalmente novo. A nova ducha foi projetada para trazer seguran\u00e7a aos seus usu\u00e1rios, com uma instala\u00e7\u00e3o simples e manuseio intuitivo. Com 4 op\u00e7\u00f5es de temperatura facilmente ajust\u00e1veis, oferece um [&hellip;]<\/p>","protected":false},"featured_media":2245,"comment_status":"closed","ping_status":"closed","template":"","meta":[],"product_brand":[],"product_cat":[24],"product_tag":[],"class_list":{"0":"post-2244","1":"product","2":"type-product","3":"status-publish","4":"has-post-thumbnail","6":"product_cat-duchas-chuveiros","8":"first","9":"instock","10":"shipping-taxable","11":"purchasable","12":"product-type-simple"},"_links":{"self":[{"href":"https:\/\/www.acquavici.com.br\/en\/wp-json\/wp\/v2\/product\/2244","targetHints":{"allow":["GET"]}}],"collection":[{"href":"https:\/\/www.acquavici.com.br\/en\/wp-json\/wp\/v2\/product"}],"about":[{"href":"https:\/\/www.acquavici.com.br\/en\/wp-json\/wp\/v2\/types\/product"}],"replies":[{"embeddable":true,"href":"https:\/\/www.acquavici.com.br\/en\/wp-json\/wp\/v2\/comments?post=2244"}],"wp:featuredmedia":[{"embeddable":true,"href":"https:\/\/www.acquavici.com.br\/en\/wp-json\/wp\/v2\/media\/2245"}],"wp:attachment":[{"href":"https:\/\/www.acquavici.com.br\/en\/wp-json\/wp\/v2\/media?parent=2244"}],"wp:term":[{"taxonomy":"product_brand","embeddable":true,"href":"https:\/\/www.acquavici.com.br\/en\/wp-json\/wp\/v2\/product_brand?post=2244"},{"taxonomy":"product_cat","embeddable":true,"href":"https:\/\/www.acquavici.com.br\/en\/wp-json\/wp\/v2\/product_cat?post=2244"},{"taxonomy":"product_tag","embeddable":true,"href":"https:\/\/www.acquavici.com.br\/en\/wp-json\/wp\/v2\/product_tag?post=2244"}],"curies":[{"name":"wp","href":"https:\/\/api.w.org\/{rel}","templated":true}]}}