{"id":2253,"date":"2024-07-30T14:12:29","date_gmt":"2024-07-30T17:12:29","guid":{"rendered":"https:\/\/www.acquavici.com.br\/?post_type=product&#038;p=2253"},"modified":"2024-07-30T14:12:29","modified_gmt":"2024-07-30T17:12:29","slug":"ducha-master-banho-com-cano-br-110v-5500w-zagonel","status":"publish","type":"product","link":"https:\/\/www.acquavici.com.br\/en\/ducha-master-banho-com-cano-br-110v-5500w-zagonel\/","title":{"rendered":"DUCHA MASTER BANHO COM CANO BR 110V 5500W ZAGONEL"},"content":{"rendered":"<p>Ducha de f\u00e1cil instala\u00e7\u00e3o, oferece conforto e praticidade com seu sistema de temperatura progressiva e regulagem \u00e0 dist\u00e2ncia.<\/p>\n<p>Acompanha o produto:<br \/>\n&#8211; Cano 30cm<br \/>\n&#8211; 3 conectores Zagonel<br \/>\n&#8211; Fita veda rosca<\/p>\n<p>110V &#8211; 5500W<\/p>\n<p>Vantagens e Diferencial:<br \/>\n\u00d3tima vaz\u00e3o d&#8217;\u00e1gua para o seu banho<br \/>\nRegulagem de temperatura \u00e0 dist\u00e2ncia<br \/>\nAcionamento com baixa press\u00e3o d&#8217;\u00e1gua (1 m.c.a.)<br \/>\n12 meses de garantia<br \/>\nResist\u00eancia com 3 meses garantia<br \/>\nTemperatura progressiva: Ajuste gradual<br \/>\nCompat\u00edvel com sistema de prote\u00e7\u00e3o DR<br \/>\nCompat\u00edvel com sistema solar e a g\u00e1s<br \/>\nFabricado no Brasil<\/p>\n<p>Itens Inclusos :<br \/>\n01 DUCHA MASTER BANHO COM CANO BR 110V 5500W ZAGONEL;<\/p>\n<p>ATEN\u00c7\u00c3O<br \/>\nEnviado com Nota Fiscal.<\/p>\n<p>SOMOS ASSIST\u00caNCIA T\u00c9CNICA AUTORIZADA LORENZETTI.<\/p>","protected":false},"excerpt":{"rendered":"<p>Ducha de f\u00e1cil instala\u00e7\u00e3o, oferece conforto e praticidade com seu sistema de temperatura progressiva e regulagem \u00e0 dist\u00e2ncia. Acompanha o produto: &#8211; Cano 30cm &#8211; 3 conectores Zagonel &#8211; Fita veda rosca 110V &#8211; 5500W Vantagens e Diferencial: \u00d3tima vaz\u00e3o d&#8217;\u00e1gua para o seu banho Regulagem de temperatura \u00e0 dist\u00e2ncia Acionamento com baixa press\u00e3o d&#8217;\u00e1gua [&hellip;]<\/p>","protected":false},"featured_media":2254,"comment_status":"closed","ping_status":"closed","template":"","meta":[],"product_brand":[],"product_cat":[24],"product_tag":[],"class_list":{"0":"post-2253","1":"product","2":"type-product","3":"status-publish","4":"has-post-thumbnail","6":"product_cat-duchas-chuveiros","8":"first","9":"instock","10":"shipping-taxable","11":"purchasable","12":"product-type-simple"},"_links":{"self":[{"href":"https:\/\/www.acquavici.com.br\/en\/wp-json\/wp\/v2\/product\/2253","targetHints":{"allow":["GET"]}}],"collection":[{"href":"https:\/\/www.acquavici.com.br\/en\/wp-json\/wp\/v2\/product"}],"about":[{"href":"https:\/\/www.acquavici.com.br\/en\/wp-json\/wp\/v2\/types\/product"}],"replies":[{"embeddable":true,"href":"https:\/\/www.acquavici.com.br\/en\/wp-json\/wp\/v2\/comments?post=2253"}],"wp:featuredmedia":[{"embeddable":true,"href":"https:\/\/www.acquavici.com.br\/en\/wp-json\/wp\/v2\/media\/2254"}],"wp:attachment":[{"href":"https:\/\/www.acquavici.com.br\/en\/wp-json\/wp\/v2\/media?parent=2253"}],"wp:term":[{"taxonomy":"product_brand","embeddable":true,"href":"https:\/\/www.acquavici.com.br\/en\/wp-json\/wp\/v2\/product_brand?post=2253"},{"taxonomy":"product_cat","embeddable":true,"href":"https:\/\/www.acquavici.com.br\/en\/wp-json\/wp\/v2\/product_cat?post=2253"},{"taxonomy":"product_tag","embeddable":true,"href":"https:\/\/www.acquavici.com.br\/en\/wp-json\/wp\/v2\/product_tag?post=2253"}],"curies":[{"name":"wp","href":"https:\/\/api.w.org\/{rel}","templated":true}]}}