{"id":2264,"date":"2024-07-31T16:42:43","date_gmt":"2024-07-31T19:42:43","guid":{"rendered":"https:\/\/www.acquavici.com.br\/?post_type=product&#038;p=2264"},"modified":"2024-08-02T10:49:02","modified_gmt":"2024-08-02T13:49:02","slug":"refil-para-filtro-acqua-due-purificador-lorenzetti-rd-01","status":"publish","type":"product","link":"https:\/\/www.acquavici.com.br\/en\/refil-para-filtro-acqua-due-purificador-lorenzetti-rd-01\/","title":{"rendered":"REFIL PARA FILTRO ACQUA DUE PURIFICADOR LORENZETTI RD-01"},"content":{"rendered":"<p>Refil Para Filtro Acqua Due Purificador Lorenzetti RD-01<\/p>\n<p>O refil Acqua Due proporciona um eficiente processo de purifica\u00e7\u00e3o com 3 etapas. O Refil \u00e9 respons\u00e1vel por reter part\u00edculas presentes na \u00e1gua, eliminar o excesso de cloro, gostos e odores desagrad\u00e1veis da \u00e1gua e evitar a prolifera\u00e7\u00e3o de bact\u00e9rias.<br \/>\nA troca do refil \u00e9 f\u00e1cil e n\u00e3o requer a presen\u00e7a de um t\u00e9cnico.<br \/>\nBasta seguir as indica\u00e7\u00f5es do manual do refil.<\/p>\n<p>Itens inclusos:<br \/>\n1 Refil Para Filtro Acqua Due Purificador Lorenzetti RD-01<br \/>\n1 Manual de Instru\u00e7\u00f5es;<\/p>\n<p>ATEN\u00c7\u00c3O<br \/>\nEnviado com Nota Fiscal.<\/p>\n<p>SOMOS ASSIST\u00caNCIA T\u00c9CNICA AUTORIZADA LORENZETTI.<\/p>","protected":false},"excerpt":{"rendered":"<p>Refil Para Filtro Acqua Due Purificador Lorenzetti RD-01 O refil Acqua Due proporciona um eficiente processo de purifica\u00e7\u00e3o com 3 etapas. O Refil \u00e9 respons\u00e1vel por reter part\u00edculas presentes na \u00e1gua, eliminar o excesso de cloro, gostos e odores desagrad\u00e1veis da \u00e1gua e evitar a prolifera\u00e7\u00e3o de bact\u00e9rias. A troca do refil \u00e9 f\u00e1cil e [&hellip;]<\/p>","protected":false},"featured_media":2266,"comment_status":"closed","ping_status":"closed","template":"","meta":[],"product_brand":[],"product_cat":[19],"product_tag":[],"class_list":{"0":"post-2264","1":"product","2":"type-product","3":"status-publish","4":"has-post-thumbnail","6":"product_cat-torneiras","8":"first","9":"instock","10":"shipping-taxable","11":"purchasable","12":"product-type-simple"},"_links":{"self":[{"href":"https:\/\/www.acquavici.com.br\/en\/wp-json\/wp\/v2\/product\/2264","targetHints":{"allow":["GET"]}}],"collection":[{"href":"https:\/\/www.acquavici.com.br\/en\/wp-json\/wp\/v2\/product"}],"about":[{"href":"https:\/\/www.acquavici.com.br\/en\/wp-json\/wp\/v2\/types\/product"}],"replies":[{"embeddable":true,"href":"https:\/\/www.acquavici.com.br\/en\/wp-json\/wp\/v2\/comments?post=2264"}],"wp:featuredmedia":[{"embeddable":true,"href":"https:\/\/www.acquavici.com.br\/en\/wp-json\/wp\/v2\/media\/2266"}],"wp:attachment":[{"href":"https:\/\/www.acquavici.com.br\/en\/wp-json\/wp\/v2\/media?parent=2264"}],"wp:term":[{"taxonomy":"product_brand","embeddable":true,"href":"https:\/\/www.acquavici.com.br\/en\/wp-json\/wp\/v2\/product_brand?post=2264"},{"taxonomy":"product_cat","embeddable":true,"href":"https:\/\/www.acquavici.com.br\/en\/wp-json\/wp\/v2\/product_cat?post=2264"},{"taxonomy":"product_tag","embeddable":true,"href":"https:\/\/www.acquavici.com.br\/en\/wp-json\/wp\/v2\/product_tag?post=2264"}],"curies":[{"name":"wp","href":"https:\/\/api.w.org\/{rel}","templated":true}]}}