{"id":229,"date":"2024-04-17T10:47:57","date_gmt":"2024-04-17T13:47:57","guid":{"rendered":"https:\/\/www.acquavici.com.br\/?post_type=product&#038;p=229"},"modified":"2025-07-22T11:01:35","modified_gmt":"2025-07-22T14:01:35","slug":"ducha-digital-safira-bivolt-branca","status":"publish","type":"product","link":"https:\/\/www.acquavici.com.br\/en\/ducha-digital-safira-bivolt-branca\/","title":{"rendered":"Ducha Digital SAFIRA BIVOLT Branca"},"content":{"rendered":"<p>A Safira \u00e9 a primeira ducha bivolt do Brasil.<\/p>\n<p>Possui design diferenciado com LED em volta de seu espalhador e visor que permite ver a temperatura exata do seu banho atrav\u00e9s de um display digital, al\u00e9m de mostrar a quantidade de litros de \u00e1gua gastos atrav\u00e9s de um indicador, proporcionando um banho mais confort\u00e1vel e econ\u00f4mico.<\/p>\n<p>SISTEMA DIGITAL 100% de dom\u00ednio do aquecimento.<\/p>\n<p>F\u00c1CIL INSTALA\u00c7\u00c3O<br \/>\nDireto na parede com engate f\u00e1cil<\/p>","protected":false},"excerpt":{"rendered":"<p>A Safira \u00e9 a primeira ducha bivolt do Brasil. Possui design diferenciado com LED em volta de seu espalhador e visor que permite ver a temperatura exata do seu banho atrav\u00e9s de um display digital, al\u00e9m de mostrar a quantidade de litros de \u00e1gua gastos atrav\u00e9s de um indicador, proporcionando um banho mais confort\u00e1vel e [&hellip;]<\/p>","protected":false},"featured_media":301,"comment_status":"open","ping_status":"closed","template":"","meta":[],"product_brand":[],"product_cat":[24],"product_tag":[],"class_list":{"0":"post-229","1":"product","2":"type-product","3":"status-publish","4":"has-post-thumbnail","6":"product_cat-duchas-chuveiros","8":"first","9":"instock","10":"shipping-taxable","11":"purchasable","12":"product-type-simple"},"_links":{"self":[{"href":"https:\/\/www.acquavici.com.br\/en\/wp-json\/wp\/v2\/product\/229","targetHints":{"allow":["GET"]}}],"collection":[{"href":"https:\/\/www.acquavici.com.br\/en\/wp-json\/wp\/v2\/product"}],"about":[{"href":"https:\/\/www.acquavici.com.br\/en\/wp-json\/wp\/v2\/types\/product"}],"replies":[{"embeddable":true,"href":"https:\/\/www.acquavici.com.br\/en\/wp-json\/wp\/v2\/comments?post=229"}],"wp:featuredmedia":[{"embeddable":true,"href":"https:\/\/www.acquavici.com.br\/en\/wp-json\/wp\/v2\/media\/301"}],"wp:attachment":[{"href":"https:\/\/www.acquavici.com.br\/en\/wp-json\/wp\/v2\/media?parent=229"}],"wp:term":[{"taxonomy":"product_brand","embeddable":true,"href":"https:\/\/www.acquavici.com.br\/en\/wp-json\/wp\/v2\/product_brand?post=229"},{"taxonomy":"product_cat","embeddable":true,"href":"https:\/\/www.acquavici.com.br\/en\/wp-json\/wp\/v2\/product_cat?post=229"},{"taxonomy":"product_tag","embeddable":true,"href":"https:\/\/www.acquavici.com.br\/en\/wp-json\/wp\/v2\/product_tag?post=229"}],"curies":[{"name":"wp","href":"https:\/\/api.w.org\/{rel}","templated":true}]}}