{"id":2291,"date":"2024-08-13T15:03:24","date_gmt":"2024-08-13T18:03:24","guid":{"rendered":"https:\/\/www.acquavici.com.br\/?post_type=product&#038;p=2291"},"modified":"2024-08-13T15:07:44","modified_gmt":"2024-08-13T18:07:44","slug":"resistencia-loren-easy-220v-5500w-lorenzetti-3056p2","status":"publish","type":"product","link":"https:\/\/www.acquavici.com.br\/en\/resistencia-loren-easy-220v-5500w-lorenzetti-3056p2\/","title":{"rendered":"RESISTENCIA LOREN EASY 220V 5500W LORENZETTI 3056P2"},"content":{"rendered":"<p>RESISTENCIA LOREN EASY 220V 5500W LORENZETTI 3056P2<\/p>\n<p>Descri\u00e7\u00e3o do produto: Cada produto e desenvolvido com fia\u00e7\u00e3o interna para suportar uma determinada Voltagem e Potencia.<br \/>\nNunca coloque uma resist\u00eancia que tenha caracter\u00edsticas diferentes do padr\u00e3o desenvolvido para seu produto.<\/p>\n<p>Detalhes do produto:<br \/>\nC\u00f3digo de referencia: 3056P2<br \/>\nVoltagem: 220V<br \/>\nPotencia: 5500W<br \/>\nComponentes: Ligas de cobre e a\u00e7o.<\/p>\n<p>Modelos compat\u00edveis:<br \/>\nLoren Easy<\/p>\n<p>Aten\u00e7\u00e3o: Antes de efetuar a troca da resist\u00eancia, leia o manual de instru\u00e7\u00f5es, fornecido junto da resist\u00eancia nova e siga as recomenda\u00e7\u00f5es espec\u00edficas para o seu produto.<\/p>\n<p>Itens inclusos:<br \/>\n01 RESISTENCIA LOREN EASY 220V 5500W LORENZETTI 3056P2;<br \/>\n01 Manual de Instru\u00e7\u00f5es;<\/p>\n<p>ATEN\u00c7\u00c3O<br \/>\nEnviado com Nota Fiscal.<\/p>\n<p>SOMOS ASSIST\u00caNCIA T\u00c9CNICA AUTORIZADA LORENZETTI.<\/p>","protected":false},"excerpt":{"rendered":"<p>RESISTENCIA LOREN EASY 220V 5500W LORENZETTI 3056P2 Descri\u00e7\u00e3o do produto: Cada produto e desenvolvido com fia\u00e7\u00e3o interna para suportar uma determinada Voltagem e Potencia. Nunca coloque uma resist\u00eancia que tenha caracter\u00edsticas diferentes do padr\u00e3o desenvolvido para seu produto. Detalhes do produto: C\u00f3digo de referencia: 3056P2 Voltagem: 220V Potencia: 5500W Componentes: Ligas de cobre e a\u00e7o. [&hellip;]<\/p>","protected":false},"featured_media":2295,"comment_status":"closed","ping_status":"closed","template":"","meta":[],"product_brand":[],"product_cat":[19],"product_tag":[],"class_list":{"0":"post-2291","1":"product","2":"type-product","3":"status-publish","4":"has-post-thumbnail","6":"product_cat-torneiras","8":"first","9":"instock","10":"shipping-taxable","11":"purchasable","12":"product-type-simple"},"_links":{"self":[{"href":"https:\/\/www.acquavici.com.br\/en\/wp-json\/wp\/v2\/product\/2291","targetHints":{"allow":["GET"]}}],"collection":[{"href":"https:\/\/www.acquavici.com.br\/en\/wp-json\/wp\/v2\/product"}],"about":[{"href":"https:\/\/www.acquavici.com.br\/en\/wp-json\/wp\/v2\/types\/product"}],"replies":[{"embeddable":true,"href":"https:\/\/www.acquavici.com.br\/en\/wp-json\/wp\/v2\/comments?post=2291"}],"wp:featuredmedia":[{"embeddable":true,"href":"https:\/\/www.acquavici.com.br\/en\/wp-json\/wp\/v2\/media\/2295"}],"wp:attachment":[{"href":"https:\/\/www.acquavici.com.br\/en\/wp-json\/wp\/v2\/media?parent=2291"}],"wp:term":[{"taxonomy":"product_brand","embeddable":true,"href":"https:\/\/www.acquavici.com.br\/en\/wp-json\/wp\/v2\/product_brand?post=2291"},{"taxonomy":"product_cat","embeddable":true,"href":"https:\/\/www.acquavici.com.br\/en\/wp-json\/wp\/v2\/product_cat?post=2291"},{"taxonomy":"product_tag","embeddable":true,"href":"https:\/\/www.acquavici.com.br\/en\/wp-json\/wp\/v2\/product_tag?post=2291"}],"curies":[{"name":"wp","href":"https:\/\/api.w.org\/{rel}","templated":true}]}}