{"id":2297,"date":"2024-08-15T10:21:14","date_gmt":"2024-08-15T13:21:14","guid":{"rendered":"https:\/\/www.acquavici.com.br\/?post_type=product&#038;p=2297"},"modified":"2025-08-07T10:47:08","modified_gmt":"2025-08-07T13:47:08","slug":"suporte-do-controle-remoto-aliseu-bateria-cr2032","status":"publish","type":"product","link":"https:\/\/www.acquavici.com.br\/en\/suporte-do-controle-remoto-aliseu-bateria-cr2032\/","title":{"rendered":"Suporte Do Controle Remoto Aliseu + Bateria Cr2032"},"content":{"rendered":"<p>Suporte do controle remoto Aliseu + Bateria para o controle remoto<\/p>\n<p>Modelo bateria : CR2032<br \/>\nMarca : Aliseu<br \/>\nModelo : IC 55<\/p>\n<p>Aten\u00e7\u00e3o acess\u00f3rios n\u00e3o serve para a linha Aliseu ECO CONFORT.<\/p>\n<p>Itens inclusos:<br \/>\n1 Suporte Do Controle Remoto Aliseu;<br \/>\n1 Bateria CR2032;<\/p>\n<p>ATEN\u00c7\u00c3O<br \/>\nEnviado com Nota Fiscal.<\/p>\n<p>SOMOS ASSIST\u00caNCIA T\u00c9CNICA AUTORIZADA ALISEU.<\/p>","protected":false},"excerpt":{"rendered":"<p>Suporte do controle remoto Aliseu + Bateria para o controle remoto Modelo bateria : CR2032 Marca : Aliseu Modelo : IC 55 Aten\u00e7\u00e3o acess\u00f3rios n\u00e3o serve para a linha Aliseu ECO CONFORT. Itens inclusos: 1 Suporte Do Controle Remoto Aliseu; 1 Bateria CR2032; ATEN\u00c7\u00c3O Enviado com Nota Fiscal. SOMOS ASSIST\u00caNCIA T\u00c9CNICA AUTORIZADA ALISEU.<\/p>","protected":false},"featured_media":2300,"comment_status":"closed","ping_status":"closed","template":"","meta":[],"product_brand":[],"product_cat":[17],"product_tag":[],"class_list":{"0":"post-2297","1":"product","2":"type-product","3":"status-publish","4":"has-post-thumbnail","6":"product_cat-pecas-em-geral","8":"first","9":"instock","10":"shipping-taxable","11":"purchasable","12":"product-type-simple"},"_links":{"self":[{"href":"https:\/\/www.acquavici.com.br\/en\/wp-json\/wp\/v2\/product\/2297","targetHints":{"allow":["GET"]}}],"collection":[{"href":"https:\/\/www.acquavici.com.br\/en\/wp-json\/wp\/v2\/product"}],"about":[{"href":"https:\/\/www.acquavici.com.br\/en\/wp-json\/wp\/v2\/types\/product"}],"replies":[{"embeddable":true,"href":"https:\/\/www.acquavici.com.br\/en\/wp-json\/wp\/v2\/comments?post=2297"}],"wp:featuredmedia":[{"embeddable":true,"href":"https:\/\/www.acquavici.com.br\/en\/wp-json\/wp\/v2\/media\/2300"}],"wp:attachment":[{"href":"https:\/\/www.acquavici.com.br\/en\/wp-json\/wp\/v2\/media?parent=2297"}],"wp:term":[{"taxonomy":"product_brand","embeddable":true,"href":"https:\/\/www.acquavici.com.br\/en\/wp-json\/wp\/v2\/product_brand?post=2297"},{"taxonomy":"product_cat","embeddable":true,"href":"https:\/\/www.acquavici.com.br\/en\/wp-json\/wp\/v2\/product_cat?post=2297"},{"taxonomy":"product_tag","embeddable":true,"href":"https:\/\/www.acquavici.com.br\/en\/wp-json\/wp\/v2\/product_tag?post=2297"}],"curies":[{"name":"wp","href":"https:\/\/api.w.org\/{rel}","templated":true}]}}