{"id":231,"date":"2024-04-17T10:47:57","date_gmt":"2024-04-17T13:47:57","guid":{"rendered":"https:\/\/www.acquavici.com.br\/?post_type=product&#038;p=231"},"modified":"2024-04-17T10:48:51","modified_gmt":"2024-04-17T13:48:51","slug":"chuveiro-digital-polo-hybrid-220v-770w-preta","status":"publish","type":"product","link":"https:\/\/www.acquavici.com.br\/en\/chuveiro-digital-polo-hybrid-220v-770w-preta\/","title":{"rendered":"Chuveiro Digital POLO HYBRID 220V 770W Preta"},"content":{"rendered":"<p>Seu visor digital permite o controle da temperatura exata e deixa o banho muito mais gostoso. Possui sistema de controle de temperatura eletr\u00f4nico que permite alterar a temperatura de forma gradual e dispensa o desligamento da ducha para a troca da temperatura.<\/p>\n<p>SISTEMA DIGITAL:\u00a0Pela haste que fica ao alcance das m\u00e3os, voc\u00ea tem 100% de dom\u00ednio do aquecimento e encontra gradualmente v\u00e1rias op\u00e7\u00f5es para a temperatura ideal da \u00e1gua, que \u00e9 informada pelo visor digital, proporcionando um banho com muito mais conforto, economia e seguran\u00e7a.<\/p>\n<p>BANHO OMBRO A OMBRO:\u00a0O formato do espalhador da ducha Polo Plus permite que a \u00e1gua caia sobre todo o seu corpo, cobrindo a extens\u00e3o de um ombro ao outro, deixando o banho muito mais gostoso<\/p>","protected":false},"excerpt":{"rendered":"<p>Seu visor digital permite o controle da temperatura exata e deixa o banho muito mais gostoso. Possui sistema de controle de temperatura eletr\u00f4nico que permite alterar a temperatura de forma gradual e dispensa o desligamento da ducha para a troca da temperatura. SISTEMA DIGITAL:\u00a0Pela haste que fica ao alcance das m\u00e3os, voc\u00ea tem 100% de [&hellip;]<\/p>","protected":false},"featured_media":307,"comment_status":"open","ping_status":"closed","template":"","meta":[],"product_brand":[],"product_cat":[24],"product_tag":[],"class_list":{"0":"post-231","1":"product","2":"type-product","3":"status-publish","4":"has-post-thumbnail","6":"product_cat-duchas-chuveiros","8":"first","9":"instock","10":"shipping-taxable","11":"purchasable","12":"product-type-simple"},"_links":{"self":[{"href":"https:\/\/www.acquavici.com.br\/en\/wp-json\/wp\/v2\/product\/231","targetHints":{"allow":["GET"]}}],"collection":[{"href":"https:\/\/www.acquavici.com.br\/en\/wp-json\/wp\/v2\/product"}],"about":[{"href":"https:\/\/www.acquavici.com.br\/en\/wp-json\/wp\/v2\/types\/product"}],"replies":[{"embeddable":true,"href":"https:\/\/www.acquavici.com.br\/en\/wp-json\/wp\/v2\/comments?post=231"}],"wp:featuredmedia":[{"embeddable":true,"href":"https:\/\/www.acquavici.com.br\/en\/wp-json\/wp\/v2\/media\/307"}],"wp:attachment":[{"href":"https:\/\/www.acquavici.com.br\/en\/wp-json\/wp\/v2\/media?parent=231"}],"wp:term":[{"taxonomy":"product_brand","embeddable":true,"href":"https:\/\/www.acquavici.com.br\/en\/wp-json\/wp\/v2\/product_brand?post=231"},{"taxonomy":"product_cat","embeddable":true,"href":"https:\/\/www.acquavici.com.br\/en\/wp-json\/wp\/v2\/product_cat?post=231"},{"taxonomy":"product_tag","embeddable":true,"href":"https:\/\/www.acquavici.com.br\/en\/wp-json\/wp\/v2\/product_tag?post=231"}],"curies":[{"name":"wp","href":"https:\/\/api.w.org\/{rel}","templated":true}]}}