{"id":2322,"date":"2024-10-28T13:41:05","date_gmt":"2024-10-28T16:41:05","guid":{"rendered":"https:\/\/www.acquavici.com.br\/?post_type=product&#038;p=2322"},"modified":"2024-10-28T14:19:07","modified_gmt":"2024-10-28T17:19:07","slug":"globo-pera-plastico-para-ventilador-de-teto-aliseu-iceberg","status":"publish","type":"product","link":"https:\/\/www.acquavici.com.br\/en\/globo-pera-plastico-para-ventilador-de-teto-aliseu-iceberg\/","title":{"rendered":"Globo Pera Pl\u00e1stico Para Ventilador De Teto Aliseu Iceberg"},"content":{"rendered":"<p>Globo Pera Pl\u00e1stico Para Ventilador De Teto Aliseu Iceberg<\/p>\n<p>****ATEN\u00c7\u00c3O AO ANUNCIO, \u00c9 SOMENTO O GLOBO DE PL\u00c1STICO****<\/p>\n<p>O globo \u00e9 original da fabrica, consulte nos, temos mais op\u00e7\u00e3o de pe\u00e7as para reposi\u00e7\u00f5es do ventilador marca ALISEU.<\/p>\n<p>Formato: Pera<br \/>\nMedida da boca: 10cm<br \/>\nTamb\u00e9m compat\u00edvel com as seguintes marcas: Arge e Venti-delta<\/p>\n<p>Itens inclusos:<br \/>\n1 Globo Pera Pl\u00e1stico Para Ventilador De Teto Aliseu Iceberg;<\/p>\n<p>ATEN\u00c7\u00c3O<br \/>\nEnviado com Nota Fiscal.<\/p>\n<p>SOMOS ASSIST\u00caNCIA T\u00c9CNICA AUTORIZADA ALISEU.;<\/p>","protected":false},"excerpt":{"rendered":"<p>Globo Pera Pl\u00e1stico Para Ventilador De Teto Aliseu Iceberg ****ATEN\u00c7\u00c3O AO ANUNCIO, \u00c9 SOMENTO O GLOBO DE PL\u00c1STICO**** O globo \u00e9 original da fabrica, consulte nos, temos mais op\u00e7\u00e3o de pe\u00e7as para reposi\u00e7\u00f5es do ventilador marca ALISEU. Formato: Pera Medida da boca: 10cm Tamb\u00e9m compat\u00edvel com as seguintes marcas: Arge e Venti-delta Itens inclusos: 1 [&hellip;]<\/p>","protected":false},"featured_media":2323,"comment_status":"closed","ping_status":"closed","template":"","meta":[],"product_brand":[],"product_cat":[20],"product_tag":[],"class_list":{"0":"post-2322","1":"product","2":"type-product","3":"status-publish","4":"has-post-thumbnail","6":"product_cat-ventilador-de-teto","8":"first","9":"instock","10":"shipping-taxable","11":"purchasable","12":"product-type-simple"},"_links":{"self":[{"href":"https:\/\/www.acquavici.com.br\/en\/wp-json\/wp\/v2\/product\/2322","targetHints":{"allow":["GET"]}}],"collection":[{"href":"https:\/\/www.acquavici.com.br\/en\/wp-json\/wp\/v2\/product"}],"about":[{"href":"https:\/\/www.acquavici.com.br\/en\/wp-json\/wp\/v2\/types\/product"}],"replies":[{"embeddable":true,"href":"https:\/\/www.acquavici.com.br\/en\/wp-json\/wp\/v2\/comments?post=2322"}],"wp:featuredmedia":[{"embeddable":true,"href":"https:\/\/www.acquavici.com.br\/en\/wp-json\/wp\/v2\/media\/2323"}],"wp:attachment":[{"href":"https:\/\/www.acquavici.com.br\/en\/wp-json\/wp\/v2\/media?parent=2322"}],"wp:term":[{"taxonomy":"product_brand","embeddable":true,"href":"https:\/\/www.acquavici.com.br\/en\/wp-json\/wp\/v2\/product_brand?post=2322"},{"taxonomy":"product_cat","embeddable":true,"href":"https:\/\/www.acquavici.com.br\/en\/wp-json\/wp\/v2\/product_cat?post=2322"},{"taxonomy":"product_tag","embeddable":true,"href":"https:\/\/www.acquavici.com.br\/en\/wp-json\/wp\/v2\/product_tag?post=2322"}],"curies":[{"name":"wp","href":"https:\/\/api.w.org\/{rel}","templated":true}]}}