{"id":2324,"date":"2024-10-28T14:13:12","date_gmt":"2024-10-28T17:13:12","guid":{"rendered":"https:\/\/www.acquavici.com.br\/?post_type=product&#038;p=2324"},"modified":"2024-10-28T14:36:38","modified_gmt":"2024-10-28T17:36:38","slug":"globo-plastico-para-ventilador-de-teto-aliseu-duo-double","status":"publish","type":"product","link":"https:\/\/www.acquavici.com.br\/en\/globo-plastico-para-ventilador-de-teto-aliseu-duo-double\/","title":{"rendered":"Globo Pl\u00e1stico Para Ventilador De Teto Aliseu Duo Double"},"content":{"rendered":"<p>****ATEN\u00c7\u00c3O AO ANUNCIO, \u00c9 SOMENTO O GLOBO DE PL\u00c1STICO *****<\/p>\n<p>O globo \u00e9 original da fabrica, consulte nos, temos mais op\u00e7\u00e3o de pe\u00e7as para reposi\u00e7\u00f5es do ventilador marca ALISEU.<\/p>\n<p>Di\u00e2metro: 24cm ( Boca \/ Encaixe )<br \/>\nCor: Branco Leitoso<\/p>\n<p>Itens inclusos:<br \/>\n1 Globo Pl\u00e1stico Para Ventilador De Teto Aliseu Duo Double;<\/p>\n<p>ATEN\u00c7\u00c3O<br \/>\nEnviado com Nota Fiscal.<\/p>\n<p>SOMOS ASSIST\u00caNCIA T\u00c9CNICA AUTORIZADA ALISEU.;<\/p>","protected":false},"excerpt":{"rendered":"<p>****ATEN\u00c7\u00c3O AO ANUNCIO, \u00c9 SOMENTO O GLOBO DE PL\u00c1STICO ***** O globo \u00e9 original da fabrica, consulte nos, temos mais op\u00e7\u00e3o de pe\u00e7as para reposi\u00e7\u00f5es do ventilador marca ALISEU. Di\u00e2metro: 24cm ( Boca \/ Encaixe ) Cor: Branco Leitoso Itens inclusos: 1 Globo Pl\u00e1stico Para Ventilador De Teto Aliseu Duo Double; ATEN\u00c7\u00c3O Enviado com Nota [&hellip;]<\/p>","protected":false},"featured_media":2327,"comment_status":"closed","ping_status":"closed","template":"","meta":[],"product_brand":[],"product_cat":[20],"product_tag":[],"class_list":{"0":"post-2324","1":"product","2":"type-product","3":"status-publish","4":"has-post-thumbnail","6":"product_cat-ventilador-de-teto","8":"first","9":"instock","10":"shipping-taxable","11":"purchasable","12":"product-type-simple"},"_links":{"self":[{"href":"https:\/\/www.acquavici.com.br\/en\/wp-json\/wp\/v2\/product\/2324","targetHints":{"allow":["GET"]}}],"collection":[{"href":"https:\/\/www.acquavici.com.br\/en\/wp-json\/wp\/v2\/product"}],"about":[{"href":"https:\/\/www.acquavici.com.br\/en\/wp-json\/wp\/v2\/types\/product"}],"replies":[{"embeddable":true,"href":"https:\/\/www.acquavici.com.br\/en\/wp-json\/wp\/v2\/comments?post=2324"}],"wp:featuredmedia":[{"embeddable":true,"href":"https:\/\/www.acquavici.com.br\/en\/wp-json\/wp\/v2\/media\/2327"}],"wp:attachment":[{"href":"https:\/\/www.acquavici.com.br\/en\/wp-json\/wp\/v2\/media?parent=2324"}],"wp:term":[{"taxonomy":"product_brand","embeddable":true,"href":"https:\/\/www.acquavici.com.br\/en\/wp-json\/wp\/v2\/product_brand?post=2324"},{"taxonomy":"product_cat","embeddable":true,"href":"https:\/\/www.acquavici.com.br\/en\/wp-json\/wp\/v2\/product_cat?post=2324"},{"taxonomy":"product_tag","embeddable":true,"href":"https:\/\/www.acquavici.com.br\/en\/wp-json\/wp\/v2\/product_tag?post=2324"}],"curies":[{"name":"wp","href":"https:\/\/api.w.org\/{rel}","templated":true}]}}