{"id":2334,"date":"2024-10-28T16:35:20","date_gmt":"2024-10-28T19:35:20","guid":{"rendered":"https:\/\/www.acquavici.com.br\/?post_type=product&#038;p=2334"},"modified":"2025-08-08T08:09:25","modified_gmt":"2025-08-08T11:09:25","slug":"lustre-globo-ventilador-de-teto-aliseu-aliseu","status":"publish","type":"product","link":"https:\/\/www.acquavici.com.br\/en\/lustre-globo-ventilador-de-teto-aliseu-aliseu\/","title":{"rendered":"Lustre Globo Ventilador De Teto Aliseu Aliseu"},"content":{"rendered":"<p>Globo De Vidro Br Leitoso Ventilador Teto Aliseu Tradicional<\/p>\n<p>****ATEN\u00c7\u00c3O AO ANUNCIO, \u00c9 SOMENTO O GLOBO DE PL\u00c1STICO****<\/p>\n<p>O globo \u00e9 original da fabrica, consulte nos, temos mais op\u00e7\u00e3o de pe\u00e7as para reposi\u00e7\u00f5es do ventilador marca ALISEU.<\/p>\n<p>Marca : Aliseu<br \/>\nModelo : Aliseu<\/p>\n<p>Itens inclusos:<br \/>\n1 Globo De Vidro Br Leitoso Ventilador Teto Aliseu Tradicional;<\/p>\n<p>ATEN\u00c7\u00c3O<br \/>\nEnviado com Nota Fiscal.<\/p>\n<p>SOMOS ASSIST\u00caNCIA T\u00c9CNICA AUTORIZADA ALISEU.;<\/p>","protected":false},"excerpt":{"rendered":"<p>Globo De Vidro Br Leitoso Ventilador Teto Aliseu Tradicional ****ATEN\u00c7\u00c3O AO ANUNCIO, \u00c9 SOMENTO O GLOBO DE PL\u00c1STICO**** O globo \u00e9 original da fabrica, consulte nos, temos mais op\u00e7\u00e3o de pe\u00e7as para reposi\u00e7\u00f5es do ventilador marca ALISEU. Marca : Aliseu Modelo : Aliseu Itens inclusos: 1 Globo De Vidro Br Leitoso Ventilador Teto Aliseu Tradicional; [&hellip;]<\/p>","protected":false},"featured_media":2336,"comment_status":"closed","ping_status":"closed","template":"","meta":[],"product_brand":[],"product_cat":[20],"product_tag":[],"class_list":{"0":"post-2334","1":"product","2":"type-product","3":"status-publish","4":"has-post-thumbnail","6":"product_cat-ventilador-de-teto","8":"first","9":"instock","10":"shipping-taxable","11":"purchasable","12":"product-type-simple"},"_links":{"self":[{"href":"https:\/\/www.acquavici.com.br\/en\/wp-json\/wp\/v2\/product\/2334","targetHints":{"allow":["GET"]}}],"collection":[{"href":"https:\/\/www.acquavici.com.br\/en\/wp-json\/wp\/v2\/product"}],"about":[{"href":"https:\/\/www.acquavici.com.br\/en\/wp-json\/wp\/v2\/types\/product"}],"replies":[{"embeddable":true,"href":"https:\/\/www.acquavici.com.br\/en\/wp-json\/wp\/v2\/comments?post=2334"}],"wp:featuredmedia":[{"embeddable":true,"href":"https:\/\/www.acquavici.com.br\/en\/wp-json\/wp\/v2\/media\/2336"}],"wp:attachment":[{"href":"https:\/\/www.acquavici.com.br\/en\/wp-json\/wp\/v2\/media?parent=2334"}],"wp:term":[{"taxonomy":"product_brand","embeddable":true,"href":"https:\/\/www.acquavici.com.br\/en\/wp-json\/wp\/v2\/product_brand?post=2334"},{"taxonomy":"product_cat","embeddable":true,"href":"https:\/\/www.acquavici.com.br\/en\/wp-json\/wp\/v2\/product_cat?post=2334"},{"taxonomy":"product_tag","embeddable":true,"href":"https:\/\/www.acquavici.com.br\/en\/wp-json\/wp\/v2\/product_tag?post=2334"}],"curies":[{"name":"wp","href":"https:\/\/api.w.org\/{rel}","templated":true}]}}