{"id":2342,"date":"2025-02-13T14:39:57","date_gmt":"2025-02-13T17:39:57","guid":{"rendered":"https:\/\/www.acquavici.com.br\/?post_type=product&#038;p=2342"},"modified":"2025-02-13T14:39:57","modified_gmt":"2025-02-13T17:39:57","slug":"diafragma-duchas-cardal-pr694","status":"publish","type":"product","link":"https:\/\/www.acquavici.com.br\/en\/diafragma-duchas-cardal-pr694\/","title":{"rendered":"Diafragma Duchas Cardal Pr694"},"content":{"rendered":"<p>DIAFRAGMA DUCHAS CARDAL PR694<\/p>\n<p>a pe\u00e7a pode ser da cor CINZA OU BRANCA, CONFORME ESTOQUE DO FABRICANTE.<\/p>\n<p>DI\u00c2METRO DE 47MM<br \/>\nDI\u00c2METRO DO FURO DE ENCAIXE DE 47MM POR 10 MM DE ALTURA DE ENCAIXE<\/p>\n<p>DI\u00c2METRO DO RETENTOR &#8212; DI\u00c2METRO MAIOR DO RETENTOR 50MM POR 09 MM DE ALTURA DO DIAFRAGMA ENTRA SOBRE PRESS\u00c3O.<br \/>\nPE\u00c7A PODE SER DE COR BRANCA OU CINZA, SEM DIFEREN\u00c7A DE SUAS PROPRIEDADES MEC\u00c2NICAS.<\/p>\n<p>SERVE NOS SEGUINTES PRODUTOS: TODOS MODERNOS<br \/>\nDUCHA CLASSICA<br \/>\nDUCHA FLORENZA<br \/>\nDUCHA POTENZA<br \/>\nDUCHA ELETR\u00d4NICA<br \/>\nDUCHA 5 TEMPERATURAS<br \/>\nDUCHA SUPER LUXO<br \/>\nDUCHA 5 TEMPERATURAS<br \/>\nAQUECEDOR HIDRO E SUPER HIDRO MODERNOS<br \/>\nTORNEIRA CLASSICA<\/p>\n<p>Itens inclusos:<br \/>\n1 Diafragma Duchas Cardal PPR694;<\/p>\n<p>ATEN\u00c7\u00c3O<br \/>\nEnviado com Nota Fiscal<\/p>\n<p>SOMOS ASSIST\u00caNCIA T\u00c9CNICA AUTORIZADA CARDAL.<\/p>","protected":false},"excerpt":{"rendered":"<p>DIAFRAGMA DUCHAS CARDAL PR694 a pe\u00e7a pode ser da cor CINZA OU BRANCA, CONFORME ESTOQUE DO FABRICANTE. DI\u00c2METRO DE 47MM DI\u00c2METRO DO FURO DE ENCAIXE DE 47MM POR 10 MM DE ALTURA DE ENCAIXE DI\u00c2METRO DO RETENTOR &#8212; DI\u00c2METRO MAIOR DO RETENTOR 50MM POR 09 MM DE ALTURA DO DIAFRAGMA ENTRA SOBRE PRESS\u00c3O. PE\u00c7A PODE [&hellip;]<\/p>","protected":false},"featured_media":2344,"comment_status":"closed","ping_status":"closed","template":"","meta":[],"product_brand":[],"product_cat":[21],"product_tag":[],"class_list":{"0":"post-2342","1":"product","2":"type-product","3":"status-publish","4":"has-post-thumbnail","6":"product_cat-aquecedor-eletrico","8":"first","9":"instock","10":"shipping-taxable","11":"purchasable","12":"product-type-simple"},"_links":{"self":[{"href":"https:\/\/www.acquavici.com.br\/en\/wp-json\/wp\/v2\/product\/2342","targetHints":{"allow":["GET"]}}],"collection":[{"href":"https:\/\/www.acquavici.com.br\/en\/wp-json\/wp\/v2\/product"}],"about":[{"href":"https:\/\/www.acquavici.com.br\/en\/wp-json\/wp\/v2\/types\/product"}],"replies":[{"embeddable":true,"href":"https:\/\/www.acquavici.com.br\/en\/wp-json\/wp\/v2\/comments?post=2342"}],"wp:featuredmedia":[{"embeddable":true,"href":"https:\/\/www.acquavici.com.br\/en\/wp-json\/wp\/v2\/media\/2344"}],"wp:attachment":[{"href":"https:\/\/www.acquavici.com.br\/en\/wp-json\/wp\/v2\/media?parent=2342"}],"wp:term":[{"taxonomy":"product_brand","embeddable":true,"href":"https:\/\/www.acquavici.com.br\/en\/wp-json\/wp\/v2\/product_brand?post=2342"},{"taxonomy":"product_cat","embeddable":true,"href":"https:\/\/www.acquavici.com.br\/en\/wp-json\/wp\/v2\/product_cat?post=2342"},{"taxonomy":"product_tag","embeddable":true,"href":"https:\/\/www.acquavici.com.br\/en\/wp-json\/wp\/v2\/product_tag?post=2342"}],"curies":[{"name":"wp","href":"https:\/\/api.w.org\/{rel}","templated":true}]}}