{"id":2346,"date":"2025-02-14T11:27:51","date_gmt":"2025-02-14T14:27:51","guid":{"rendered":"https:\/\/www.acquavici.com.br\/?post_type=product&#038;p=2346"},"modified":"2025-02-14T11:27:51","modified_gmt":"2025-02-14T14:27:51","slug":"plafon-suporte-do-globo-cupula-de-vidro-da-luminaria-ventilador-aliseu-inspire-nano","status":"publish","type":"product","link":"https:\/\/www.acquavici.com.br\/en\/plafon-suporte-do-globo-cupula-de-vidro-da-luminaria-ventilador-aliseu-inspire-nano\/","title":{"rendered":"PLAFON SUPORTE DO GLOBO C\u00daPULA DE VIDRO DA LUMIN\u00c1RIA VENTILADOR ALISEU INSPIRE NANO"},"content":{"rendered":"<p>PLAFON SUPORTE DO GLOBO C\u00daPULA DE VIDRO DA LUMIN\u00c1RIA VENTILADOR ALISEU INSPIRE NANO &#8211; METAL COR BRANCA &#8211; C\/02 SOQ.+NIPEL DE FIXA\u00c7\u00c3O<\/p>\n<p>PLAFON SUPORTE DO GLOBO C\u00daPULA DE VIDRO DA LUMIN\u00c1RIA VENTILADOR ALISEU<br \/>\n&#8211; P\/MODELO INSPIRE NANO<br \/>\n&#8211; METAL COR BRANCA<br \/>\n&#8211; MONTADO C\/02 SOQUETES + NIPEL DE FIXA\u00c7\u00c3O<\/p>\n<p>Itens inclusos:<br \/>\n1 PLAFON SUPORTE DO GLOBO C\u00daPULA DE VIDRO DA LUMIN\u00c1RIA VENTILADOR ALISEU INSPIRE NANO;<\/p>\n<p>ATEN\u00c7\u00c3O<br \/>\nEnviado com Nota Fiscal.<\/p>\n<p>SOMOS ASSIST\u00caNCIA T\u00c9CNICA AUTORIZADA ALISEU.;<\/p>","protected":false},"excerpt":{"rendered":"<p>PLAFON SUPORTE DO GLOBO C\u00daPULA DE VIDRO DA LUMIN\u00c1RIA VENTILADOR ALISEU INSPIRE NANO &#8211; METAL COR BRANCA &#8211; C\/02 SOQ.+NIPEL DE FIXA\u00c7\u00c3O PLAFON SUPORTE DO GLOBO C\u00daPULA DE VIDRO DA LUMIN\u00c1RIA VENTILADOR ALISEU &#8211; P\/MODELO INSPIRE NANO &#8211; METAL COR BRANCA &#8211; MONTADO C\/02 SOQUETES + NIPEL DE FIXA\u00c7\u00c3O Itens inclusos: 1 PLAFON SUPORTE DO [&hellip;]<\/p>","protected":false},"featured_media":2349,"comment_status":"closed","ping_status":"closed","template":"","meta":[],"product_brand":[],"product_cat":[20],"product_tag":[],"class_list":{"0":"post-2346","1":"product","2":"type-product","3":"status-publish","4":"has-post-thumbnail","6":"product_cat-ventilador-de-teto","8":"first","9":"instock","10":"shipping-taxable","11":"purchasable","12":"product-type-simple"},"_links":{"self":[{"href":"https:\/\/www.acquavici.com.br\/en\/wp-json\/wp\/v2\/product\/2346","targetHints":{"allow":["GET"]}}],"collection":[{"href":"https:\/\/www.acquavici.com.br\/en\/wp-json\/wp\/v2\/product"}],"about":[{"href":"https:\/\/www.acquavici.com.br\/en\/wp-json\/wp\/v2\/types\/product"}],"replies":[{"embeddable":true,"href":"https:\/\/www.acquavici.com.br\/en\/wp-json\/wp\/v2\/comments?post=2346"}],"wp:featuredmedia":[{"embeddable":true,"href":"https:\/\/www.acquavici.com.br\/en\/wp-json\/wp\/v2\/media\/2349"}],"wp:attachment":[{"href":"https:\/\/www.acquavici.com.br\/en\/wp-json\/wp\/v2\/media?parent=2346"}],"wp:term":[{"taxonomy":"product_brand","embeddable":true,"href":"https:\/\/www.acquavici.com.br\/en\/wp-json\/wp\/v2\/product_brand?post=2346"},{"taxonomy":"product_cat","embeddable":true,"href":"https:\/\/www.acquavici.com.br\/en\/wp-json\/wp\/v2\/product_cat?post=2346"},{"taxonomy":"product_tag","embeddable":true,"href":"https:\/\/www.acquavici.com.br\/en\/wp-json\/wp\/v2\/product_tag?post=2346"}],"curies":[{"name":"wp","href":"https:\/\/api.w.org\/{rel}","templated":true}]}}